{"id":57,"date":"2022-07-21T18:45:07","date_gmt":"2022-07-21T16:45:07","guid":{"rendered":"https:\/\/www.vhsag.ch\/zofingen\/volkshochschule-spreitenbach\/mitglied-werden\/"},"modified":"2025-12-11T17:04:15","modified_gmt":"2025-12-11T16:04:15","slug":"mitglied-werden","status":"publish","type":"page","link":"https:\/\/www.vhsag.ch\/zofingen\/ueber-uns\/mitglied-werden\/","title":{"rendered":"Mitglied werden"},"content":{"rendered":"\n<hr class=\"wp-block-separator has-alpha-channel-opacity is-style-wide\"\/>\n\n\n\n<h4 class=\"wp-block-heading\"><br>Werden Sie&nbsp;<strong>Mitglied<\/strong>&nbsp;der VHS Region Zofingen!<br>Sie sparen bei allen Veranstaltungen und Exkursionen!<br><\/h4>\n\n\n\n<p><\/p>\n\n\n\n<p>Die VHS Region Zofingen bietet Ihnen j\u00e4hrlich \u00fcber 20 Anl\u00e4sse zu aktuellen Themen an. Als gemeinn\u00fctziger Verein k\u00f6nnen unseren aktiven Vorstandsmitgliedern dank Ihnen als Vereinsmitglied diese unabh\u00e4ngige und breitgef\u00e4cherte Erwachsenbildung zu g\u00fcnstigen Konditionen erm\u00f6glichen.<\/p>\n\n\n\n<p><strong>Werden auch Sie Mitglied der VHS Region Zofingen.<\/strong> Unterst\u00fctzen Sie die gemeinn\u00fctzige Volksbildung und profitieren Sie dabei von vielen Vorteilen.<br><br><\/p>\n\n\n\n<p><\/p>\n\n\n\n<p><\/p>\n\n\n\n<p class=\"has-text-align-center has-white-color has-text-color has-background has-medium-font-size\" style=\"background-color:#c76300;font-style:normal;font-weight:700\">Ja! Ich m\u00f6chte Mitglied werden!<\/p>\n\n\n\n<div class=\"wp-block-columns has-white-background-color has-background is-layout-flex wp-container-core-columns-is-layout-9d6595d7 wp-block-columns-is-layout-flex\">\n<div class=\"wp-block-column is-layout-flow wp-block-column-is-layout-flow\"><noscript class=\"ninja-forms-noscript-message\">\n\tHinweis: F\u00fcr diesen Inhalt ist JavaScript erforderlich.<\/noscript>\n<style>\n\n        \/* PLUGIN WIDE STYLES *\/\n    \n        .nf-form-fields-required {\n                                    padding:20px;\n                    }\n    <\/style><style>\n\n        \/* FIELDS STYLES *\/\n    \n        .nf-form-content .nf-field-container #nf-field-13-wrap .nf-field-element .ninja-forms-field {\n                                    background-color:#c76300;\n                    }\n    <\/style><div id=\"nf-form-2-cont\" class=\"nf-form-cont\" aria-live=\"polite\" aria-labelledby=\"nf-form-title-2\" aria-describedby=\"nf-form-errors-2\" role=\"form\">\n\n    <div class=\"nf-loading-spinner\"><\/div>\n\n<\/div>\n        <!-- That data is being printed as a workaround to page builders reordering the order of the scripts loaded-->\n        <script>var formDisplay=1;var nfForms=nfForms||[];var form=[];form.id='2';form.settings={\"objectType\":\"Form Setting\",\"editActive\":\"1\",\"title\":\"Ja, ich m\\u00f6chte Mitglied werden\",\"created_at\":\"2022-07-25 08:27:33\",\"form_title\":\"Ja, ich m\\u00f6chte Mitglied werden\",\"default_label_pos\":\"hidden\",\"show_title\":\"0\",\"clear_complete\":\"1\",\"hide_complete\":\"1\",\"logged_in\":\"0\",\"wrapper_class\":\"\",\"element_class\":\"\",\"key\":\"\",\"add_submit\":\"0\",\"changeEmailErrorMsg\":\"Bitte gib eine g\\u00fcltige E-Mail-Adresse ein.\",\"changeDateErrorMsg\":\"Bitte gib ein g\\u00fcltiges Datum ein!\",\"confirmFieldErrorMsg\":\"Diese Felder m\\u00fcssen \\u00fcbereinstimmen!\",\"fieldNumberNumMinError\":\"Die eingegebene Zahl ist zu klein.\",\"fieldNumberNumMaxError\":\"Die eingegebene Zahl ist zu gross.\",\"fieldNumberIncrementBy\":\"Bitte erh\\u00f6hen in Schritten von\",\"formErrorsCorrectErrors\":\"Bitte korrigiere die Fehler, bevor du das Formular sendest.\",\"validateRequiredField\":\"Dies ist ein Pflichtfeld.\",\"honeypotHoneypotError\":\"Honeypot-Fehler\",\"fieldsMarkedRequired\":\"Felder mit einem <span class=\\\"ninja-forms-req-symbol\\\">*<\\\/span> sind Pflichtfelder\",\"currency\":\"\",\"unique_field_error\":\"Ein Formular mit diesem Wert wurde bereits eingereicht.\",\"not_logged_in_msg\":\"\",\"sub_limit_msg\":\"Das Formular hat sein Beitragslimit erreicht.\",\"calculations\":[],\"container_styles_border\":\"\",\"container_styles_height\":\"\",\"container_styles_margin\":\"\",\"container_styles_padding\":\"\",\"container_styles_float\":\"\",\"container_styles_show_advanced_css\":\"0\",\"title_styles_border\":\"\",\"title_styles_height\":\"\",\"title_styles_width\":\"\",\"title_styles_font-size\":\"\",\"title_styles_margin\":\"\",\"title_styles_padding\":\"\",\"title_styles_float\":\"\",\"title_styles_show_advanced_css\":\"0\",\"row_styles_border\":\"\",\"row_styles_width\":\"\",\"row_styles_font-size\":\"\",\"row_styles_margin\":\"\",\"row_styles_padding\":\"\",\"row_styles_show_advanced_css\":\"0\",\"row-odd_styles_border\":\"\",\"row-odd_styles_height\":\"\",\"row-odd_styles_width\":\"\",\"row-odd_styles_font-size\":\"\",\"row-odd_styles_margin\":\"\",\"row-odd_styles_padding\":\"\",\"row-odd_styles_show_advanced_css\":\"0\",\"success-msg_styles_border\":\"\",\"success-msg_styles_height\":\"\",\"success-msg_styles_width\":\"\",\"success-msg_styles_font-size\":\"\",\"success-msg_styles_margin\":\"\",\"success-msg_styles_padding\":\"\",\"success-msg_styles_show_advanced_css\":\"0\",\"error_msg_styles_border\":\"\",\"error_msg_styles_width\":\"\",\"error_msg_styles_font-size\":\"\",\"error_msg_styles_margin\":\"\",\"error_msg_styles_padding\":\"\",\"error_msg_styles_show_advanced_css\":\"0\",\"formContentData\":[{\"order\":1,\"cells\":[{\"order\":0,\"fields\":[\"firstname_1658420028704\"],\"width\":\"50\"},{\"order\":1,\"fields\":[\"lastname_1658420032616\"],\"width\":\"50\"}]},{\"order\":2,\"cells\":[{\"order\":0,\"fields\":[\"zweiter_name_bei_paarmitgliedschaft_1658422548320\"],\"width\":\"100\"}]},{\"order\":3,\"cells\":[{\"order\":0,\"fields\":[\"address_1658420054563\"],\"width\":\"100\"}]},{\"order\":4,\"cells\":[{\"order\":0,\"fields\":[\"plz_1658420156806\"],\"width\":\"27\"},{\"order\":1,\"fields\":[\"ort_1658420168792\"],\"width\":\"73\"}]},{\"order\":5,\"cells\":[{\"order\":0,\"fields\":[\"email_1658420093181\"],\"width\":\"100\"}]},{\"order\":6,\"cells\":[{\"order\":0,\"fields\":[\"art_der_mitgliedschaft_1658735465638\"],\"width\":\"100\"}]},{\"order\":7,\"cells\":[{\"order\":0,\"fields\":[\"submit_1658420237660\"],\"width\":\"100\"}]}],\"drawerDisabled\":\"\",\"allow_public_link\":0,\"embed_form\":\"\",\"form_title_heading_level\":\"3\",\"ninjaForms\":\"Ninja Forms\",\"fieldTextareaRTEInsertLink\":\"Link einf\\u00fcgen\",\"fieldTextareaRTEInsertMedia\":\"Medien einf\\u00fcgen\",\"fieldTextareaRTESelectAFile\":\"Eine Datei ausw\\u00e4hlen\",\"formHoneypot\":\"Falls du ein Mensch bist und dieses Feld siehst, dann lasse es bitte leer.\",\"fileUploadOldCodeFileUploadInProgress\":\"Datei-Upload l\\u00e4uft.\",\"fileUploadOldCodeFileUpload\":\"DATEI-UPLOAD\",\"currencySymbol\":false,\"thousands_sep\":\".\",\"decimal_point\":\",\",\"siteLocale\":\"de_DE\",\"dateFormat\":\"m\\\/d\\\/Y\",\"startOfWeek\":\"1\",\"of\":\"von\",\"previousMonth\":\"Vorheriger Monat\",\"nextMonth\":\"N\\u00e4chster Monat\",\"months\":[\"Januar\",\"Februar\",\"M\\u00e4rz\",\"April\",\"Mai\",\"Juni\",\"Juli\",\"August\",\"September\",\"Oktober\",\"November\",\"Dezember\"],\"monthsShort\":[\"Jan.\",\"Feb.\",\"M\\u00e4rz\",\"Apr.\",\"Mai\",\"Juni\",\"Juli\",\"Aug\",\"Sep.\",\"Okt.\",\"Nov.\",\"Dez.\"],\"weekdays\":[\"Sonntag\",\"Montag\",\"Dienstag\",\"Mittwoch\",\"Donnerstag\",\"Freitag\",\"Samstag\"],\"weekdaysShort\":[\"So.\",\"Mo.\",\"Di.\",\"Mi.\",\"Do.\",\"Fr.\",\"Sa.\"],\"weekdaysMin\":[\"So.\",\"Mo.\",\"Di.\",\"Mi.\",\"Do.\",\"Fr.\",\"Sa.\"],\"recaptchaConsentMissing\":\"reCaptcha validation couldn&#039;t load.\",\"recaptchaMissingCookie\":\"reCaptcha v3 validation couldn&#039;t load the cookie needed to submit the form.\",\"recaptchaConsentEvent\":\"Accept reCaptcha cookies before sending the form.\",\"currency_symbol\":\"\",\"beforeForm\":\"\",\"beforeFields\":\"\",\"afterFields\":\"\",\"afterForm\":\"\"};form.fields=[{\"objectType\":\"Field\",\"objectDomain\":\"fields\",\"editActive\":false,\"order\":1,\"idAttribute\":\"id\",\"label\":\"Vorname\",\"type\":\"firstname\",\"key\":\"firstname_1658420028704\",\"label_pos\":\"hidden\",\"required\":1,\"default\":\"\",\"placeholder\":\"Vorname *\",\"container_class\":\"\",\"element_class\":\"\",\"admin_label\":\"\",\"help_text\":\"\",\"custom_name_attribute\":\"fname\",\"personally_identifiable\":1,\"wrap_styles_border\":\"\",\"wrap_styles_width\":\"\",\"wrap_styles_margin\":\"\",\"wrap_styles_padding\":\"\",\"wrap_styles_float\":\"\",\"wrap_styles_show_advanced_css\":0,\"label_styles_border\":\"\",\"label_styles_width\":\"\",\"label_styles_font-size\":\"\",\"label_styles_margin\":\"\",\"label_styles_padding\":\"\",\"label_styles_float\":\"\",\"label_styles_show_advanced_css\":0,\"element_styles_border\":\"\",\"element_styles_width\":\"\",\"element_styles_font-size\":\"\",\"element_styles_margin\":\"\",\"element_styles_padding\":\"\",\"element_styles_float\":\"\",\"element_styles_show_advanced_css\":0,\"cellcid\":\"c3655\",\"value\":\"\",\"drawerDisabled\":\"\",\"cellOrder\":1,\"field_label\":\"Vorname\",\"field_key\":\"firstname_1658420028704\",\"id\":5,\"beforeField\":\"\",\"afterField\":\"\",\"parentType\":\"firstname\",\"element_templates\":[\"firstname\",\"input\"],\"old_classname\":\"\",\"wrap_template\":\"wrap\"},{\"objectType\":\"Field\",\"objectDomain\":\"fields\",\"editActive\":false,\"order\":2,\"idAttribute\":\"id\",\"label\":\"Nachname\",\"type\":\"lastname\",\"key\":\"lastname_1658420032616\",\"label_pos\":\"hidden\",\"required\":1,\"default\":\"\",\"placeholder\":\"Nachname *\",\"container_class\":\"\",\"element_class\":\"\",\"admin_label\":\"\",\"help_text\":\"\",\"custom_name_attribute\":\"lname\",\"personally_identifiable\":1,\"wrap_styles_border\":\"\",\"wrap_styles_width\":\"\",\"wrap_styles_margin\":\"\",\"wrap_styles_padding\":\"\",\"wrap_styles_float\":\"\",\"wrap_styles_show_advanced_css\":0,\"label_styles_border\":\"\",\"label_styles_width\":\"\",\"label_styles_font-size\":\"\",\"label_styles_margin\":\"\",\"label_styles_padding\":\"\",\"label_styles_float\":\"\",\"label_styles_show_advanced_css\":0,\"element_styles_border\":\"\",\"element_styles_width\":\"\",\"element_styles_font-size\":\"\",\"element_styles_margin\":\"\",\"element_styles_padding\":\"\",\"element_styles_float\":\"\",\"element_styles_show_advanced_css\":0,\"cellcid\":\"c3658\",\"value\":\"\",\"drawerDisabled\":\"\",\"field_label\":\"Nachname\",\"field_key\":\"lastname_1658420032616\",\"id\":6,\"beforeField\":\"\",\"afterField\":\"\",\"parentType\":\"lastname\",\"element_templates\":[\"lastname\",\"input\"],\"old_classname\":\"\",\"wrap_template\":\"wrap\"},{\"objectType\":\"Field\",\"objectDomain\":\"fields\",\"editActive\":false,\"order\":3,\"idAttribute\":\"id\",\"label\":\"Zweiter Name bei Paarmitgliedschaft\",\"type\":\"lastname\",\"key\":\"zweiter_name_bei_paarmitgliedschaft_1658422548320\",\"label_pos\":\"hidden\",\"required\":\"\",\"default\":\"\",\"placeholder\":\"Zweiter Name bei Paarmitgliedschaft\",\"container_class\":\"\",\"element_class\":\"\",\"admin_label\":\"\",\"help_text\":\"\",\"custom_name_attribute\":\"lname\",\"personally_identifiable\":1,\"wrap_styles_border\":\"\",\"wrap_styles_width\":\"\",\"wrap_styles_margin\":\"\",\"wrap_styles_padding\":\"\",\"wrap_styles_float\":\"\",\"wrap_styles_show_advanced_css\":0,\"label_styles_border\":\"\",\"label_styles_width\":\"\",\"label_styles_font-size\":\"\",\"label_styles_margin\":\"\",\"label_styles_padding\":\"\",\"label_styles_float\":\"\",\"label_styles_show_advanced_css\":0,\"element_styles_border\":\"\",\"element_styles_width\":\"\",\"element_styles_font-size\":\"\",\"element_styles_margin\":\"\",\"element_styles_padding\":\"\",\"element_styles_float\":\"\",\"element_styles_show_advanced_css\":0,\"cellcid\":\"c3661\",\"value\":\"\",\"drawerDisabled\":\"\",\"field_label\":\"Zweiter Name bei Paarmitgliedschaft\",\"field_key\":\"zweiter_name_bei_paarmitgliedschaft_1658422548320\",\"id\":7,\"beforeField\":\"\",\"afterField\":\"\",\"parentType\":\"lastname\",\"element_templates\":[\"lastname\",\"input\"],\"old_classname\":\"\",\"wrap_template\":\"wrap\"},{\"objectType\":\"Field\",\"objectDomain\":\"fields\",\"editActive\":false,\"order\":4,\"idAttribute\":\"id\",\"label\":\"\\ufeffAdresse\",\"type\":\"address\",\"key\":\"address_1658420054563\",\"label_pos\":\"hidden\",\"required\":1,\"default\":\"\",\"placeholder\":\"Adresse *\",\"container_class\":\"\",\"element_class\":\"\",\"input_limit\":\"\",\"input_limit_type\":\"characters\",\"input_limit_msg\":\"verbleibende(s) Zeichen\",\"manual_key\":\"\",\"admin_label\":\"\",\"help_text\":\"\",\"mask\":\"\",\"custom_mask\":\"\",\"custom_name_attribute\":\"address\",\"personally_identifiable\":1,\"wrap_styles_border\":\"\",\"wrap_styles_width\":\"\",\"wrap_styles_margin\":\"\",\"wrap_styles_padding\":\"\",\"wrap_styles_float\":\"\",\"wrap_styles_show_advanced_css\":0,\"label_styles_border\":\"\",\"label_styles_width\":\"\",\"label_styles_font-size\":\"\",\"label_styles_margin\":\"\",\"label_styles_padding\":\"\",\"label_styles_float\":\"\",\"label_styles_show_advanced_css\":0,\"element_styles_border\":\"\",\"element_styles_width\":\"\",\"element_styles_font-size\":\"\",\"element_styles_margin\":\"\",\"element_styles_padding\":\"\",\"element_styles_float\":\"\",\"element_styles_show_advanced_css\":0,\"cellcid\":\"c3664\",\"value\":\"\",\"drawerDisabled\":\"\",\"field_label\":\"\\ufeffAdresse\",\"field_key\":\"address_1658420054563\",\"id\":8,\"beforeField\":\"\",\"afterField\":\"\",\"parentType\":\"address\",\"element_templates\":[\"address\",\"textbox\",\"input\"],\"old_classname\":\"\",\"wrap_template\":\"wrap\"},{\"objectType\":\"Field\",\"objectDomain\":\"fields\",\"editActive\":false,\"order\":5,\"idAttribute\":\"id\",\"label\":\"PLZ\",\"type\":\"zip\",\"key\":\"plz_1658420156806\",\"label_pos\":\"hidden\",\"required\":1,\"default\":\"\",\"placeholder\":\"PLZ *\",\"container_class\":\"\",\"element_class\":\"\",\"input_limit\":\"\",\"input_limit_type\":\"characters\",\"input_limit_msg\":\"verbleibende(s) Zeichen\",\"manual_key\":\"\",\"admin_label\":\"\",\"help_text\":\"\",\"mask\":\"\",\"custom_mask\":\"\",\"custom_name_attribute\":\"zip\",\"personally_identifiable\":\"\",\"wrap_styles_border\":\"\",\"wrap_styles_width\":\"\",\"wrap_styles_margin\":\"\",\"wrap_styles_padding\":\"\",\"wrap_styles_float\":\"\",\"wrap_styles_show_advanced_css\":0,\"label_styles_border\":\"\",\"label_styles_width\":\"\",\"label_styles_font-size\":\"\",\"label_styles_margin\":\"\",\"label_styles_padding\":\"\",\"label_styles_float\":\"\",\"label_styles_show_advanced_css\":0,\"element_styles_border\":\"\",\"element_styles_width\":\"\",\"element_styles_font-size\":\"\",\"element_styles_margin\":\"\",\"element_styles_padding\":\"\",\"element_styles_float\":\"\",\"element_styles_show_advanced_css\":0,\"cellcid\":\"c3667\",\"value\":\"\",\"drawerDisabled\":\"\",\"field_label\":\"PLZ\",\"field_key\":\"plz_1658420156806\",\"id\":9,\"beforeField\":\"\",\"afterField\":\"\",\"parentType\":\"zip\",\"element_templates\":[\"zip\",\"textbox\",\"input\",\"textbox\",\"input\"],\"old_classname\":\"\",\"wrap_template\":\"wrap\"},{\"objectType\":\"Field\",\"objectDomain\":\"fields\",\"editActive\":false,\"order\":6,\"idAttribute\":\"id\",\"label\":\"Ort\",\"type\":\"city\",\"cellcid\":\"c3669\",\"key\":\"ort_1658420168792\",\"label_pos\":\"hidden\",\"required\":1,\"default\":\"\",\"placeholder\":\"Ort *\",\"container_class\":\"\",\"element_class\":\"\",\"input_limit\":\"\",\"input_limit_type\":\"characters\",\"input_limit_msg\":\"verbleibende(s) Zeichen\",\"manual_key\":\"\",\"admin_label\":\"\",\"help_text\":\"\",\"mask\":\"\",\"custom_mask\":\"\",\"custom_name_attribute\":\"city\",\"personally_identifiable\":\"\",\"wrap_styles_border\":\"\",\"wrap_styles_width\":\"\",\"wrap_styles_margin\":\"\",\"wrap_styles_padding\":\"\",\"wrap_styles_float\":\"\",\"wrap_styles_show_advanced_css\":0,\"label_styles_border\":\"\",\"label_styles_width\":\"\",\"label_styles_font-size\":\"\",\"label_styles_margin\":\"\",\"label_styles_padding\":\"\",\"label_styles_float\":\"\",\"label_styles_show_advanced_css\":0,\"element_styles_border\":\"\",\"element_styles_width\":\"\",\"element_styles_font-size\":\"\",\"element_styles_margin\":\"\",\"element_styles_padding\":\"\",\"element_styles_float\":\"\",\"element_styles_show_advanced_css\":0,\"value\":\"\",\"drawerDisabled\":\"\",\"field_label\":\"Ort\",\"field_key\":\"ort_1658420168792\",\"id\":10,\"beforeField\":\"\",\"afterField\":\"\",\"parentType\":\"city\",\"element_templates\":[\"city\",\"textbox\",\"input\"],\"old_classname\":\"\",\"wrap_template\":\"wrap\"},{\"objectType\":\"Field\",\"objectDomain\":\"fields\",\"editActive\":false,\"order\":7,\"idAttribute\":\"id\",\"label\":\"E-Mail\",\"type\":\"email\",\"key\":\"email_1658420093181\",\"label_pos\":\"hidden\",\"required\":1,\"default\":\"\",\"placeholder\":\"E-Mail *\",\"container_class\":\"\",\"element_class\":\"\",\"admin_label\":\"\",\"help_text\":\"\",\"custom_name_attribute\":\"email\",\"personally_identifiable\":1,\"wrap_styles_border\":\"\",\"wrap_styles_width\":\"\",\"wrap_styles_margin\":\"\",\"wrap_styles_padding\":\"\",\"wrap_styles_float\":\"\",\"wrap_styles_show_advanced_css\":0,\"label_styles_border\":\"\",\"label_styles_width\":\"\",\"label_styles_font-size\":\"\",\"label_styles_margin\":\"\",\"label_styles_padding\":\"\",\"label_styles_float\":\"\",\"label_styles_show_advanced_css\":0,\"element_styles_border\":\"\",\"element_styles_width\":\"\",\"element_styles_font-size\":\"\",\"element_styles_margin\":\"\",\"element_styles_padding\":\"\",\"element_styles_float\":\"\",\"element_styles_show_advanced_css\":0,\"cellcid\":\"c3672\",\"value\":\"\",\"drawerDisabled\":\"\",\"field_label\":\"E-Mail\",\"field_key\":\"email_1658420093181\",\"id\":11,\"beforeField\":\"\",\"afterField\":\"\",\"parentType\":\"email\",\"element_templates\":[\"email\",\"input\"],\"old_classname\":\"\",\"wrap_template\":\"wrap\"},{\"objectType\":\"Field\",\"objectDomain\":\"fields\",\"editActive\":false,\"order\":8,\"idAttribute\":\"id\",\"label\":\"Art der Mitgliedschaft\",\"type\":\"listradio\",\"key\":\"art_der_mitgliedschaft_1658735465638\",\"label_pos\":\"hidden\",\"required\":1,\"options\":[{\"errors\":[],\"max_options\":\"0\",\"label\":\"Einzelmitgliedschaft - 30.00 CHF\",\"value\":\"einzelmitgliedschaft-30-00-chf\",\"calc\":\"\",\"selected\":\"0\",\"order\":\"0\",\"settingModel\":{\"settings\":false,\"hide_merge_tags\":false,\"error\":false,\"name\":\"options\",\"type\":\"option-repeater\",\"label\":\"Optionen <a href=\\\"#\\\" class=\\\"nf-add-new\\\">Erstellen<\\\/a> <a href=\\\"#\\\" class=\\\"extra nf-open-import-tooltip\\\"><i class=\\\"fa fa-sign-in\\\" aria-hidden=\\\"true\\\"><\\\/i> Importieren<\\\/a>\",\"width\":\"full\",\"group\":\"\",\"value\":[{\"label\":\"Eins\",\"value\":\"eins\",\"calc\":\"\",\"selected\":0,\"order\":0},{\"label\":\"Zwei\",\"value\":\"zwei\",\"calc\":\"\",\"selected\":0,\"order\":1},{\"label\":\"Drei\",\"value\":\"drei\",\"calc\":\"\",\"selected\":0,\"order\":2}],\"columns\":{\"label\":{\"header\":\"Beschriftung\",\"default\":\"\"},\"value\":{\"header\":\"Wert\",\"default\":\"\"},\"calc\":{\"header\":\"Berechneter Wert\",\"default\":\"\"},\"selected\":{\"header\":\"<span class=\\\"dashicons dashicons-yes\\\"><\\\/span>\",\"default\":0}}}},{\"errors\":[],\"max_options\":\"0\",\"order\":\"2\",\"new\":\"\",\"options\":[],\"label\":\"G\\u00f6nner - 100.00 CHF\",\"value\":\"goenner-100-00-chf\",\"calc\":\"\",\"selected\":\"0\",\"settingModel\":{\"settings\":false,\"hide_merge_tags\":false,\"error\":false,\"name\":\"options\",\"type\":\"option-repeater\",\"label\":\"Optionen <a href=\\\"#\\\" class=\\\"nf-add-new\\\">Erstellen<\\\/a> <a href=\\\"#\\\" class=\\\"extra nf-open-import-tooltip\\\"><i class=\\\"fa fa-sign-in\\\" aria-hidden=\\\"true\\\"><\\\/i> Importieren<\\\/a>\",\"width\":\"full\",\"group\":\"\",\"value\":[{\"label\":\"Eins\",\"value\":\"eins\",\"calc\":\"\",\"selected\":0,\"order\":0},{\"label\":\"Zwei\",\"value\":\"zwei\",\"calc\":\"\",\"selected\":0,\"order\":1},{\"label\":\"Drei\",\"value\":\"drei\",\"calc\":\"\",\"selected\":0,\"order\":2}],\"columns\":{\"label\":{\"header\":\"Beschriftung\",\"default\":\"\"},\"value\":{\"header\":\"Wert\",\"default\":\"\"},\"calc\":{\"header\":\"Berechneter Wert\",\"default\":\"\"},\"selected\":{\"header\":\"<span class=\\\"dashicons dashicons-yes\\\"><\\\/span>\",\"default\":0}}}}],\"container_class\":\"\",\"element_class\":\"\",\"admin_label\":\"\",\"help_text\":\"\",\"wrap_styles_border\":\"\",\"wrap_styles_width\":\"\",\"wrap_styles_margin\":\"\",\"wrap_styles_padding\":\"\",\"wrap_styles_float\":\"\",\"wrap_styles_show_advanced_css\":0,\"label_styles_border\":\"\",\"label_styles_width\":\"\",\"label_styles_font-size\":\"\",\"label_styles_margin\":\"\",\"label_styles_padding\":\"\",\"label_styles_float\":\"\",\"label_styles_show_advanced_css\":0,\"element_styles_border\":\"\",\"element_styles_width\":\"\",\"element_styles_font-size\":\"\",\"element_styles_margin\":\"\",\"element_styles_padding\":\"\",\"element_styles_float\":\"\",\"element_styles_show_advanced_css\":0,\"list_item_row_styles_border\":\"\",\"list_item_row_styles_height\":\"\",\"list_item_row_styles_width\":\"\",\"list_item_row_styles_font-size\":\"\",\"list_item_row_styles_margin\":\"\",\"list_item_row_styles_padding\":\"\",\"list_item_row_styles_float\":\"\",\"list_item_row_styles_show_advanced_css\":0,\"list_item_label_styles_border\":\"\",\"list_item_label_styles_height\":\"\",\"list_item_label_styles_width\":\"\",\"list_item_label_styles_font-size\":\"\",\"list_item_label_styles_margin\":\"\",\"list_item_label_styles_padding\":\"\",\"list_item_label_styles_float\":\"\",\"list_item_label_styles_show_advanced_css\":0,\"list_item_element_styles_border\":\"\",\"list_item_element_styles_height\":\"\",\"list_item_element_styles_width\":\"\",\"list_item_element_styles_font-size\":\"\",\"list_item_element_styles_margin\":\"\",\"list_item_element_styles_padding\":\"\",\"list_item_element_styles_float\":\"\",\"list_item_element_styles_show_advanced_css\":0,\"cellcid\":\"c3675\",\"drawerDisabled\":false,\"field_label\":\"Radiobuttons\",\"field_key\":\"listradio_1658420102176\",\"id\":12,\"beforeField\":\"\",\"afterField\":\"\",\"value\":\"\",\"parentType\":\"list\",\"element_templates\":[\"listradio\",\"input\"],\"old_classname\":\"list-radio\",\"wrap_template\":\"wrap\"},{\"objectType\":\"Field\",\"objectDomain\":\"fields\",\"editActive\":false,\"order\":9,\"idAttribute\":\"id\",\"label\":\"Absenden\",\"type\":\"submit\",\"processing_label\":\"Processing\",\"container_class\":\"\",\"element_class\":\"\",\"key\":\"submit_1658420237660\",\"wrap_styles_border\":\"\",\"wrap_styles_width\":\"\",\"wrap_styles_margin\":\"\",\"wrap_styles_padding\":\"\",\"wrap_styles_float\":\"\",\"wrap_styles_show_advanced_css\":0,\"element_styles_background-color\":\"#c76300\",\"element_styles_border\":\"\",\"element_styles_width\":\"\",\"element_styles_font-size\":\"\",\"element_styles_margin\":\"\",\"element_styles_padding\":\"\",\"element_styles_float\":\"\",\"element_styles_show_advanced_css\":0,\"submit_element_hover_styles_border\":\"\",\"submit_element_hover_styles_width\":\"\",\"submit_element_hover_styles_font-size\":\"\",\"submit_element_hover_styles_margin\":\"\",\"submit_element_hover_styles_padding\":\"\",\"submit_element_hover_styles_float\":\"\",\"submit_element_hover_styles_show_advanced_css\":0,\"cellcid\":\"c3678\",\"drawerDisabled\":\"\",\"field_label\":\"Absenden\",\"field_key\":\"submit_1658420237660\",\"admin_label\":\"\",\"id\":13,\"beforeField\":\"\",\"afterField\":\"\",\"value\":\"\",\"label_pos\":\"hidden\",\"parentType\":\"textbox\",\"element_templates\":[\"submit\",\"button\",\"input\"],\"old_classname\":\"\",\"wrap_template\":\"wrap-no-label\"}];nfForms.push(form);<\/script>\n                <script id=\"nf-tmpl-cell\" type=\"text\/template\">\n            <nf-fields><\/nf-fields>\n        <\/script>\n\n        <script id=\"nf-tmpl-row\" type=\"text\/template\">\n            <nf-cells><\/nf-cells>\n        <\/script>\n\n        <\/div>\n\n\n\n<div class=\"wp-block-column is-layout-flow wp-block-column-is-layout-flow\">\n<p class=\"has-medium-font-size\"><strong>Mitgliederbeitr\u00e4ge<\/strong><\/p>\n\n\n\n<ul class=\"wp-block-list\">\n<li>Einzelmitglied 30.00 CHF<\/li>\n\n\n\n<li>G\u00f6nner 100.00 CHF<br><\/li>\n<\/ul>\n\n\n\n<p class=\"has-medium-font-size\"><br><strong>Vorteile einer Mitgliedschaft<\/strong><\/p>\n\n\n\n<ul class=\"wp-block-list\">\n<li><strong>Erm\u00e4ssigung<\/strong><br>Mitglieder profitieren bei jeder Veranstaltung von einer Preisverg\u00fcnstigung von Fr. 5.-<br><br><\/li>\n\n\n\n<li><strong>Programm Frei-Haus<\/strong><br>Sie erhalten das aktuelle Programm kostenlos zugestellt.<br><br><\/li>\n\n\n\n<li><strong>Mitgliederversammlung<\/strong><br>Sie m\u00f6chten wissen, was gelaufen und geplant ist? Dann besuchen Sie unsere Mitgliederversammlung und stossen anschliessend mit uns bei einem Ap\u00e9ro an.<br><br><\/li>\n\n\n\n<li><strong>G\u00fcltigkeit<\/strong><br>Ihre Mitgliedschaft gilt ab Beitrittsdatum 1 Jahr. Sie entscheiden danach, ob Sie weiter Mitglied bleiben wollen.<br><\/li>\n<\/ul>\n<\/div>\n<\/div>\n","protected":false},"excerpt":{"rendered":"<p>Werden Sie&nbsp;Mitglied&nbsp;der VHS Region Zofingen!Sie sparen bei allen Veranstaltungen und Exkursionen! Die VHS Region Zofingen bietet Ihnen j\u00e4hrlich \u00fcber 20 Anl\u00e4sse zu aktuellen Themen an. Als gemeinn\u00fctziger Verein k\u00f6nnen unseren aktiven Vorstandsmitgliedern dank Ihnen als Vereinsmitglied diese unabh\u00e4ngige und breitgef\u00e4cherte Erwachsenbildung zu g\u00fcnstigen Konditionen erm\u00f6glichen. Werden auch Sie Mitglied der VHS Region Zofingen. Unterst\u00fctzen Sie &hellip;<\/p>\n","protected":false},"author":1,"featured_media":0,"parent":52,"menu_order":2,"comment_status":"closed","ping_status":"closed","template":"","meta":{"footnotes":""},"class_list":["post-57","page","type-page","status-publish","hentry"],"_links":{"self":[{"href":"https:\/\/www.vhsag.ch\/zofingen\/wp-json\/wp\/v2\/pages\/57","targetHints":{"allow":["GET"]}}],"collection":[{"href":"https:\/\/www.vhsag.ch\/zofingen\/wp-json\/wp\/v2\/pages"}],"about":[{"href":"https:\/\/www.vhsag.ch\/zofingen\/wp-json\/wp\/v2\/types\/page"}],"author":[{"embeddable":true,"href":"https:\/\/www.vhsag.ch\/zofingen\/wp-json\/wp\/v2\/users\/1"}],"replies":[{"embeddable":true,"href":"https:\/\/www.vhsag.ch\/zofingen\/wp-json\/wp\/v2\/comments?post=57"}],"version-history":[{"count":12,"href":"https:\/\/www.vhsag.ch\/zofingen\/wp-json\/wp\/v2\/pages\/57\/revisions"}],"predecessor-version":[{"id":227,"href":"https:\/\/www.vhsag.ch\/zofingen\/wp-json\/wp\/v2\/pages\/57\/revisions\/227"}],"up":[{"embeddable":true,"href":"https:\/\/www.vhsag.ch\/zofingen\/wp-json\/wp\/v2\/pages\/52"}],"wp:attachment":[{"href":"https:\/\/www.vhsag.ch\/zofingen\/wp-json\/wp\/v2\/media?parent=57"}],"curies":[{"name":"wp","href":"https:\/\/api.w.org\/{rel}","templated":true}]}}