{"id":52,"date":"2022-07-06T12:36:26","date_gmt":"2022-07-06T10:36:26","guid":{"rendered":"https:\/\/www.vhsag.ch\/zofingen\/geschichte\/"},"modified":"2025-12-11T17:05:14","modified_gmt":"2025-12-11T16:05:14","slug":"ueber-uns","status":"publish","type":"page","link":"https:\/\/www.vhsag.ch\/zofingen\/ueber-uns\/","title":{"rendered":"\u00dcber uns"},"content":{"rendered":"\n<figure class=\"wp-block-image size-large\"><img loading=\"lazy\" decoding=\"async\" width=\"1024\" height=\"243\" src=\"http:\/\/www.vhsag.ch\/zofingen\/wp-content\/uploads\/sites\/11\/2023\/06\/Zofingen_neu-1024x243.jpg\" alt=\"\" class=\"wp-image-148\" srcset=\"https:\/\/www.vhsag.ch\/zofingen\/wp-content\/uploads\/sites\/11\/2023\/06\/Zofingen_neu-1024x243.jpg 1024w, https:\/\/www.vhsag.ch\/zofingen\/wp-content\/uploads\/sites\/11\/2023\/06\/Zofingen_neu-300x71.jpg 300w, https:\/\/www.vhsag.ch\/zofingen\/wp-content\/uploads\/sites\/11\/2023\/06\/Zofingen_neu-768x182.jpg 768w, https:\/\/www.vhsag.ch\/zofingen\/wp-content\/uploads\/sites\/11\/2023\/06\/Zofingen_neu-1536x365.jpg 1536w, https:\/\/www.vhsag.ch\/zofingen\/wp-content\/uploads\/sites\/11\/2023\/06\/Zofingen_neu.jpg 1920w\" sizes=\"auto, (max-width: 1024px) 100vw, 1024px\" \/><\/figure>\n\n\n\n<p><br><strong>So hat es angefangen<\/strong><\/p>\n\n\n\n<p>Im technischen und wirtschaftlichen Aufschwung der 60er-Jahre war das erworbene Schulwissen rasch \u00fcberholt. Die Nachfrage nach Erwachsenenbildung war greifbar. Dies f\u00fchrte 1961 zur Gr\u00fcndung der VHS Zofingen &#8211; die erste VHS des Kantons Aargau. Zu Beginn dominierten wissenschaftliche Abhandlungen das Programm, in Schulzimmern im Dozier-Stil vorgebracht. Danach weiteten sich die Themen und die Bildungsformen aus: Kurse, Exkursionen, F\u00fchrungen, Konzerte, Workshops und Degustationen.<\/p>\n\n\n\n<p><strong>Was wir heute anstreben<\/strong><\/p>\n\n\n\n<p>Die VHS Region Zofingen ist f\u00fcr \u00e4ltere und j\u00fcngere Leute, die sich ausserberuflich f\u00fcr anderes und mehr als f\u00fcr g\u00e4ngige Unterhaltung interessieren, eine attraktive Alternative. Wissensdurstige sollen unsere Anl\u00e4sse g\u00fcnstig und unkompliziert besuchen k\u00f6nnen, \u00ablebenslang lernen\u00bb k\u00f6nnen, unabh\u00e4ngig von ihrer Herkunft und ihrem Vorwissen. Unsere Veranstaltungen sind nicht auf Leistung und Zielerreichung ausgerichtet, nicht auf Arbeitsmarktf\u00e4higkeit, sondern auf Lebensgestaltung und auf die Bef\u00e4higung, die Welt besser zu verstehen.<br>Im Vordergrund stehen bewusst Themen, auf welche die \u00fcbrigen regionalen Anbieter von Erwachsenenbildung keinen Schwerpunkt legen. Unser Angebot ist sehr breit, immer der Wissensneugier unserer Mitglieder und Interessierten verpflichtet. Es umfasst etwa 30 Anl\u00e4sse pro Jahr, teils mehrteilige. Mit Spektrum von lokal bis global, von spektakul\u00e4r bis vernachl\u00e4ssigt, von Wissen konsumieren bis selbst\u00e4ndig handeln. Im Fokus stehen Vortr\u00e4ge \u00fcber komplexe wissenschaftliche, wirtschaftliche, \u00f6kologische, geschichtliche und philosophische Themen, welche von ausgew\u00e4hlten Fachspezialisten aus Hochschulen, Verwaltungen und Wirtschaft physisch vor Ort pr\u00e4sentiert werden. Diese Pers\u00f6nlichkeiten legen Wert darauf, ihr Wissen adressaten- und erwachsenengerecht, methodisch geschickt und spannend darzubieten. Unser Publikum kann sie so als Experten und Mensch erleben.<\/p>\n\n\n\n<div class=\"wp-block-columns is-layout-flex wp-container-core-columns-is-layout-9d6595d7 wp-block-columns-is-layout-flex\">\n<div class=\"wp-block-column is-layout-flow wp-block-column-is-layout-flow\" style=\"flex-basis:66.66%\">\n<p>Ein wichtiges Ziel f\u00fcr uns: Unser Angebot muss hohen Qualit\u00e4tsanspr\u00fcchen gerecht werden. Weil wir die Qualit\u00e4tskriterien des schweizerischen Dachverbands der Volkshochschulen seit Jahren erf\u00fcllen, tragen wir das Qualit\u00e4tslabel +vhs.<\/p>\n<\/div>\n\n\n\n<div class=\"wp-block-column is-layout-flow wp-block-column-is-layout-flow\" style=\"flex-basis:33.33%\"><div class=\"wp-block-image\">\n<figure class=\"aligncenter size-full\"><img loading=\"lazy\" decoding=\"async\" width=\"111\" height=\"55\" src=\"https:\/\/www.vhsag.ch\/zofingen\/wp-content\/uploads\/sites\/11\/2024\/01\/logo-VHS.png\" alt=\"\" class=\"wp-image-169\"\/><\/figure>\n<\/div><\/div>\n<\/div>\n\n\n\n<p><strong>Wer wir sind<\/strong><\/p>\n\n\n\n<p>Wir sind privatrechtlich als Verein organisiert, mit Statuten, Mitgliedern, Vorstand und eigener Rechnung. Wir sind nicht gewinnorientiert und arbeiten ehrenamtlich. Wir sind politisch und konfessionell neutral, lokal und regional eng vernetzt.<\/p>\n\n\n\n<ul class=\"wp-block-list\">\n<li>Rund 120 Mitglieder<\/li>\n\n\n\n<li>Rund 1200 Interessierte erhalten unsere Informationen<\/li>\n\n\n\n<li>Finanziert durch Eintrittsgeb\u00fchren und Mitgliederbeitr\u00e4ge sowie unterst\u00fctzt von den Gemeinden Zofingen, Brittnau, Rothrist und Sponsoren.<\/li>\n\n\n\n<li>Die VHS-Region Zofingen ist Mitglied des Verbandes der Aargauischen Volkshochschulen (www.vhsag.ch) und des Verbandes der Schweizerischen Volkshochschulen (www.up-vhs.ch).<\/li>\n<\/ul>\n\n\n\n<p><\/p>\n\n\n\n<hr class=\"wp-block-separator has-alpha-channel-opacity is-style-wide\"\/>\n\n\n\n<div class=\"wp-block-columns is-layout-flex wp-container-core-columns-is-layout-9d6595d7 wp-block-columns-is-layout-flex\">\n<div class=\"wp-block-column is-layout-flow wp-block-column-is-layout-flow\">\n<h5 class=\"wp-block-heading\">Vorstand<\/h5>\n\n\n\n<p><br>Brigitte Koch, Pr\u00e4sidentin<br><a href=\"mailto:info@vhs-zofingen.ch\" target=\"_blank\" rel=\"noreferrer noopener\">info@vhs-zofingen.ch<\/a><\/p>\n\n\n\n<p>Hans Sch\u00fcpbach, Vizepr\u00e4sident<br>Ruth Jost<br>Margreth Ehrismann<br>Marcel R\u00fcegger<br>Jan Kurz<\/p>\n\n\n\n<p><\/p>\n\n\n\n<p><\/p>\n<\/div>\n\n\n\n<div class=\"wp-block-column is-layout-flow wp-block-column-is-layout-flow\">\n<figure class=\"wp-block-image size-full\"><img loading=\"lazy\" decoding=\"async\" width=\"528\" height=\"292\" src=\"https:\/\/www.vhsag.ch\/zofingen\/wp-content\/uploads\/sites\/11\/2024\/01\/Zofingen-2.jpg\" alt=\"\" class=\"wp-image-172\" srcset=\"https:\/\/www.vhsag.ch\/zofingen\/wp-content\/uploads\/sites\/11\/2024\/01\/Zofingen-2.jpg 528w, https:\/\/www.vhsag.ch\/zofingen\/wp-content\/uploads\/sites\/11\/2024\/01\/Zofingen-2-300x166.jpg 300w\" sizes=\"auto, (max-width: 528px) 100vw, 528px\" \/><\/figure>\n<\/div>\n<\/div>\n","protected":false},"excerpt":{"rendered":"<p>So hat es angefangen Im technischen und wirtschaftlichen Aufschwung der 60er-Jahre war das erworbene Schulwissen rasch \u00fcberholt. Die Nachfrage nach Erwachsenenbildung war greifbar. Dies f\u00fchrte 1961 zur Gr\u00fcndung der VHS Zofingen &#8211; die erste VHS des Kantons Aargau. Zu Beginn dominierten wissenschaftliche Abhandlungen das Programm, in Schulzimmern im Dozier-Stil vorgebracht. Danach weiteten sich die Themen &hellip;<\/p>\n","protected":false},"author":1,"featured_media":0,"parent":0,"menu_order":0,"comment_status":"closed","ping_status":"closed","template":"","meta":{"footnotes":""},"class_list":["post-52","page","type-page","status-publish","hentry"],"_links":{"self":[{"href":"https:\/\/www.vhsag.ch\/zofingen\/wp-json\/wp\/v2\/pages\/52","targetHints":{"allow":["GET"]}}],"collection":[{"href":"https:\/\/www.vhsag.ch\/zofingen\/wp-json\/wp\/v2\/pages"}],"about":[{"href":"https:\/\/www.vhsag.ch\/zofingen\/wp-json\/wp\/v2\/types\/page"}],"author":[{"embeddable":true,"href":"https:\/\/www.vhsag.ch\/zofingen\/wp-json\/wp\/v2\/users\/1"}],"replies":[{"embeddable":true,"href":"https:\/\/www.vhsag.ch\/zofingen\/wp-json\/wp\/v2\/comments?post=52"}],"version-history":[{"count":13,"href":"https:\/\/www.vhsag.ch\/zofingen\/wp-json\/wp\/v2\/pages\/52\/revisions"}],"predecessor-version":[{"id":228,"href":"https:\/\/www.vhsag.ch\/zofingen\/wp-json\/wp\/v2\/pages\/52\/revisions\/228"}],"wp:attachment":[{"href":"https:\/\/www.vhsag.ch\/zofingen\/wp-json\/wp\/v2\/media?parent=52"}],"curies":[{"name":"wp","href":"https:\/\/api.w.org\/{rel}","templated":true}]}}