{"id":4,"date":"2022-07-12T14:21:45","date_gmt":"2022-07-12T12:21:45","guid":{"rendered":"https:\/\/www.vhsag.ch\/zofingen\/?page_id=4"},"modified":"2024-05-30T09:16:07","modified_gmt":"2024-05-30T07:16:07","slug":"4-2","status":"publish","type":"page","link":"https:\/\/www.vhsag.ch\/zofingen\/","title":{"rendered":"Volkshochschule Region Zofingen"},"content":{"rendered":"\n<figure class=\"wp-block-image size-full rounded-image\"><img loading=\"lazy\" decoding=\"async\" width=\"1600\" height=\"600\" src=\"https:\/\/www.vhsag.ch\/zofingen\/wp-content\/uploads\/sites\/11\/2024\/05\/Zofingen_2024.jpg\" alt=\"\" class=\"wp-image-198\" srcset=\"https:\/\/www.vhsag.ch\/zofingen\/wp-content\/uploads\/sites\/11\/2024\/05\/Zofingen_2024.jpg 1600w, https:\/\/www.vhsag.ch\/zofingen\/wp-content\/uploads\/sites\/11\/2024\/05\/Zofingen_2024-300x113.jpg 300w, https:\/\/www.vhsag.ch\/zofingen\/wp-content\/uploads\/sites\/11\/2024\/05\/Zofingen_2024-1024x384.jpg 1024w, https:\/\/www.vhsag.ch\/zofingen\/wp-content\/uploads\/sites\/11\/2024\/05\/Zofingen_2024-768x288.jpg 768w, https:\/\/www.vhsag.ch\/zofingen\/wp-content\/uploads\/sites\/11\/2024\/05\/Zofingen_2024-1536x576.jpg 1536w\" sizes=\"auto, (max-width: 1600px) 100vw, 1600px\" \/><\/figure>\n\n\n\n<div class=\"row\">\n<div class=\"col-sm-12\" style=\"background-color:#eeeeee;padding-top:15px;padding-bottom:15px;border-radius:15px;\">\n\t        <h4><center><strong>Alle unsere Veranstaltungen in chronologischer Reihenfolge finden Sie <a href=\"\/zofingen\/events\">hier<\/a>.<\/strong><\/center><\/h4>\n\t<\/div>\n<\/div>\n\n\n\n<div class=\"row\">\n    <div class=\"col-md-12\">\n        <div style=\"width: 100%; height: 25px; border-bottom: 1px solid #999999; text-align: center;margin-top:40px;margin-bottom:30px;\">\n            <span style=\"font-size: 30px; background-color: #ffffff; color:#999999; padding:0 20px;font-family:'Segoe UI', Tahoma, Geneva, Verdana, sans-serif;\">\n                Highlights\n            <\/span>\n        <\/div>\n    <\/div>\n<\/div>\n\n\n<div class=\"row\">\n<div class=\"col-sm-6 sv-div-defpad course-click\" style=\"cursor:pointer;\" data-url=\"\/zofingen\/events\/kursdetail\/burg-und-festung-aarburg\/25-26-2513\/\">\n  <img decoding=\"async\" src=\"\/vhszofingen\/EventImages\/Festung Aarburg-kl.jpg\" class=\"img-fluid sv-image-base\">\n  <div class=\"row\" style=\"background-color:#eeeeee;margin-right:0px;margin-left:0px;border-bottom:3px solid #ffffff;border-top:3px solid #ffffff;\">\n    <div class=\"sv-2nd-date\">13.05.<\/div>\n    <div class=\"sv-2nd-region-first\">Aarburg<\/div>\n  <\/div>\n  <div class=\"sv-text-back\" style=\"position:relative;\">\n    <p class=\"sv-2nd-header\"><a href=\"\/zofingen\/events\/kursdetail\/burg-und-festung-aarburg\/25-26-2513\/\">Burg und Festung Aarburg<\/a><\/p>\n    <hr class=\"sv-hr-base\">\n    <div class=\"sv-2nd-text\">Die Festung Aarburg ist nicht zu \u00fcbersehen, sie pr\u00e4gt die Region. Warum steht sie dort, warum ist sie so gross und welche geschichtstr\u00e4chtigen Personen haben sie bewohnt?<\/div>\n  <div style=\"position:absolute;bottom:15px;right:25px;color:#bbbbbb;line-height:30px;font-weight:400;\">\n  <!--      Art | <strong>Vortrag<\/strong>-->\n  <\/div>\n  <\/div>\n<\/div>\n<div class=\"col-sm-6 sv-div-defpad course-click\" style=\"cursor:pointer;\" data-url=\"\/zofingen\/events\/kursdetail\/zofingens-altstadt-im-sucher\/25-26-2429\/\">\n  <img decoding=\"async\" src=\"\/vhszofingen\/EventImages\/motivbilder_fotowalk-016-kl.jpg\" class=\"img-fluid sv-image-base\">\n  <div class=\"row\" style=\"background-color:#eeeeee;margin-right:0px;margin-left:0px;border-bottom:3px solid #ffffff;border-top:3px solid #ffffff;\">\n    <div class=\"sv-2nd-date\">29.04.<\/div>\n    <div class=\"sv-2nd-region-first\">Zofingen<\/div>\n  <\/div>\n  <div class=\"sv-text-back\" style=\"position:relative;\">\n    <p class=\"sv-2nd-header\"><a href=\"\/zofingen\/events\/kursdetail\/zofingens-altstadt-im-sucher\/25-26-2429\/\">Zofingens Altstadt im Sucher<\/a><\/p>\n    <hr class=\"sv-hr-base\">\n    <div class=\"sv-2nd-text\">Lernen Sie Zofingen und seine Altstadt auf die etwas andere Art kennen. Betrachten Sie sie einmal durch die Linse Ihrer Kamera oder Ihres Smartphones und erhalten Sie Tipps zweier versierter Fotografen.<\/div>\n  <div style=\"position:absolute;bottom:15px;right:25px;color:#bbbbbb;line-height:30px;font-weight:400;\">\n  <!--      Art | <strong>Vortrag<\/strong>-->\n  <\/div>\n  <\/div>\n<\/div>\n<\/div>\n\n\n\n<div style=\"width: 100%; height: 25px; border-bottom: 1px solid #999999; text-align: center;margin-top:40px;margin-bottom:30px;\">\n  <span style=\"font-size: 30px; background-color: #ffffff; color:#999999; padding:0 20px;font-family:'Segoe UI', Tahoma, Geneva, Verdana, sans-serif;\">\n    In K\u00fcrze\n  <\/span>\n<\/div>\n<div class=\"row\">\n  <div class=\"col-lg-4 col-md-6 sv-div-defpad course-click\" style=\"cursor:pointer;\" data-url=\"\/zofingen\/events\/kursdetail\/zofingens-altstadt-im-sucher\/25-26-2429\/\">\n    <img decoding=\"async\" src=\"\/vhszofingen\/EventImages\/motivbilder_fotowalk-016-kl.jpg\" class=\"img-fluid sv-image-base-2nd\"  style=\"cursor:pointer;\">\n    <div class=\"row\" style=\"background-color:#eeeeee;margin-right:0px;margin-left:0px;border-bottom:3px solid #ffffff;border-top:3px solid #ffffff;\">\n      <div class=\"sv-3rd-date\" style=\"cursor:pointer;\">29.04.<\/div>\n      <div class=\"sv-3rd-region\" style=\"cursor:pointer;\">Zofingen<\/div>\n    <\/div>\n    <div class=\"sv-text-back-2nd\" style=\"padding-bottom:30px;\">\n      <p class=\"sv-3rd-header\" style=\"min-height:3em;cursor:pointer;\"><a href=\"\/zofingen\/events\/kursdetail\/zofingens-altstadt-im-sucher\/25-26-2429\/\">Zofingens Altstadt im Sucher<\/a><\/p>\n    <\/div>\n  <\/div>\n  <div class=\"col-lg-4 col-md-6 sv-div-defpad course-click\" style=\"cursor:pointer;\" data-url=\"\/zofingen\/events\/kursdetail\/burg-und-festung-aarburg\/25-26-2513\/\">\n    <img decoding=\"async\" src=\"\/vhszofingen\/EventImages\/Festung Aarburg-kl.jpg\" class=\"img-fluid sv-image-base-2nd\"  style=\"cursor:pointer;\">\n    <div class=\"row\" style=\"background-color:#eeeeee;margin-right:0px;margin-left:0px;border-bottom:3px solid #ffffff;border-top:3px solid #ffffff;\">\n      <div class=\"sv-3rd-date\" style=\"cursor:pointer;\">13.05.<\/div>\n      <div class=\"sv-3rd-region\" style=\"cursor:pointer;\">Aarburg<\/div>\n    <\/div>\n    <div class=\"sv-text-back-2nd\" style=\"padding-bottom:30px;\">\n      <p class=\"sv-3rd-header\" style=\"min-height:3em;cursor:pointer;\"><a href=\"\/zofingen\/events\/kursdetail\/burg-und-festung-aarburg\/25-26-2513\/\">Burg und Festung Aarburg<\/a><\/p>\n    <\/div>\n  <\/div>\n  <div class=\"col-lg-4 col-md-6 sv-div-defpad course-click\" style=\"cursor:pointer;\" data-url=\"\/zofingen\/events\/kursdetail\/wo-worte-wachsen\/25-26-2519\/\">\n    <img decoding=\"async\" src=\"\/vhszofingen\/EventImages\/worte-wachsen-kl.jpg\" class=\"img-fluid sv-image-base-2nd\"  style=\"cursor:pointer;\">\n    <div class=\"row\" style=\"background-color:#eeeeee;margin-right:0px;margin-left:0px;border-bottom:3px solid #ffffff;border-top:3px solid #ffffff;\">\n      <div class=\"sv-3rd-date\" style=\"cursor:pointer;\">19.05.<\/div>\n      <div class=\"sv-3rd-region\" style=\"cursor:pointer;\">Zofingen<\/div>\n    <\/div>\n    <div class=\"sv-text-back-2nd\" style=\"padding-bottom:30px;\">\n      <p class=\"sv-3rd-header\" style=\"min-height:3em;cursor:pointer;\"><a href=\"\/zofingen\/events\/kursdetail\/wo-worte-wachsen\/25-26-2519\/\">Wo Worte wachsen<\/a><\/p>\n    <\/div>\n  <\/div>\n  <div class=\"col-lg-4 col-md-6 sv-div-defpad course-click\" style=\"cursor:pointer;\" data-url=\"\/zofingen\/events\/kursdetail\/nassreis-anbau-in-symbiose-mit-biodiversitaetsfoerderung\/25-26-2529\/\">\n    <img decoding=\"async\" src=\"\/vhszofingen\/EventImages\/Wildenau_nassreis.jpg\" class=\"img-fluid sv-image-base-2nd\"  style=\"cursor:pointer;\">\n    <div class=\"row\" style=\"background-color:#eeeeee;margin-right:0px;margin-left:0px;border-bottom:3px solid #ffffff;border-top:3px solid #ffffff;\">\n      <div class=\"sv-3rd-date\" style=\"cursor:pointer;\">29.05.<\/div>\n      <div class=\"sv-3rd-region\" style=\"cursor:pointer;\">Stetten<\/div>\n    <\/div>\n    <div class=\"sv-text-back-2nd\" style=\"padding-bottom:30px;\">\n      <p class=\"sv-3rd-header\" style=\"min-height:3em;cursor:pointer;\"><a href=\"\/zofingen\/events\/kursdetail\/nassreis-anbau-in-symbiose-mit-biodiversitaetsfoerderung\/25-26-2529\/\">Nassreis-Anbau in Symbiose mit Biodiversit\u00e4tsf\u00f6rderung<\/a><\/p>\n    <\/div>\n  <\/div>\n  <div class=\"col-lg-4 col-md-6 sv-div-defpad course-click\" style=\"cursor:pointer;\" data-url=\"\/zofingen\/events\/kursdetail\/sternstunden-und-abgruende-der-kirchgeschichte\/26-27-1013\/\">\n    <img decoding=\"async\" src=\"\/vhszofingen\/EventImages\/kirchgeschichte-zykl-4.jpg\" class=\"img-fluid sv-image-base-2nd\"  style=\"cursor:pointer;\">\n    <div class=\"row\" style=\"background-color:#eeeeee;margin-right:0px;margin-left:0px;border-bottom:3px solid #ffffff;border-top:3px solid #ffffff;\">\n      <div class=\"sv-3rd-date\" style=\"cursor:pointer;\">13.10.<\/div>\n      <div class=\"sv-3rd-region\" style=\"cursor:pointer;\">Zofingen<\/div>\n    <\/div>\n    <div class=\"sv-text-back-2nd\" style=\"padding-bottom:30px;\">\n      <p class=\"sv-3rd-header\" style=\"min-height:3em;cursor:pointer;\"><a href=\"\/zofingen\/events\/kursdetail\/sternstunden-und-abgruende-der-kirchgeschichte\/26-27-1013\/\">Sternstunden und Abgr\u00fcnde der Kirchgeschichte<\/a><\/p>\n    <\/div>\n  <\/div>\n  <div class=\"col-lg-4 col-md-6 sv-div-defpad course-click\" style=\"cursor:pointer;\" data-url=\"\/zofingen\/events\/kursdetail\/palliative-care-lebensqualitaet-trotz-schwerer-krankheit\/26-27-1021\/\">\n    <img decoding=\"async\" src=\"\/vhszofingen\/EventImages\/palliative-care-def.jpg\" class=\"img-fluid sv-image-base-2nd\"  style=\"cursor:pointer;\">\n    <div class=\"row\" style=\"background-color:#eeeeee;margin-right:0px;margin-left:0px;border-bottom:3px solid #ffffff;border-top:3px solid #ffffff;\">\n      <div class=\"sv-3rd-date\" style=\"cursor:pointer;\">21.10.<\/div>\n      <div class=\"sv-3rd-region\" style=\"cursor:pointer;\">Zofingen<\/div>\n    <\/div>\n    <div class=\"sv-text-back-2nd\" style=\"padding-bottom:30px;\">\n      <p class=\"sv-3rd-header\" style=\"min-height:3em;cursor:pointer;\"><a href=\"\/zofingen\/events\/kursdetail\/palliative-care-lebensqualitaet-trotz-schwerer-krankheit\/26-27-1021\/\">Palliative Care \u2013 Lebensqualit\u00e4t trotz schwerer Krankheit<\/a><\/p>\n    <\/div>\n  <\/div>\n  <div class=\"col-lg-4 col-md-6 sv-div-defpad course-click\" style=\"cursor:pointer;\" data-url=\"\/zofingen\/events\/kursdetail\/muss-sich-die-schweiz-auch-warm-anziehen\/26-27-1027\/\">\n    <img decoding=\"async\" src=\"\/vhszofingen\/EventImages\/welt-.und sicherheitspolitik.jpg\" class=\"img-fluid sv-image-base-2nd\"  style=\"cursor:pointer;\">\n    <div class=\"row\" style=\"background-color:#eeeeee;margin-right:0px;margin-left:0px;border-bottom:3px solid #ffffff;border-top:3px solid #ffffff;\">\n      <div class=\"sv-3rd-date\" style=\"cursor:pointer;\">27.10.<\/div>\n      <div class=\"sv-3rd-region\" style=\"cursor:pointer;\">Zofingen<\/div>\n    <\/div>\n    <div class=\"sv-text-back-2nd\" style=\"padding-bottom:30px;\">\n      <p class=\"sv-3rd-header\" style=\"min-height:3em;cursor:pointer;\"><a href=\"\/zofingen\/events\/kursdetail\/muss-sich-die-schweiz-auch-warm-anziehen\/26-27-1027\/\">Muss sich die Schweiz (auch) warm anziehen?<\/a><\/p>\n    <\/div>\n  <\/div>\n  <div class=\"col-lg-4 col-md-6 sv-div-defpad course-click\" style=\"cursor:pointer;\" data-url=\"\/zofingen\/events\/kursdetail\/film-und-jazz-jazz-im-film\/26-27-1120\/\">\n    <img decoding=\"async\" src=\"\/vhszofingen\/EventImages\/blaser.b_kl-1.jpg\" class=\"img-fluid sv-image-base-2nd\"  style=\"cursor:pointer;\">\n    <div class=\"row\" style=\"background-color:#eeeeee;margin-right:0px;margin-left:0px;border-bottom:3px solid #ffffff;border-top:3px solid #ffffff;\">\n      <div class=\"sv-3rd-date\" style=\"cursor:pointer;\">20.11.<\/div>\n      <div class=\"sv-3rd-region\" style=\"cursor:pointer;\">Zofingen<\/div>\n    <\/div>\n    <div class=\"sv-text-back-2nd\" style=\"padding-bottom:30px;\">\n      <p class=\"sv-3rd-header\" style=\"min-height:3em;cursor:pointer;\"><a href=\"\/zofingen\/events\/kursdetail\/film-und-jazz-jazz-im-film\/26-27-1120\/\">\u00abFilm und Jazz - Jazz im Film\u00bb<\/a><\/p>\n    <\/div>\n  <\/div>\n  <div class=\"col-lg-4 col-md-6 sv-div-defpad course-click\" style=\"cursor:pointer;\" data-url=\"\/zofingen\/events\/kursdetail\/versorgungsengpaesse-doch-nicht-in-der-schweiz\/26-27-1202\/\">\n    <img decoding=\"async\" src=\"\/vhszofingen\/EventImages\/Heilmittel_Homepage_BWL.jpg\" class=\"img-fluid sv-image-base-2nd\"  style=\"cursor:pointer;\">\n    <div class=\"row\" style=\"background-color:#eeeeee;margin-right:0px;margin-left:0px;border-bottom:3px solid #ffffff;border-top:3px solid #ffffff;\">\n      <div class=\"sv-3rd-date\" style=\"cursor:pointer;\">02.12.<\/div>\n      <div class=\"sv-3rd-region\" style=\"cursor:pointer;\">Zofingen<\/div>\n    <\/div>\n    <div class=\"sv-text-back-2nd\" style=\"padding-bottom:30px;\">\n      <p class=\"sv-3rd-header\" style=\"min-height:3em;cursor:pointer;\"><a href=\"\/zofingen\/events\/kursdetail\/versorgungsengpaesse-doch-nicht-in-der-schweiz\/26-27-1202\/\">Versorgungsengp\u00e4sse \u2013 doch nicht in der Schweiz!<\/a><\/p>\n    <\/div>\n  <\/div>\n  <\/div>\n\n","protected":false},"excerpt":{"rendered":"<p>Alle unsere Veranstaltungen in chronologischer Reihenfolge finden Sie hier. Highlights<\/p>\n","protected":false},"author":1,"featured_media":0,"parent":0,"menu_order":0,"comment_status":"closed","ping_status":"closed","template":"","meta":{"footnotes":""},"class_list":["post-4","page","type-page","status-publish","hentry"],"_links":{"self":[{"href":"https:\/\/www.vhsag.ch\/zofingen\/wp-json\/wp\/v2\/pages\/4","targetHints":{"allow":["GET"]}}],"collection":[{"href":"https:\/\/www.vhsag.ch\/zofingen\/wp-json\/wp\/v2\/pages"}],"about":[{"href":"https:\/\/www.vhsag.ch\/zofingen\/wp-json\/wp\/v2\/types\/page"}],"author":[{"embeddable":true,"href":"https:\/\/www.vhsag.ch\/zofingen\/wp-json\/wp\/v2\/users\/1"}],"replies":[{"embeddable":true,"href":"https:\/\/www.vhsag.ch\/zofingen\/wp-json\/wp\/v2\/comments?post=4"}],"version-history":[{"count":14,"href":"https:\/\/www.vhsag.ch\/zofingen\/wp-json\/wp\/v2\/pages\/4\/revisions"}],"predecessor-version":[{"id":199,"href":"https:\/\/www.vhsag.ch\/zofingen\/wp-json\/wp\/v2\/pages\/4\/revisions\/199"}],"wp:attachment":[{"href":"https:\/\/www.vhsag.ch\/zofingen\/wp-json\/wp\/v2\/media?parent=4"}],"curies":[{"name":"wp","href":"https:\/\/api.w.org\/{rel}","templated":true}]}}