{"id":14,"date":"2022-07-12T14:24:49","date_gmt":"2022-07-12T12:24:49","guid":{"rendered":"https:\/\/www.vhsag.ch\/zofingen\/?page_id=14"},"modified":"2022-07-12T14:24:49","modified_gmt":"2022-07-12T12:24:49","slug":"events","status":"publish","type":"page","link":"https:\/\/www.vhsag.ch\/zofingen\/events\/","title":{"rendered":"Veranstaltungen"},"content":{"rendered":"<div class=\"row\" style=\"margin-top:10px;line-height:40px;\">\n  <nav class=\"navbar navbar-expand-lg navbar-light bg-light\" style=\"width: 100%;\">\n    <a class=\"navbar-brand\" href=\"#\">Auswahl<\/a>\n    <button class=\"navbar-toggler\" type=\"button\" data-toggle=\"collapse\" data-target=\"#navbarNavDropdown\" aria-controls=\"navbarNavDropdown\" aria-expanded=\"false\" aria-label=\"Toggle navigation\">\n    <span class=\"navbar-toggler-icon\"><\/span>\n    <\/button>\n    <div class=\"collapse navbar-collapse\" id=\"navbarNavDropdown\" style=\"justify-content: space-between;\">\n      <ul class=\"navbar-nav\">\n        <li class=\"nav-item dropdown\" style=\"margin-left:15px;\">\n          <a class=\"nav-link dropdown-toggle\" href=\"#\" id=\"navbarDropdownMenuLink\" data-toggle=\"dropdown\" aria-haspopup=\"true\" aria-expanded=\"false\">\n            Monat          <\/a>\n          <div class=\"dropdown-menu\" aria-labelledby=\"navbarDropdownMenuLink\">\n            <a class=\"dropdown-item\" href=\"https:\/\/www.vhsag.ch\/zofingen\/events\/?welante[datemonth]=2026-04\">Apr '26<\/a>\n            <a class=\"dropdown-item\" href=\"https:\/\/www.vhsag.ch\/zofingen\/events\/?welante[datemonth]=2026-05\">Mai '26<\/a>\n            <a class=\"dropdown-item\" href=\"https:\/\/www.vhsag.ch\/zofingen\/events\/?welante[datemonth]=2026-09\">Sep '26<\/a>\n            <a class=\"dropdown-item\" href=\"https:\/\/www.vhsag.ch\/zofingen\/events\/?welante[datemonth]=2026-10\">Okt '26<\/a>\n            <a class=\"dropdown-item\" href=\"https:\/\/www.vhsag.ch\/zofingen\/events\/?welante[datemonth]=2026-11\">Nov '26<\/a>\n            <a class=\"dropdown-item\" href=\"https:\/\/www.vhsag.ch\/zofingen\/events\/?welante[datemonth]=2026-12\">Dez '26<\/a>\n            <a class=\"dropdown-item\" href=\"https:\/\/www.vhsag.ch\/zofingen\/events\/?welante[datemonth]=2027-01\">Jan '27<\/a>\n            <a class=\"dropdown-item\" href=\"https:\/\/www.vhsag.ch\/zofingen\/events\/?welante[datemonth]=2027-02\">Feb '27<\/a>\n            <a class=\"dropdown-item\" href=\"https:\/\/www.vhsag.ch\/zofingen\/events\/?welante[datemonth]=2027-03\">M\u00e4r '27<\/a>\n          <\/div>\n        <\/li>\n        <li class=\"nav-item dropdown\" style=\"margin-left:15px;\">\n          <a class=\"nav-link dropdown-toggle\" href=\"#\" id=\"navbarDropdownMenuLink\" data-toggle=\"dropdown\" aria-haspopup=\"true\" aria-expanded=\"false\">\n            Kategorie          <\/a>\n          <div class=\"dropdown-menu\" aria-labelledby=\"navbarDropdownMenuLink\">\n            <a class=\"dropdown-item\" href=\"https:\/\/www.vhsag.ch\/zofingen\/events\/?welante[category]=reisen\">L\u00e4nder, Menschen, Reisen<\/a>\n            <a class=\"dropdown-item\" href=\"https:\/\/www.vhsag.ch\/zofingen\/events\/?welante[category]=natur-technik\">Natur, Technik, Wirtschaft<\/a>\n            <a class=\"dropdown-item\" href=\"https:\/\/www.vhsag.ch\/zofingen\/events\/?welante[category]=gesundheit\">Gesundheit<\/a>\n            <a class=\"dropdown-item\" href=\"https:\/\/www.vhsag.ch\/zofingen\/events\/?welante[category]=bildung-erziehung\">Bildung, Erziehung, Lebenshilfe<\/a>\n            <a class=\"dropdown-item\" href=\"https:\/\/www.vhsag.ch\/zofingen\/events\/?welante[category]=medien\">Medien<\/a>\n            <a class=\"dropdown-item\" href=\"https:\/\/www.vhsag.ch\/zofingen\/events\/?welante[category]=kreativitaet\">Kreativit\u00e4t<\/a>\n            <a class=\"dropdown-item\" href=\"https:\/\/www.vhsag.ch\/zofingen\/events\/?welante[category]=grundkompetenzen\">Grundkompetenzen<\/a>\n            <a class=\"dropdown-item\" href=\"https:\/\/www.vhsag.ch\/zofingen\/events\/?welante[category]=sprachen\">Sprachen<\/a>\n            <a class=\"dropdown-item\" href=\"https:\/\/www.vhsag.ch\/zofingen\/events\/?welante[category]=kulinarik\">Kulinarik<\/a>\n            <a class=\"dropdown-item\" href=\"https:\/\/www.vhsag.ch\/zofingen\/events\/?welante[category]=gesellschaft-politik\">Gesellschaft, Politik, Geschichte<\/a>\n            <a class=\"dropdown-item\" href=\"https:\/\/www.vhsag.ch\/zofingen\/events\/?welante[category]=musik-kunst-kultur\">Musik, Literatur, Kunst, Philosophie<\/a>\n            <a class=\"dropdown-item\" href=\"https:\/\/www.vhsag.ch\/zofingen\/events\/?welante[category]=schwerpunkt-aargau\">Schwerpunkt Aargau<\/a>\n          <\/div>\n        <\/li>\n        <li class=\"nav-item dropdown\" style=\"margin-left:15px;\">\n          <a class=\"nav-link dropdown-toggle\" href=\"#\" id=\"navbarDropdownMenuLink\" data-toggle=\"dropdown\" aria-haspopup=\"true\" aria-expanded=\"false\">\n            K\u00fcnftig          <\/a>\n          <div class=\"dropdown-menu\" aria-labelledby=\"navbarDropdownMenuLink\">\n            <a class=\"dropdown-item\" href=\"https:\/\/www.vhsag.ch\/zofingen\/events\/?welante[starttime]=all\">Alle<\/a>\n            <a class=\"dropdown-item\" href=\"https:\/\/www.vhsag.ch\/zofingen\/events\/?welante[starttime]=future\">K\u00fcnftig<\/a>\n            <a class=\"dropdown-item\" href=\"https:\/\/www.vhsag.ch\/zofingen\/events\/?welante[starttime]=runningfuture\">Laufend & k\u00fcnftig<\/a>\n            <a class=\"dropdown-item\" href=\"https:\/\/www.vhsag.ch\/zofingen\/events\/?welante[starttime]=past\">Vorbei<\/a>\n          <\/div>\n        <\/li>\n        <li class=\"nav-item dropdown\" style=\"margin-left:15px;\">\n          <a class=\"nav-link dropdown-toggle\" href=\"#\" id=\"navbarDropdownMenuLink\" data-toggle=\"dropdown\" aria-haspopup=\"true\" aria-expanded=\"false\">\n            Wochentag          <\/a>\n          <div class=\"dropdown-menu\" aria-labelledby=\"navbarDropdownMenuLink\">\n            <a class=\"dropdown-item\" href=\"https:\/\/www.vhsag.ch\/zofingen\/events\/?welante[startday][]=mo\">Montag<\/a>\n            <a class=\"dropdown-item\" href=\"https:\/\/www.vhsag.ch\/zofingen\/events\/?welante[startday][]=tu\">Dienstag<\/a>\n            <a class=\"dropdown-item\" href=\"https:\/\/www.vhsag.ch\/zofingen\/events\/?welante[startday][]=we\">Mittwoch<\/a>\n            <a class=\"dropdown-item\" href=\"https:\/\/www.vhsag.ch\/zofingen\/events\/?welante[startday][]=th\">Donnerstag<\/a>\n            <a class=\"dropdown-item\" href=\"https:\/\/www.vhsag.ch\/zofingen\/events\/?welante[startday][]=fr\">Freitag<\/a>\n            <a class=\"dropdown-item\" href=\"https:\/\/www.vhsag.ch\/zofingen\/events\/?welante[startday][]=sa\">Samstag<\/a>\n            <a class=\"dropdown-item\" href=\"https:\/\/www.vhsag.ch\/zofingen\/events\/?welante[startday][]=su\">Sonntag<\/a>\n          <\/div>\n        <\/li>\n      <\/ul>\n      <form method=\"GET\" action=\"\" id=\"course_filter_form\" class=\"form-inline my-2 my-lg-0\">\n        <input class=\"form-control mr-sm-2\" type=\"search\" name=\"welante[keyword]\" value=\"\" placeholder=\"oder suchen ...\" aria-label=\"Search\">\n        <button class=\"btn btn-outline-success my-2 my-sm-0\" type=\"submit\">Go!<\/button>\n      <\/form>\n    <\/div>\n  <\/nav>\n<\/div>\n\n\n\n\n<div class=\"row\">\n  <div class=\"col-sm-12 sv-header-count-events\">\n    <strong>25<\/strong> Veranstaltungen gefunden <span style=\"font-size: 60%\">(<a href=\"https:\/\/www.vhsag.ch\/zofingen\/events\/\">Zur\u00fccksetzen<\/a>)<\/span>\n  <\/div>\n<\/div>\n<div class=\"row\">\n  <div class=\"col-md-12 mt-2 mb-2\" style=\"justify-content: center\">\n    <nav aria-label=\"Page navigation example\">\n      <ul class=\"pagination\" style=\"justify-content: center;\">\n        <li class=\"page-item active\"><a href=\"https:\/\/www.vhsag.ch\/zofingen\/events\/\" class=\"page-link\">1<\/a><\/li>\n        <li class=\"page-item \"><a href=\"https:\/\/www.vhsag.ch\/zofingen\/events\/?welante[page]=2\" class=\"page-link\">2<\/a><\/li>\n        <li class=\"page-item \"><a href=\"https:\/\/www.vhsag.ch\/zofingen\/events\/?welante[page]=3\" class=\"page-link\">3<\/a><\/li>\n        <li class=\"page-item\"><a class=\"page-link\" href=\"https:\/\/www.vhsag.ch\/zofingen\/events\/?welante[page]=2\">&gt;<\/a><\/li>\n      <\/ul>\n    <\/nav>\n  <\/div>\n<div class=\"col-sm-6 sv-div-defpad course-click\" style=\"cursor:pointer;\" data-url=\"\/zofingen\/events\/kursdetail\/zofingens-altstadt-im-sucher\/25-26-2429\/\">\n  <img decoding=\"async\" src=\"\/vhszofingen\/EventImages\/motivbilder_fotowalk-016-kl.jpg\" class=\"img-fluid sv-image-base\">\n  <div class=\"row\" style=\"background-color:#eeeeee;margin-right:0px;margin-left:0px;border-bottom:3px solid #ffffff;border-top:3px solid #ffffff;\">\n    <div class=\"sv-2nd-date\">29.04.<\/div>\n    <div class=\"sv-2nd-region-first\">Zofingen<\/div>\n  <\/div>\n  <div class=\"sv-text-back\" style=\"position:relative;\">\n    <p class=\"sv-2nd-header\"><a href=\"\/zofingen\/events\/kursdetail\/zofingens-altstadt-im-sucher\/25-26-2429\/\">Zofingens Altstadt im Sucher<\/a><\/p>\n    <hr class=\"sv-hr-base\">\n    <div class=\"sv-2nd-text\">Lernen Sie Zofingen und seine Altstadt auf die etwas andere Art kennen. Betrachten Sie sie einmal durch die Linse Ihrer Kamera oder Ihres Smartphones und erhalten Sie Tipps zweier versierter Fotografen.<\/div>\n  <div style=\"position:absolute;bottom:15px;right:25px;color:#bbbbbb;line-height:30px;font-weight:400;\">\n  <!--      Art | <strong>Vortrag<\/strong>-->\n  <\/div>\n  <\/div>\n<\/div>\n<div class=\"col-sm-6 sv-div-defpad course-click\" style=\"cursor:pointer;\" data-url=\"\/zofingen\/events\/kursdetail\/burg-und-festung-aarburg\/25-26-2513\/\">\n  <img decoding=\"async\" src=\"\/vhszofingen\/EventImages\/Festung Aarburg-kl.jpg\" class=\"img-fluid sv-image-base\">\n  <div class=\"row\" style=\"background-color:#eeeeee;margin-right:0px;margin-left:0px;border-bottom:3px solid #ffffff;border-top:3px solid #ffffff;\">\n    <div class=\"sv-2nd-date\">13.05.<\/div>\n    <div class=\"sv-2nd-region-first\">Aarburg<\/div>\n  <\/div>\n  <div class=\"sv-text-back\" style=\"position:relative;\">\n    <p class=\"sv-2nd-header\"><a href=\"\/zofingen\/events\/kursdetail\/burg-und-festung-aarburg\/25-26-2513\/\">Burg und Festung Aarburg<\/a><\/p>\n    <hr class=\"sv-hr-base\">\n    <div class=\"sv-2nd-text\">Die Festung Aarburg ist nicht zu \u00fcbersehen, sie pr\u00e4gt die Region. Warum steht sie dort, warum ist sie so gross und welche geschichtstr\u00e4chtigen Personen haben sie bewohnt?<\/div>\n  <div style=\"position:absolute;bottom:15px;right:25px;color:#bbbbbb;line-height:30px;font-weight:400;\">\n  <!--      Art | <strong>Vortrag<\/strong>-->\n  <\/div>\n  <\/div>\n<\/div>\n<div class=\"col-sm-6 sv-div-defpad course-click\" style=\"cursor:pointer;\" data-url=\"\/zofingen\/events\/kursdetail\/wo-worte-wachsen\/25-26-2519\/\">\n  <img decoding=\"async\" src=\"\/vhszofingen\/EventImages\/worte-wachsen-kl.jpg\" class=\"img-fluid sv-image-base\">\n  <div class=\"row\" style=\"background-color:#eeeeee;margin-right:0px;margin-left:0px;border-bottom:3px solid #ffffff;border-top:3px solid #ffffff;\">\n    <div class=\"sv-2nd-date\">19.05.<\/div>\n    <div class=\"sv-2nd-region-first\">Zofingen<\/div>\n  <\/div>\n  <div class=\"sv-text-back\" style=\"position:relative;\">\n    <p class=\"sv-2nd-header\"><a href=\"\/zofingen\/events\/kursdetail\/wo-worte-wachsen\/25-26-2519\/\">Wo Worte wachsen<\/a><\/p>\n    <hr class=\"sv-hr-base\">\n    <div class=\"sv-2nd-text\">Im Kurs \"Wo Worte wachsen\" l\u00e4dt Emiliana Salvisberg dazu ein, an inspirierenden Orten mit allen Sinnen zu schreiben - im Gr\u00fcnen, am Wasser, in Museen und Galerien. Ziel ist es, Eindr\u00fccke aus der Umgebung in lebendige Texte zu verwandeln. Sie erleben, wie Sinneseindr\u00fccke wie D\u00fcfte, Ger\u00e4usche oder Lichtstimmungen die Kreativit\u00e4t befl\u00fcgeln und direkt ins Schreiben einfliessen k\u00f6nnen.<\/div>\n  <div style=\"position:absolute;bottom:15px;right:25px;color:#bbbbbb;line-height:30px;font-weight:400;\">\n  <!--      Art | <strong>Vortrag<\/strong>-->\n  <\/div>\n  <\/div>\n<\/div>\n<div class=\"col-sm-6 sv-div-defpad course-click\" style=\"cursor:pointer;\" data-url=\"\/zofingen\/events\/kursdetail\/nassreis-anbau-in-symbiose-mit-biodiversitaetsfoerderung\/25-26-2529\/\">\n  <img decoding=\"async\" src=\"\/vhszofingen\/EventImages\/Wildenau_nassreis.jpg\" class=\"img-fluid sv-image-base\">\n  <div class=\"row\" style=\"background-color:#eeeeee;margin-right:0px;margin-left:0px;border-bottom:3px solid #ffffff;border-top:3px solid #ffffff;\">\n    <div class=\"sv-2nd-date\">29.05.<\/div>\n    <div class=\"sv-2nd-region-first\">Stetten<\/div>\n  <\/div>\n  <div class=\"sv-text-back\" style=\"position:relative;\">\n    <p class=\"sv-2nd-header\"><a href=\"\/zofingen\/events\/kursdetail\/nassreis-anbau-in-symbiose-mit-biodiversitaetsfoerderung\/25-26-2529\/\">Nassreis-Anbau in Symbiose mit Biodiversit\u00e4tsf\u00f6rderung<\/a><\/p>\n    <hr class=\"sv-hr-base\">\n    <div class=\"sv-2nd-text\">Im Aargau wird Nassreis angebaut. Auf Pionierbetrieben werden so zwei Ziele erfolgreich fusioniert: Produktion eines landwirtschaftlichen Qualit\u00e4tsprodukts und F\u00f6rderung der Biodiversit\u00e4t dort, wo fr\u00fcher ein Feuchtgebiet war.<\/div>\n  <div style=\"position:absolute;bottom:15px;right:25px;color:#bbbbbb;line-height:30px;font-weight:400;\">\n  <!--      Art | <strong>Vortrag<\/strong>-->\n  <\/div>\n  <\/div>\n<\/div>\n<div class=\"col-sm-6 sv-div-defpad course-click\" style=\"cursor:pointer;\" data-url=\"\/zofingen\/events\/kursdetail\/tschechien-reiche-geschichte-und-kultur\/26-27-0915\/\">\n  <img decoding=\"async\" src=\"\/vhszofingen\/EventImages\/Vaclav Sulista 3.jpg\" class=\"img-fluid sv-image-base\">\n  <div class=\"row\" style=\"background-color:#eeeeee;margin-right:0px;margin-left:0px;border-bottom:3px solid #ffffff;border-top:3px solid #ffffff;\">\n    <div class=\"sv-2nd-date\">15.09.<\/div>\n    <div class=\"sv-2nd-region-first\">Zofingen<\/div>\n  <\/div>\n  <div class=\"sv-text-back\" style=\"position:relative;\">\n    <p class=\"sv-2nd-header\"><a href=\"\/zofingen\/events\/kursdetail\/tschechien-reiche-geschichte-und-kultur\/26-27-0915\/\">Tschechien, reiche Geschichte und Kultur<\/a><\/p>\n    <hr class=\"sv-hr-base\">\n    <div class=\"sv-2nd-text\">Tschechien, ein Land, fast doppelt so gross wie die Schweiz, bietet eine enorme kulturelle Vielfalt mit einer reichen Geschichte und ist heute eine der wirtschaftlich erfolgreichsten Volkswirtschaften der EU.<\/div>\n  <div style=\"position:absolute;bottom:15px;right:25px;color:#bbbbbb;line-height:30px;font-weight:400;\">\n  <!--      Art | <strong>Vortrag<\/strong>-->\n  <\/div>\n  <\/div>\n<\/div>\n<div class=\"col-sm-6 sv-div-defpad course-click\" style=\"cursor:pointer;\" data-url=\"\/zofingen\/events\/kursdetail\/sternstunden-und-abgruende-der-kirchgeschichte\/26-27-1013\/\">\n  <img decoding=\"async\" src=\"\/vhszofingen\/EventImages\/kirchgeschichte-zykl-4.jpg\" class=\"img-fluid sv-image-base\">\n  <div class=\"row\" style=\"background-color:#eeeeee;margin-right:0px;margin-left:0px;border-bottom:3px solid #ffffff;border-top:3px solid #ffffff;\">\n    <div class=\"sv-2nd-date\">13.10.<\/div>\n    <div class=\"sv-2nd-region-first\">Zofingen<\/div>\n  <\/div>\n  <div class=\"sv-text-back\" style=\"position:relative;\">\n    <p class=\"sv-2nd-header\"><a href=\"\/zofingen\/events\/kursdetail\/sternstunden-und-abgruende-der-kirchgeschichte\/26-27-1013\/\">Sternstunden und Abgr\u00fcnde der Kirchgeschichte<\/a><\/p>\n    <hr class=\"sv-hr-base\">\n    <div class=\"sv-2nd-text\">Vieles, was unser Leben in der modernen Welt ausmacht, k\u00f6nnen wir besser verstehen, wenn wir um die Herkunft und die Vergangenheit wissen. Die Vortragsreihe befasst sich mit der Entwicklung unserer Kultur und zeigt auf, wie unsere religi\u00f6sen Wurzeln und die christliche Kirche unsere Kultur und Weltanschauung bis heute pr\u00e4gt.<\/div>\n  <div style=\"position:absolute;bottom:15px;right:25px;color:#bbbbbb;line-height:30px;font-weight:400;\">\n  <!--      Art | <strong>Vortrag<\/strong>-->\n  <\/div>\n  <\/div>\n<\/div>\n<div class=\"col-sm-6 sv-div-defpad course-click\" style=\"cursor:pointer;\" data-url=\"\/zofingen\/events\/kursdetail\/palliative-care-lebensqualitaet-trotz-schwerer-krankheit\/26-27-1021\/\">\n  <img decoding=\"async\" src=\"\/vhszofingen\/EventImages\/palliative-care-def.jpg\" class=\"img-fluid sv-image-base\">\n  <div class=\"row\" style=\"background-color:#eeeeee;margin-right:0px;margin-left:0px;border-bottom:3px solid #ffffff;border-top:3px solid #ffffff;\">\n    <div class=\"sv-2nd-date\">21.10.<\/div>\n    <div class=\"sv-2nd-region-first\">Zofingen<\/div>\n  <\/div>\n  <div class=\"sv-text-back\" style=\"position:relative;\">\n    <p class=\"sv-2nd-header\"><a href=\"\/zofingen\/events\/kursdetail\/palliative-care-lebensqualitaet-trotz-schwerer-krankheit\/26-27-1021\/\">Palliative Care \u2013 Lebensqualit\u00e4t trotz schwerer Krankheit<\/a><\/p>\n    <hr class=\"sv-hr-base\">\n    <div class=\"sv-2nd-text\">Der Vortrag gibt einen verst\u00e4ndlichen Einblick in die Grundlagen und Ziele der Palliative Care und zeigt, wie eine ganzheitliche Betreuung die Lebensqualit\u00e4t schwerkranker Menschen verbessern kann und welche Rolle W\u00fcrde, Selbstbestimmung und Begleitung am Lebensende spielen.<\/div>\n  <div style=\"position:absolute;bottom:15px;right:25px;color:#bbbbbb;line-height:30px;font-weight:400;\">\n  <!--      Art | <strong>Vortrag<\/strong>-->\n  <\/div>\n  <\/div>\n<\/div>\n<div class=\"col-sm-6 sv-div-defpad course-click\" style=\"cursor:pointer;\" data-url=\"\/zofingen\/events\/kursdetail\/muss-sich-die-schweiz-auch-warm-anziehen\/26-27-1027\/\">\n  <img decoding=\"async\" src=\"\/vhszofingen\/EventImages\/welt-.und sicherheitspolitik.jpg\" class=\"img-fluid sv-image-base\">\n  <div class=\"row\" style=\"background-color:#eeeeee;margin-right:0px;margin-left:0px;border-bottom:3px solid #ffffff;border-top:3px solid #ffffff;\">\n    <div class=\"sv-2nd-date\">27.10.<\/div>\n    <div class=\"sv-2nd-region-first\">Zofingen<\/div>\n  <\/div>\n  <div class=\"sv-text-back\" style=\"position:relative;\">\n    <p class=\"sv-2nd-header\"><a href=\"\/zofingen\/events\/kursdetail\/muss-sich-die-schweiz-auch-warm-anziehen\/26-27-1027\/\">Muss sich die Schweiz (auch) warm anziehen?<\/a><\/p>\n    <hr class=\"sv-hr-base\">\n    <div class=\"sv-2nd-text\">Die brachialen weltpolitischen Umw\u00e4lzungen betreffen auch die Schweiz. Mit welchen konkreten Konsequenzen? Dr. Urs V\u00f6geli, Direktor des Swiss Institute for Glabal Affairs, kl\u00e4rt uns auf.<\/div>\n  <div style=\"position:absolute;bottom:15px;right:25px;color:#bbbbbb;line-height:30px;font-weight:400;\">\n  <!--      Art | <strong>Vortrag<\/strong>-->\n  <\/div>\n  <\/div>\n<\/div>\n<div class=\"col-sm-6 sv-div-defpad course-click\" style=\"cursor:pointer;\" data-url=\"\/zofingen\/events\/kursdetail\/warum-wir-nicht-nachhaltig-handeln\/26-27-1111\/\">\n  <img decoding=\"async\" src=\"\/vhszofingen\/EventImages\/NachhaltigesHandeln\u00a92026 Darina Trofimova.jpg\" class=\"img-fluid sv-image-base\">\n  <div class=\"row\" style=\"background-color:#eeeeee;margin-right:0px;margin-left:0px;border-bottom:3px solid #ffffff;border-top:3px solid #ffffff;\">\n    <div class=\"sv-2nd-date\">11.11.<\/div>\n    <div class=\"sv-2nd-region-first\">Zofingen<\/div>\n  <\/div>\n  <div class=\"sv-text-back\" style=\"position:relative;\">\n    <p class=\"sv-2nd-header\"><a href=\"\/zofingen\/events\/kursdetail\/warum-wir-nicht-nachhaltig-handeln\/26-27-1111\/\">Warum wir nicht nachhaltig handeln<\/a><\/p>\n    <hr class=\"sv-hr-base\">\n    <div class=\"sv-2nd-text\">Zwar sind wir gut dar\u00fcber informiert, was f\u00fcr Natur und Umwelt langfristig vertr\u00e4glich ist und was nicht. Aber wir verhalten uns real wider besseres Wissen doch h\u00e4ufig wenig nachhaltig. Die Gr\u00fcnde f\u00fcr dieses Ph\u00e4nomen sind vielf\u00e4ltig.\r\nFoto: Nachhaltiges Handeln\u00a92026 Darina Trofimova<\/div>\n  <div style=\"position:absolute;bottom:15px;right:25px;color:#bbbbbb;line-height:30px;font-weight:400;\">\n  <!--      Art | <strong>Vortrag<\/strong>-->\n  <\/div>\n  <\/div>\n<\/div>\n<div class=\"col-sm-6 sv-div-defpad course-click\" style=\"cursor:pointer;\" data-url=\"\/zofingen\/events\/kursdetail\/die-waldschnepfe-eine-heimlichtuerin-in-unseren-waeldern\/26-27-1112\/\">\n  <img decoding=\"async\" src=\"\/vhszofingen\/EventImages\/waldschnepfe.jpg\" class=\"img-fluid sv-image-base\">\n  <div class=\"row\" style=\"background-color:#eeeeee;margin-right:0px;margin-left:0px;border-bottom:3px solid #ffffff;border-top:3px solid #ffffff;\">\n    <div class=\"sv-2nd-date\">12.11.<\/div>\n    <div class=\"sv-2nd-region-first\">Zofingen<\/div>\n  <\/div>\n  <div class=\"sv-text-back\" style=\"position:relative;\">\n    <p class=\"sv-2nd-header\"><a href=\"\/zofingen\/events\/kursdetail\/die-waldschnepfe-eine-heimlichtuerin-in-unseren-waeldern\/26-27-1112\/\">Die Waldschnepfe - eine Heimlichtuerin in unseren W\u00e4ldern<\/a><\/p>\n    <hr class=\"sv-hr-base\">\n    <div class=\"sv-2nd-text\">Die Waldschnepfe ist die vielleicht schr\u00e4gste einheimische Vogelart. Ein Watvogel, der im Wald br\u00fctet, wie ein Frosch ruft, die hellsten Federflecken der gesamten Vogelwelt sein Eigen nennt und w\u00e4hrend der kalten Jahreszeit nach S\u00fcdwesten wegzieht.<\/div>\n  <div style=\"position:absolute;bottom:15px;right:25px;color:#bbbbbb;line-height:30px;font-weight:400;\">\n  <!--      Art | <strong>Vortrag<\/strong>-->\n  <\/div>\n  <\/div>\n<\/div>\n<div class=\"col-sm-6 sv-div-defpad course-click\" style=\"cursor:pointer;\" data-url=\"\/zofingen\/events\/kursdetail\/film-und-jazz-jazz-im-film\/26-27-1120\/\">\n  <img decoding=\"async\" src=\"\/vhszofingen\/EventImages\/blaser.b_kl-1.jpg\" class=\"img-fluid sv-image-base\">\n  <div class=\"row\" style=\"background-color:#eeeeee;margin-right:0px;margin-left:0px;border-bottom:3px solid #ffffff;border-top:3px solid #ffffff;\">\n    <div class=\"sv-2nd-date\">20.11.<\/div>\n    <div class=\"sv-2nd-region-first\">Zofingen<\/div>\n  <\/div>\n  <div class=\"sv-text-back\" style=\"position:relative;\">\n    <p class=\"sv-2nd-header\"><a href=\"\/zofingen\/events\/kursdetail\/film-und-jazz-jazz-im-film\/26-27-1120\/\">\u00abFilm und Jazz - Jazz im Film\u00bb<\/a><\/p>\n    <hr class=\"sv-hr-base\">\n    <div class=\"sv-2nd-text\">Film und Jazz sind zwei Kunstformen des 20. Jahrhunderts, sie haben sich parallel entwickelt und sich gegenseitig immer wieder befruchtet.<\/div>\n  <div style=\"position:absolute;bottom:15px;right:25px;color:#bbbbbb;line-height:30px;font-weight:400;\">\n  <!--      Art | <strong>Vortrag<\/strong>-->\n  <\/div>\n  <\/div>\n<\/div>\n<div class=\"col-sm-6 sv-div-defpad course-click\" style=\"cursor:pointer;\" data-url=\"\/zofingen\/events\/kursdetail\/versorgungsengpaesse-doch-nicht-in-der-schweiz\/26-27-1202\/\">\n  <img decoding=\"async\" src=\"\/vhszofingen\/EventImages\/Heilmittel_Homepage_BWL.jpg\" class=\"img-fluid sv-image-base\">\n  <div class=\"row\" style=\"background-color:#eeeeee;margin-right:0px;margin-left:0px;border-bottom:3px solid #ffffff;border-top:3px solid #ffffff;\">\n    <div class=\"sv-2nd-date\">02.12.<\/div>\n    <div class=\"sv-2nd-region-first\">Zofingen<\/div>\n  <\/div>\n  <div class=\"sv-text-back\" style=\"position:relative;\">\n    <p class=\"sv-2nd-header\"><a href=\"\/zofingen\/events\/kursdetail\/versorgungsengpaesse-doch-nicht-in-der-schweiz\/26-27-1202\/\">Versorgungsengp\u00e4sse \u2013 doch nicht in der Schweiz!<\/a><\/p>\n    <hr class=\"sv-hr-base\">\n    <div class=\"sv-2nd-text\">Wie hat sich die wirtschaftliche Landesversorgung entwickelt? Wie steht es um die Eigenproduktion? Wie l\u00e4uft die Pflichtlagerhaltung? Wie abh\u00e4ngig sind wir von anderen L\u00e4ndern, M\u00e4rkten und Machtspielen?<\/div>\n  <div style=\"position:absolute;bottom:15px;right:25px;color:#bbbbbb;line-height:30px;font-weight:400;\">\n  <!--      Art | <strong>Vortrag<\/strong>-->\n  <\/div>\n  <\/div>\n<\/div>\n  <div class=\"col-md-12\" style=\"justify-content: center\">\n    <nav aria-label=\"Page navigation example\">\n      <ul class=\"pagination\" style=\"justify-content: center;\">\n        <li class=\"page-item active\"><a href=\"https:\/\/www.vhsag.ch\/zofingen\/events\/\" class=\"page-link\">1<\/a><\/li>\n        <li class=\"page-item \"><a href=\"https:\/\/www.vhsag.ch\/zofingen\/events\/?welante[page]=2\" class=\"page-link\">2<\/a><\/li>\n        <li class=\"page-item \"><a href=\"https:\/\/www.vhsag.ch\/zofingen\/events\/?welante[page]=3\" class=\"page-link\">3<\/a><\/li>\n        <li class=\"page-item\"><a class=\"page-link\" href=\"https:\/\/www.vhsag.ch\/zofingen\/events\/?welante[page]=2\">&gt;<\/a><\/li>\n      <\/ul>\n    <\/nav>\n  <\/div>\n<\/div>\n\n","protected":false},"excerpt":{"rendered":"","protected":false},"author":1,"featured_media":0,"parent":0,"menu_order":0,"comment_status":"closed","ping_status":"closed","template":"","meta":{"footnotes":""},"class_list":["post-14","page","type-page","status-publish","hentry"],"_links":{"self":[{"href":"https:\/\/www.vhsag.ch\/zofingen\/wp-json\/wp\/v2\/pages\/14","targetHints":{"allow":["GET"]}}],"collection":[{"href":"https:\/\/www.vhsag.ch\/zofingen\/wp-json\/wp\/v2\/pages"}],"about":[{"href":"https:\/\/www.vhsag.ch\/zofingen\/wp-json\/wp\/v2\/types\/page"}],"author":[{"embeddable":true,"href":"https:\/\/www.vhsag.ch\/zofingen\/wp-json\/wp\/v2\/users\/1"}],"replies":[{"embeddable":true,"href":"https:\/\/www.vhsag.ch\/zofingen\/wp-json\/wp\/v2\/comments?post=14"}],"version-history":[{"count":1,"href":"https:\/\/www.vhsag.ch\/zofingen\/wp-json\/wp\/v2\/pages\/14\/revisions"}],"predecessor-version":[{"id":16,"href":"https:\/\/www.vhsag.ch\/zofingen\/wp-json\/wp\/v2\/pages\/14\/revisions\/16"}],"wp:attachment":[{"href":"https:\/\/www.vhsag.ch\/zofingen\/wp-json\/wp\/v2\/media?parent=14"}],"curies":[{"name":"wp","href":"https:\/\/api.w.org\/{rel}","templated":true}]}}