{"id":11,"date":"2022-07-12T13:57:07","date_gmt":"2022-07-12T11:57:07","guid":{"rendered":"https:\/\/www.vhsag.ch\/wynental\/?page_id=11"},"modified":"2022-07-12T13:57:07","modified_gmt":"2022-07-12T11:57:07","slug":"events","status":"publish","type":"page","link":"https:\/\/www.vhsag.ch\/wynental\/events\/","title":{"rendered":"Veranstaltungen"},"content":{"rendered":"<div class=\"row\" style=\"margin-top:10px;line-height:40px;\">\n  <nav class=\"navbar navbar-expand-lg navbar-light bg-light\" style=\"width: 100%;\">\n    <a class=\"navbar-brand\" href=\"#\">Auswahl<\/a>\n    <button class=\"navbar-toggler\" type=\"button\" data-toggle=\"collapse\" data-target=\"#navbarNavDropdown\" aria-controls=\"navbarNavDropdown\" aria-expanded=\"false\" aria-label=\"Toggle navigation\">\n    <span class=\"navbar-toggler-icon\"><\/span>\n    <\/button>\n    <div class=\"collapse navbar-collapse\" id=\"navbarNavDropdown\" style=\"justify-content: space-between;\">\n      <ul class=\"navbar-nav\">\n        <li class=\"nav-item dropdown\" style=\"margin-left:15px;\">\n          <a class=\"nav-link dropdown-toggle\" href=\"#\" id=\"navbarDropdownMenuLink\" data-toggle=\"dropdown\" aria-haspopup=\"true\" aria-expanded=\"false\">\n            Monat          <\/a>\n          <div class=\"dropdown-menu\" aria-labelledby=\"navbarDropdownMenuLink\">\n            <a class=\"dropdown-item\" href=\"https:\/\/www.vhsag.ch\/wynental\/events\/?welante[datemonth]=2026-04\">Apr '26<\/a>\n            <a class=\"dropdown-item\" href=\"https:\/\/www.vhsag.ch\/wynental\/events\/?welante[datemonth]=2026-05\">Mai '26<\/a>\n            <a class=\"dropdown-item\" href=\"https:\/\/www.vhsag.ch\/wynental\/events\/?welante[datemonth]=2026-06\">Jun '26<\/a>\n          <\/div>\n        <\/li>\n        <li class=\"nav-item dropdown\" style=\"margin-left:15px;\">\n          <a class=\"nav-link dropdown-toggle\" href=\"#\" id=\"navbarDropdownMenuLink\" data-toggle=\"dropdown\" aria-haspopup=\"true\" aria-expanded=\"false\">\n            Kategorie          <\/a>\n          <div class=\"dropdown-menu\" aria-labelledby=\"navbarDropdownMenuLink\">\n            <a class=\"dropdown-item\" href=\"https:\/\/www.vhsag.ch\/wynental\/events\/?welante[category]=reisen\">L\u00e4nder, Menschen, Reisen<\/a>\n            <a class=\"dropdown-item\" href=\"https:\/\/www.vhsag.ch\/wynental\/events\/?welante[category]=natur-technik\">Natur, Technik, Wirtschaft<\/a>\n            <a class=\"dropdown-item\" href=\"https:\/\/www.vhsag.ch\/wynental\/events\/?welante[category]=gesundheit\">Gesundheit<\/a>\n            <a class=\"dropdown-item\" href=\"https:\/\/www.vhsag.ch\/wynental\/events\/?welante[category]=bildung-erziehung\">Bildung, Erziehung, Lebenshilfe<\/a>\n            <a class=\"dropdown-item\" href=\"https:\/\/www.vhsag.ch\/wynental\/events\/?welante[category]=medien\">Medien<\/a>\n            <a class=\"dropdown-item\" href=\"https:\/\/www.vhsag.ch\/wynental\/events\/?welante[category]=kreativitaet\">Kreativit\u00e4t<\/a>\n            <a class=\"dropdown-item\" href=\"https:\/\/www.vhsag.ch\/wynental\/events\/?welante[category]=grundkompetenzen\">Grundkompetenzen<\/a>\n            <a class=\"dropdown-item\" href=\"https:\/\/www.vhsag.ch\/wynental\/events\/?welante[category]=sprachen\">Sprachen<\/a>\n            <a class=\"dropdown-item\" href=\"https:\/\/www.vhsag.ch\/wynental\/events\/?welante[category]=kulinarik\">Kulinarik<\/a>\n            <a class=\"dropdown-item\" href=\"https:\/\/www.vhsag.ch\/wynental\/events\/?welante[category]=gesellschaft-politik\">Gesellschaft, Politik, Geschichte<\/a>\n            <a class=\"dropdown-item\" href=\"https:\/\/www.vhsag.ch\/wynental\/events\/?welante[category]=musik-kunst-kultur\">Musik, Literatur, Kunst, Philosophie<\/a>\n            <a class=\"dropdown-item\" href=\"https:\/\/www.vhsag.ch\/wynental\/events\/?welante[category]=schwerpunkt-aargau\">Schwerpunkt Aargau<\/a>\n          <\/div>\n        <\/li>\n        <li class=\"nav-item dropdown\" style=\"margin-left:15px;\">\n          <a class=\"nav-link dropdown-toggle\" href=\"#\" id=\"navbarDropdownMenuLink\" data-toggle=\"dropdown\" aria-haspopup=\"true\" aria-expanded=\"false\">\n            K\u00fcnftig          <\/a>\n          <div class=\"dropdown-menu\" aria-labelledby=\"navbarDropdownMenuLink\">\n            <a class=\"dropdown-item\" href=\"https:\/\/www.vhsag.ch\/wynental\/events\/?welante[starttime]=all\">Alle<\/a>\n            <a class=\"dropdown-item\" href=\"https:\/\/www.vhsag.ch\/wynental\/events\/?welante[starttime]=future\">K\u00fcnftig<\/a>\n            <a class=\"dropdown-item\" href=\"https:\/\/www.vhsag.ch\/wynental\/events\/?welante[starttime]=runningfuture\">Laufend & k\u00fcnftig<\/a>\n            <a class=\"dropdown-item\" href=\"https:\/\/www.vhsag.ch\/wynental\/events\/?welante[starttime]=past\">Vorbei<\/a>\n          <\/div>\n        <\/li>\n        <li class=\"nav-item dropdown\" style=\"margin-left:15px;\">\n          <a class=\"nav-link dropdown-toggle\" href=\"#\" id=\"navbarDropdownMenuLink\" data-toggle=\"dropdown\" aria-haspopup=\"true\" aria-expanded=\"false\">\n            Wochentag          <\/a>\n          <div class=\"dropdown-menu\" aria-labelledby=\"navbarDropdownMenuLink\">\n            <a class=\"dropdown-item\" href=\"https:\/\/www.vhsag.ch\/wynental\/events\/?welante[startday][]=mo\">Montag<\/a>\n            <a class=\"dropdown-item\" href=\"https:\/\/www.vhsag.ch\/wynental\/events\/?welante[startday][]=tu\">Dienstag<\/a>\n            <a class=\"dropdown-item\" href=\"https:\/\/www.vhsag.ch\/wynental\/events\/?welante[startday][]=we\">Mittwoch<\/a>\n            <a class=\"dropdown-item\" href=\"https:\/\/www.vhsag.ch\/wynental\/events\/?welante[startday][]=th\">Donnerstag<\/a>\n            <a class=\"dropdown-item\" href=\"https:\/\/www.vhsag.ch\/wynental\/events\/?welante[startday][]=fr\">Freitag<\/a>\n            <a class=\"dropdown-item\" href=\"https:\/\/www.vhsag.ch\/wynental\/events\/?welante[startday][]=sa\">Samstag<\/a>\n            <a class=\"dropdown-item\" href=\"https:\/\/www.vhsag.ch\/wynental\/events\/?welante[startday][]=su\">Sonntag<\/a>\n          <\/div>\n        <\/li>\n      <\/ul>\n      <form method=\"GET\" action=\"\" id=\"course_filter_form\" class=\"form-inline my-2 my-lg-0\">\n        <input class=\"form-control mr-sm-2\" type=\"search\" name=\"welante[keyword]\" value=\"\" placeholder=\"oder suchen ...\" aria-label=\"Search\">\n        <button class=\"btn btn-outline-success my-2 my-sm-0\" type=\"submit\">Go!<\/button>\n      <\/form>\n    <\/div>\n  <\/nav>\n<\/div>\n\n\n\n\n<div class=\"row\">\n  <div class=\"col-sm-12 sv-header-count-events\">\n    <strong>11<\/strong> Veranstaltungen gefunden <span style=\"font-size: 60%\">(<a href=\"https:\/\/www.vhsag.ch\/wynental\/events\/\">Zur\u00fccksetzen<\/a>)<\/span>\n  <\/div>\n<\/div>\n<div class=\"row\">\n  <div class=\"col-md-12 mt-2 mb-2\" style=\"justify-content: center\">\n    <nav aria-label=\"Page navigation example\">\n      <ul class=\"pagination\" style=\"justify-content: center;\">\n        <li class=\"page-item active\"><a href=\"https:\/\/www.vhsag.ch\/wynental\/events\/\" class=\"page-link\">1<\/a><\/li>\n      <\/ul>\n    <\/nav>\n  <\/div>\n<div class=\"col-sm-6 sv-div-defpad course-click\" style=\"cursor:pointer;\" data-url=\"\/wynental\/events\/kursdetail\/bitcoin\/25-26-E02\/\">\n  <img decoding=\"async\" src=\"\/vhswynental\/EventImages\/Bitcoin.jpg\" class=\"img-fluid sv-image-base\">\n  <div class=\"row\" style=\"background-color:#eeeeee;margin-right:0px;margin-left:0px;border-bottom:3px solid #ffffff;border-top:3px solid #ffffff;\">\n    <div class=\"sv-2nd-date\">21.04.<\/div>\n    <div class=\"sv-2nd-region-first\">Online<\/div>\n  <\/div>\n  <div class=\"sv-text-back\" style=\"position:relative;\">\n    <p class=\"sv-2nd-header\"><a href=\"\/wynental\/events\/kursdetail\/bitcoin\/25-26-E02\/\">Bitcoin<\/a><\/p>\n    <hr class=\"sv-hr-base\">\n    <div class=\"sv-2nd-text\">Nach diesem Kurs werden Sie die Welt der Bitcoins verstehen. Sie lernen viele spannende Dinge wie beispielsweise, was eine Blockchain ist, welche sonstigen Kryptow\u00e4hrungen es gibt, wie Bitcoins \u00fcberhaupt aufbewahrt werden und welche Apps Sie dabei unterst\u00fctzen. Mit einem kleinen Bitcoin-Guthaben verlassen Sie den Kurs und sind bereit daf\u00fcr, in der Welt der Bitcoins Fuss zu fassen.<\/div>\n  <div style=\"position:absolute;bottom:15px;right:25px;color:#bbbbbb;line-height:30px;font-weight:400;\">\n  <!--      Art | <strong>Vortrag<\/strong>-->\n  <\/div>\n  <\/div>\n<\/div>\n<div class=\"col-sm-6 sv-div-defpad course-click\" style=\"cursor:pointer;\" data-url=\"\/wynental\/events\/kursdetail\/barfussworkshop\/25-26-P41\/\">\n  <img decoding=\"async\" src=\"\/vhswynental\/EventImages\/Barfussworkshop.jpg\" class=\"img-fluid sv-image-base\">\n  <div class=\"row\" style=\"background-color:#eeeeee;margin-right:0px;margin-left:0px;border-bottom:3px solid #ffffff;border-top:3px solid #ffffff;\">\n    <div class=\"sv-2nd-date\">25.04.<\/div>\n    <div class=\"sv-2nd-region-first\">Menziken<\/div>\n  <\/div>\n  <div class=\"sv-text-back\" style=\"position:relative;\">\n    <p class=\"sv-2nd-header\"><a href=\"\/wynental\/events\/kursdetail\/barfussworkshop\/25-26-P41\/\">Barfussworkshop<\/a><\/p>\n    <hr class=\"sv-hr-base\">\n    <div class=\"sv-2nd-text\">Gesunde und starke F\u00fcsse f\u00fcr eine stabile Basis!<\/div>\n  <div style=\"position:absolute;bottom:15px;right:25px;color:#bbbbbb;line-height:30px;font-weight:400;\">\n  <!--      Art | <strong>Vortrag<\/strong>-->\n  <\/div>\n  <\/div>\n<\/div>\n<div class=\"col-sm-6 sv-div-defpad course-click\" style=\"cursor:pointer;\" data-url=\"\/wynental\/events\/kursdetail\/meditatives-fotografieren\/25-26-P43\/\">\n  <img decoding=\"async\" src=\"\/vhswynental\/EventImages\/Meditatives Fotografieren_abgesagt.jpg\" class=\"img-fluid sv-image-base\">\n  <div class=\"row\" style=\"background-color:#eeeeee;margin-right:0px;margin-left:0px;border-bottom:3px solid #ffffff;border-top:3px solid #ffffff;\">\n    <div class=\"sv-2nd-date\">02.05.<\/div>\n    <div class=\"sv-2nd-region-first\">Menziken<\/div>\n  <\/div>\n  <div class=\"sv-text-back\" style=\"position:relative;\">\n    <p class=\"sv-2nd-header\"><a href=\"\/wynental\/events\/kursdetail\/meditatives-fotografieren\/25-26-P43\/\">Meditatives Fotografieren<\/a><\/p>\n    <hr class=\"sv-hr-base\">\n    <div class=\"sv-2nd-text\">Den Alltag vergessen \u2013 innere Ruhe finden \u2013 Kraft tanken<\/div>\n  <div style=\"position:absolute;bottom:15px;right:25px;color:#bbbbbb;line-height:30px;font-weight:400;\">\n  <!--      Art | <strong>Vortrag<\/strong>-->\n  <\/div>\n  <\/div>\n<\/div>\n<div class=\"col-sm-6 sv-div-defpad course-click\" style=\"cursor:pointer;\" data-url=\"\/wynental\/events\/kursdetail\/computeria-fuer-seniorinnen-und-senioren\/25-26-C09\/\">\n  <img decoding=\"async\" src=\"\/vhswynental\/EventImages\/Computeria_Tinte.jpg\" class=\"img-fluid sv-image-base\">\n  <div class=\"row\" style=\"background-color:#eeeeee;margin-right:0px;margin-left:0px;border-bottom:3px solid #ffffff;border-top:3px solid #ffffff;\">\n    <div class=\"sv-2nd-date\">06.05.<\/div>\n    <div class=\"sv-2nd-region-first\">Reinach AG<\/div>\n  <\/div>\n  <div class=\"sv-text-back\" style=\"position:relative;\">\n    <p class=\"sv-2nd-header\"><a href=\"\/wynental\/events\/kursdetail\/computeria-fuer-seniorinnen-und-senioren\/25-26-C09\/\">Computeria f\u00fcr Seniorinnen und Senioren<\/a><\/p>\n    <hr class=\"sv-hr-base\">\n    <div class=\"sv-2nd-text\">In der Computeria treffen sich \u00e4ltere Computerinteressierte und pflegen Gedanken- und Erfahrungsaustausch. Am Computer \u00fcben, surfen, mailen oder einfach mal ins Internet hineinschauen.<\/div>\n  <div style=\"position:absolute;bottom:15px;right:25px;color:#bbbbbb;line-height:30px;font-weight:400;\">\n  <!--      Art | <strong>Vortrag<\/strong>-->\n  <\/div>\n  <\/div>\n<\/div>\n<div class=\"col-sm-6 sv-div-defpad course-click\" style=\"cursor:pointer;\" data-url=\"\/wynental\/events\/kursdetail\/fuehrung-kwc\/25-26-P44\/\">\n  <img decoding=\"async\" src=\"\/vhswynental\/EventImages\/KWC.jpg\" class=\"img-fluid sv-image-base\">\n  <div class=\"row\" style=\"background-color:#eeeeee;margin-right:0px;margin-left:0px;border-bottom:3px solid #ffffff;border-top:3px solid #ffffff;\">\n    <div class=\"sv-2nd-date\">12.05.<\/div>\n    <div class=\"sv-2nd-region-first\">Unterkulm<\/div>\n  <\/div>\n  <div class=\"sv-text-back\" style=\"position:relative;\">\n    <p class=\"sv-2nd-header\"><a href=\"\/wynental\/events\/kursdetail\/fuehrung-kwc\/25-26-P44\/\">F\u00fchrung KWC<\/a><\/p>\n    <hr class=\"sv-hr-base\">\n    <div class=\"sv-2nd-text\">Besuchen Sie mit uns ein einheimisches Unternehmen, dessen Produkte jeder Mann und jede Frau bestens kennt.<\/div>\n  <div style=\"position:absolute;bottom:15px;right:25px;color:#bbbbbb;line-height:30px;font-weight:400;\">\n  <!--      Art | <strong>Vortrag<\/strong>-->\n  <\/div>\n  <\/div>\n<\/div>\n<div class=\"col-sm-6 sv-div-defpad course-click\" style=\"cursor:pointer;\" data-url=\"\/wynental\/events\/kursdetail\/abendliche-fledermausexqursion\/25-26-P45\/\">\n  <img decoding=\"async\" src=\"\/vhswynental\/EventImages\/Fledermaus.jpg\" class=\"img-fluid sv-image-base\">\n  <div class=\"row\" style=\"background-color:#eeeeee;margin-right:0px;margin-left:0px;border-bottom:3px solid #ffffff;border-top:3px solid #ffffff;\">\n    <div class=\"sv-2nd-date\">19.05.<\/div>\n    <div class=\"sv-2nd-region-first\">Beinwil am See<\/div>\n  <\/div>\n  <div class=\"sv-text-back\" style=\"position:relative;\">\n    <p class=\"sv-2nd-header\"><a href=\"\/wynental\/events\/kursdetail\/abendliche-fledermausexqursion\/25-26-P45\/\">Abendliche Fledermausexqursion<\/a><\/p>\n    <hr class=\"sv-hr-base\">\n    <div class=\"sv-2nd-text\">Haben Sie schon einmal eine Fledermaus gesehen? Haben Sie schon einmal eine Fledermaus geh\u00f6rt? An diesem Abend werden Sie beides erleben.<\/div>\n  <div style=\"position:absolute;bottom:15px;right:25px;color:#bbbbbb;line-height:30px;font-weight:400;\">\n  <!--      Art | <strong>Vortrag<\/strong>-->\n  <\/div>\n  <\/div>\n<\/div>\n<div class=\"col-sm-6 sv-div-defpad course-click\" style=\"cursor:pointer;\" data-url=\"\/wynental\/events\/kursdetail\/waldbaden\/25-26-P46\/\">\n  <img decoding=\"async\" src=\"\/vhswynental\/EventImages\/Waldbaden Fr\u00fchling-v1.jpg\" class=\"img-fluid sv-image-base\">\n  <div class=\"row\" style=\"background-color:#eeeeee;margin-right:0px;margin-left:0px;border-bottom:3px solid #ffffff;border-top:3px solid #ffffff;\">\n    <div class=\"sv-2nd-date\">20.05.<\/div>\n    <div class=\"sv-2nd-region-first\">Menziken<\/div>\n  <\/div>\n  <div class=\"sv-text-back\" style=\"position:relative;\">\n    <p class=\"sv-2nd-header\"><a href=\"\/wynental\/events\/kursdetail\/waldbaden\/25-26-P46\/\">Waldbaden<\/a><\/p>\n    <hr class=\"sv-hr-base\">\n    <div class=\"sv-2nd-text\">Entdecken Sie die Natur in der heimischen Umgebung aus einer neuen Perspektive und erleben Sie den Wald mit allen Sinnen.<\/div>\n  <div style=\"position:absolute;bottom:15px;right:25px;color:#bbbbbb;line-height:30px;font-weight:400;\">\n  <!--      Art | <strong>Vortrag<\/strong>-->\n  <\/div>\n  <\/div>\n<\/div>\n<div class=\"col-sm-6 sv-div-defpad course-click\" style=\"cursor:pointer;\" data-url=\"\/wynental\/events\/kursdetail\/wildkochkurs-mal-anders\/25-26-P48\/\">\n  <img decoding=\"async\" src=\"\/vhswynental\/EventImages\/Wildkochkurs.jpg\" class=\"img-fluid sv-image-base\">\n  <div class=\"row\" style=\"background-color:#eeeeee;margin-right:0px;margin-left:0px;border-bottom:3px solid #ffffff;border-top:3px solid #ffffff;\">\n    <div class=\"sv-2nd-date\">05.06.<\/div>\n    <div class=\"sv-2nd-region-first\">Gontenschwil<\/div>\n  <\/div>\n  <div class=\"sv-text-back\" style=\"position:relative;\">\n    <p class=\"sv-2nd-header\"><a href=\"\/wynental\/events\/kursdetail\/wildkochkurs-mal-anders\/25-26-P48\/\">Wildkochkurs mal anders<\/a><\/p>\n    <hr class=\"sv-hr-base\">\n    <div class=\"sv-2nd-text\">Wir entdecken die herbstliche Spezialit\u00e4t mal in einem sommerlichen Kleid. Ein feiner Rehr\u00fccken aus den heimischen W\u00e4ldern kombiniert mit sommerlichen Beilagen - ein Gedicht!<\/div>\n  <div style=\"position:absolute;bottom:15px;right:25px;color:#bbbbbb;line-height:30px;font-weight:400;\">\n  <!--      Art | <strong>Vortrag<\/strong>-->\n  <\/div>\n  <\/div>\n<\/div>\n<div class=\"col-sm-6 sv-div-defpad course-click\" style=\"cursor:pointer;\" data-url=\"\/wynental\/events\/kursdetail\/pasta-handgemacht\/25-26-P39\/\">\n  <img decoding=\"async\" src=\"\/vhswynental\/EventImages\/39 Pastakreationen 2.jpg\" class=\"img-fluid sv-image-base\">\n  <div class=\"row\" style=\"background-color:#eeeeee;margin-right:0px;margin-left:0px;border-bottom:3px solid #ffffff;border-top:3px solid #ffffff;\">\n    <div class=\"sv-2nd-date\">06.06.<\/div>\n    <div class=\"sv-2nd-region-first\">Gontenschwil<\/div>\n  <\/div>\n  <div class=\"sv-text-back\" style=\"position:relative;\">\n    <p class=\"sv-2nd-header\"><a href=\"\/wynental\/events\/kursdetail\/pasta-handgemacht\/25-26-P39\/\">Pasta handgemacht<\/a><\/p>\n    <hr class=\"sv-hr-base\">\n    <div class=\"sv-2nd-text\">Tauchen Sie ein in die Kunst der Pastaherstellung!<\/div>\n  <div style=\"position:absolute;bottom:15px;right:25px;color:#bbbbbb;line-height:30px;font-weight:400;\">\n  <!--      Art | <strong>Vortrag<\/strong>-->\n  <\/div>\n  <\/div>\n<\/div>\n<div class=\"col-sm-6 sv-div-defpad course-click\" style=\"cursor:pointer;\" data-url=\"\/wynental\/events\/kursdetail\/urban-sketchen-im-staedtli\/25-26-P49\/\">\n  <img decoding=\"async\" src=\"\/vhswynental\/EventImages\/49 Urban Sketchen.jpg\" class=\"img-fluid sv-image-base\">\n  <div class=\"row\" style=\"background-color:#eeeeee;margin-right:0px;margin-left:0px;border-bottom:3px solid #ffffff;border-top:3px solid #ffffff;\">\n    <div class=\"sv-2nd-date\">06.06.<\/div>\n    <div class=\"sv-2nd-region-first\">Bremgarten AG<\/div>\n  <\/div>\n  <div class=\"sv-text-back\" style=\"position:relative;\">\n    <p class=\"sv-2nd-header\"><a href=\"\/wynental\/events\/kursdetail\/urban-sketchen-im-staedtli\/25-26-P49\/\">Urban Sketchen im St\u00e4dtli<\/a><\/p>\n    <hr class=\"sv-hr-base\">\n  <div style=\"position:absolute;bottom:15px;right:25px;color:#bbbbbb;line-height:30px;font-weight:400;\">\n  <!--      Art | <strong>Vortrag<\/strong>-->\n  <\/div>\n  <\/div>\n<\/div>\n<div class=\"col-sm-6 sv-div-defpad course-click\" style=\"cursor:pointer;\" data-url=\"\/wynental\/events\/kursdetail\/pasta-handgemacht\/25-26-Z39\/\">\n  <img decoding=\"async\" src=\"\/vhswynental\/EventImages\/39 Pastakreationen 2.jpg\" class=\"img-fluid sv-image-base\">\n  <div class=\"row\" style=\"background-color:#eeeeee;margin-right:0px;margin-left:0px;border-bottom:3px solid #ffffff;border-top:3px solid #ffffff;\">\n    <div class=\"sv-2nd-date\">13.06.<\/div>\n    <div class=\"sv-2nd-region-first\">Gontenschwil<\/div>\n  <\/div>\n  <div class=\"sv-text-back\" style=\"position:relative;\">\n    <p class=\"sv-2nd-header\"><a href=\"\/wynental\/events\/kursdetail\/pasta-handgemacht\/25-26-Z39\/\">Pasta handgemacht<\/a><\/p>\n    <hr class=\"sv-hr-base\">\n    <div class=\"sv-2nd-text\">Tauchen Sie ein in die Kunst der Pastaherstellung!<\/div>\n  <div style=\"position:absolute;bottom:15px;right:25px;color:#bbbbbb;line-height:30px;font-weight:400;\">\n  <!--      Art | <strong>Vortrag<\/strong>-->\n  <\/div>\n  <\/div>\n<\/div>\n  <div class=\"col-md-12\" style=\"justify-content: center\">\n    <nav aria-label=\"Page navigation example\">\n      <ul class=\"pagination\" style=\"justify-content: center;\">\n        <li class=\"page-item active\"><a href=\"https:\/\/www.vhsag.ch\/wynental\/events\/\" class=\"page-link\">1<\/a><\/li>\n      <\/ul>\n    <\/nav>\n  <\/div>\n<\/div>\n\n","protected":false},"excerpt":{"rendered":"","protected":false},"author":1,"featured_media":0,"parent":0,"menu_order":0,"comment_status":"closed","ping_status":"closed","template":"","meta":{"footnotes":""},"class_list":["post-11","page","type-page","status-publish","hentry"],"_links":{"self":[{"href":"https:\/\/www.vhsag.ch\/wynental\/wp-json\/wp\/v2\/pages\/11","targetHints":{"allow":["GET"]}}],"collection":[{"href":"https:\/\/www.vhsag.ch\/wynental\/wp-json\/wp\/v2\/pages"}],"about":[{"href":"https:\/\/www.vhsag.ch\/wynental\/wp-json\/wp\/v2\/types\/page"}],"author":[{"embeddable":true,"href":"https:\/\/www.vhsag.ch\/wynental\/wp-json\/wp\/v2\/users\/1"}],"replies":[{"embeddable":true,"href":"https:\/\/www.vhsag.ch\/wynental\/wp-json\/wp\/v2\/comments?post=11"}],"version-history":[{"count":1,"href":"https:\/\/www.vhsag.ch\/wynental\/wp-json\/wp\/v2\/pages\/11\/revisions"}],"predecessor-version":[{"id":13,"href":"https:\/\/www.vhsag.ch\/wynental\/wp-json\/wp\/v2\/pages\/11\/revisions\/13"}],"wp:attachment":[{"href":"https:\/\/www.vhsag.ch\/wynental\/wp-json\/wp\/v2\/media?parent=11"}],"curies":[{"name":"wp","href":"https:\/\/api.w.org\/{rel}","templated":true}]}}