{"id":7,"date":"2022-07-12T12:48:33","date_gmt":"2022-07-12T10:48:33","guid":{"rendered":"https:\/\/www.vhsag.ch\/wohlen\/?page_id=7"},"modified":"2022-07-12T12:48:33","modified_gmt":"2022-07-12T10:48:33","slug":"events","status":"publish","type":"page","link":"https:\/\/www.vhsag.ch\/wohlen\/events\/","title":{"rendered":"Veranstaltungen"},"content":{"rendered":"<div class=\"row\" style=\"margin-top:10px;line-height:40px;\">\n  <nav class=\"navbar navbar-expand-lg navbar-light bg-light\" style=\"width: 100%;\">\n    <a class=\"navbar-brand\" href=\"#\">Auswahl<\/a>\n    <button class=\"navbar-toggler\" type=\"button\" data-toggle=\"collapse\" data-target=\"#navbarNavDropdown\" aria-controls=\"navbarNavDropdown\" aria-expanded=\"false\" aria-label=\"Toggle navigation\">\n    <span class=\"navbar-toggler-icon\"><\/span>\n    <\/button>\n    <div class=\"collapse navbar-collapse\" id=\"navbarNavDropdown\" style=\"justify-content: space-between;\">\n      <ul class=\"navbar-nav\">\n        <li class=\"nav-item dropdown\" style=\"margin-left:15px;\">\n          <a class=\"nav-link dropdown-toggle\" href=\"#\" id=\"navbarDropdownMenuLink\" data-toggle=\"dropdown\" aria-haspopup=\"true\" aria-expanded=\"false\">\n            Monat          <\/a>\n          <div class=\"dropdown-menu\" aria-labelledby=\"navbarDropdownMenuLink\">\n            <a class=\"dropdown-item\" href=\"https:\/\/www.vhsag.ch\/wohlen\/events\/?welante[datemonth]=2026-05\">Mai '26<\/a>\n            <a class=\"dropdown-item\" href=\"https:\/\/www.vhsag.ch\/wohlen\/events\/?welante[datemonth]=2026-08\">Aug '26<\/a>\n            <a class=\"dropdown-item\" href=\"https:\/\/www.vhsag.ch\/wohlen\/events\/?welante[datemonth]=2026-09\">Sep '26<\/a>\n            <a class=\"dropdown-item\" href=\"https:\/\/www.vhsag.ch\/wohlen\/events\/?welante[datemonth]=2026-10\">Okt '26<\/a>\n            <a class=\"dropdown-item\" href=\"https:\/\/www.vhsag.ch\/wohlen\/events\/?welante[datemonth]=2026-11\">Nov '26<\/a>\n            <a class=\"dropdown-item\" href=\"https:\/\/www.vhsag.ch\/wohlen\/events\/?welante[datemonth]=2027-01\">Jan '27<\/a>\n            <a class=\"dropdown-item\" href=\"https:\/\/www.vhsag.ch\/wohlen\/events\/?welante[datemonth]=2027-02\">Feb '27<\/a>\n            <a class=\"dropdown-item\" href=\"https:\/\/www.vhsag.ch\/wohlen\/events\/?welante[datemonth]=2027-03\">M\u00e4r '27<\/a>\n            <a class=\"dropdown-item\" href=\"https:\/\/www.vhsag.ch\/wohlen\/events\/?welante[datemonth]=2027-04\">Apr '27<\/a>\n          <\/div>\n        <\/li>\n        <li class=\"nav-item dropdown\" style=\"margin-left:15px;\">\n          <a class=\"nav-link dropdown-toggle\" href=\"#\" id=\"navbarDropdownMenuLink\" data-toggle=\"dropdown\" aria-haspopup=\"true\" aria-expanded=\"false\">\n            Kategorie          <\/a>\n          <div class=\"dropdown-menu\" aria-labelledby=\"navbarDropdownMenuLink\">\n            <a class=\"dropdown-item\" href=\"https:\/\/www.vhsag.ch\/wohlen\/events\/?welante[category]=reisen\">L\u00e4nder, Menschen, Reisen<\/a>\n            <a class=\"dropdown-item\" href=\"https:\/\/www.vhsag.ch\/wohlen\/events\/?welante[category]=natur-technik\">Natur, Technik, Wirtschaft<\/a>\n            <a class=\"dropdown-item\" href=\"https:\/\/www.vhsag.ch\/wohlen\/events\/?welante[category]=gesundheit\">Gesundheit<\/a>\n            <a class=\"dropdown-item\" href=\"https:\/\/www.vhsag.ch\/wohlen\/events\/?welante[category]=bildung-erziehung\">Bildung, Erziehung, Lebenshilfe<\/a>\n            <a class=\"dropdown-item\" href=\"https:\/\/www.vhsag.ch\/wohlen\/events\/?welante[category]=medien\">Medien<\/a>\n            <a class=\"dropdown-item\" href=\"https:\/\/www.vhsag.ch\/wohlen\/events\/?welante[category]=kreativitaet\">Kreativit\u00e4t<\/a>\n            <a class=\"dropdown-item\" href=\"https:\/\/www.vhsag.ch\/wohlen\/events\/?welante[category]=grundkompetenzen\">Grundkompetenzen<\/a>\n            <a class=\"dropdown-item\" href=\"https:\/\/www.vhsag.ch\/wohlen\/events\/?welante[category]=sprachen\">Sprachen<\/a>\n            <a class=\"dropdown-item\" href=\"https:\/\/www.vhsag.ch\/wohlen\/events\/?welante[category]=kulinarik\">Kulinarik<\/a>\n            <a class=\"dropdown-item\" href=\"https:\/\/www.vhsag.ch\/wohlen\/events\/?welante[category]=gesellschaft-politik\">Gesellschaft, Politik, Geschichte<\/a>\n            <a class=\"dropdown-item\" href=\"https:\/\/www.vhsag.ch\/wohlen\/events\/?welante[category]=musik-kunst-kultur\">Musik, Literatur, Kunst, Philosophie<\/a>\n            <a class=\"dropdown-item\" href=\"https:\/\/www.vhsag.ch\/wohlen\/events\/?welante[category]=schwerpunkt-aargau\">Schwerpunkt Aargau<\/a>\n          <\/div>\n        <\/li>\n        <li class=\"nav-item dropdown\" style=\"margin-left:15px;\">\n          <a class=\"nav-link dropdown-toggle\" href=\"#\" id=\"navbarDropdownMenuLink\" data-toggle=\"dropdown\" aria-haspopup=\"true\" aria-expanded=\"false\">\n            K\u00fcnftig          <\/a>\n          <div class=\"dropdown-menu\" aria-labelledby=\"navbarDropdownMenuLink\">\n            <a class=\"dropdown-item\" href=\"https:\/\/www.vhsag.ch\/wohlen\/events\/?welante[starttime]=all\">Alle<\/a>\n            <a class=\"dropdown-item\" href=\"https:\/\/www.vhsag.ch\/wohlen\/events\/?welante[starttime]=future\">K\u00fcnftig<\/a>\n            <a class=\"dropdown-item\" href=\"https:\/\/www.vhsag.ch\/wohlen\/events\/?welante[starttime]=runningfuture\">Laufend & k\u00fcnftig<\/a>\n            <a class=\"dropdown-item\" href=\"https:\/\/www.vhsag.ch\/wohlen\/events\/?welante[starttime]=past\">Vorbei<\/a>\n          <\/div>\n        <\/li>\n        <li class=\"nav-item dropdown\" style=\"margin-left:15px;\">\n          <a class=\"nav-link dropdown-toggle\" href=\"#\" id=\"navbarDropdownMenuLink\" data-toggle=\"dropdown\" aria-haspopup=\"true\" aria-expanded=\"false\">\n            Wochentag          <\/a>\n          <div class=\"dropdown-menu\" aria-labelledby=\"navbarDropdownMenuLink\">\n            <a class=\"dropdown-item\" href=\"https:\/\/www.vhsag.ch\/wohlen\/events\/?welante[startday][]=mo\">Montag<\/a>\n            <a class=\"dropdown-item\" href=\"https:\/\/www.vhsag.ch\/wohlen\/events\/?welante[startday][]=tu\">Dienstag<\/a>\n            <a class=\"dropdown-item\" href=\"https:\/\/www.vhsag.ch\/wohlen\/events\/?welante[startday][]=we\">Mittwoch<\/a>\n            <a class=\"dropdown-item\" href=\"https:\/\/www.vhsag.ch\/wohlen\/events\/?welante[startday][]=th\">Donnerstag<\/a>\n            <a class=\"dropdown-item\" href=\"https:\/\/www.vhsag.ch\/wohlen\/events\/?welante[startday][]=fr\">Freitag<\/a>\n            <a class=\"dropdown-item\" href=\"https:\/\/www.vhsag.ch\/wohlen\/events\/?welante[startday][]=sa\">Samstag<\/a>\n            <a class=\"dropdown-item\" href=\"https:\/\/www.vhsag.ch\/wohlen\/events\/?welante[startday][]=su\">Sonntag<\/a>\n          <\/div>\n        <\/li>\n      <\/ul>\n      <form method=\"GET\" action=\"\" id=\"course_filter_form\" class=\"form-inline my-2 my-lg-0\">\n        <input class=\"form-control mr-sm-2\" type=\"search\" name=\"welante[keyword]\" value=\"\" placeholder=\"oder suchen ...\" aria-label=\"Search\">\n        <button class=\"btn btn-outline-success my-2 my-sm-0\" type=\"submit\">Go!<\/button>\n      <\/form>\n    <\/div>\n  <\/nav>\n<\/div>\n\n\n\n\n<div class=\"row\">\n  <div class=\"col-sm-12 sv-header-count-events\">\n    <strong>28<\/strong> Veranstaltungen gefunden <span style=\"font-size: 60%\">(<a href=\"https:\/\/www.vhsag.ch\/wohlen\/events\/\">Zur\u00fccksetzen<\/a>)<\/span>\n  <\/div>\n<\/div>\n<div class=\"row\">\n  <div class=\"col-md-12 mt-2 mb-2\" style=\"justify-content: center\">\n    <nav aria-label=\"Page navigation example\">\n      <ul class=\"pagination\" style=\"justify-content: center;\">\n        <li class=\"page-item active\"><a href=\"https:\/\/www.vhsag.ch\/wohlen\/events\/\" class=\"page-link\">1<\/a><\/li>\n        <li class=\"page-item \"><a href=\"https:\/\/www.vhsag.ch\/wohlen\/events\/?welante[page]=2\" class=\"page-link\">2<\/a><\/li>\n        <li class=\"page-item \"><a href=\"https:\/\/www.vhsag.ch\/wohlen\/events\/?welante[page]=3\" class=\"page-link\">3<\/a><\/li>\n        <li class=\"page-item\"><a class=\"page-link\" href=\"https:\/\/www.vhsag.ch\/wohlen\/events\/?welante[page]=2\">&gt;<\/a><\/li>\n      <\/ul>\n    <\/nav>\n  <\/div>\n<div class=\"col-sm-6 sv-div-defpad course-click\" style=\"cursor:pointer;\" data-url=\"\/wohlen\/events\/kursdetail\/grillkunst-erleben-der-besondere-grillkurs\/25-26-17-05\/\">\n  <img decoding=\"async\" src=\"\/vhswohlen\/EventImages\/grillade Foto.png\" class=\"img-fluid sv-image-base\">\n  <div class=\"row\" style=\"background-color:#eeeeee;margin-right:0px;margin-left:0px;border-bottom:3px solid #ffffff;border-top:3px solid #ffffff;\">\n    <div class=\"sv-2nd-date\">18.05.<\/div>\n    <div class=\"sv-2nd-region-first\">Wohlen<\/div>\n  <\/div>\n  <div class=\"sv-text-back\" style=\"position:relative;\">\n    <p class=\"sv-2nd-header\"><a href=\"\/wohlen\/events\/kursdetail\/grillkunst-erleben-der-besondere-grillkurs\/25-26-17-05\/\">Grillkunst erleben \u2013 der besondere Grillkurs<\/a><\/p>\n    <hr class=\"sv-hr-base\">\n    <div class=\"sv-2nd-text\">Perfektes Grillen und Smoken will gelernt sein! Erfahren Sie von unseren Grillprofis, wie Sie hochwertiges Fleisch, verschiedene Zuschnitte und Fisch optimal zubereiten.<\/div>\n  <div style=\"position:absolute;bottom:15px;right:25px;color:#bbbbbb;line-height:30px;font-weight:400;\">\n  <!--      Art | <strong>Vortrag<\/strong>-->\n  <\/div>\n  <\/div>\n<\/div>\n<div class=\"col-sm-6 sv-div-defpad course-click\" style=\"cursor:pointer;\" data-url=\"\/wohlen\/events\/kursdetail\/besichtigung-fuehrung-depot-leitstelle-aargau-verkehr-ag-ava-in-bremgarten\/25-26-17-050\/\">\n  <img decoding=\"async\" src=\"\/vhswohlen\/EventImages\/Collage_BB.jpg\" class=\"img-fluid sv-image-base\">\n  <div class=\"row\" style=\"background-color:#eeeeee;margin-right:0px;margin-left:0px;border-bottom:3px solid #ffffff;border-top:3px solid #ffffff;\">\n    <div class=\"sv-2nd-date\">26.05.<\/div>\n    <div class=\"sv-2nd-region-first\">Bremgarten AG<\/div>\n  <\/div>\n  <div class=\"sv-text-back\" style=\"position:relative;\">\n    <p class=\"sv-2nd-header\"><a href=\"\/wohlen\/events\/kursdetail\/besichtigung-fuehrung-depot-leitstelle-aargau-verkehr-ag-ava-in-bremgarten\/25-26-17-050\/\">Besichtigung\/F\u00fchrung Depot & Leitstelle Aargau Verkehr AG (AVA) in Bremgarten<\/a><\/p>\n    <hr class=\"sv-hr-base\">\n    <div class=\"sv-2nd-text\">Besuchen Sie mit uns das Depot und die Leitstelle der Aargau Verkehr AG (AVA) in Bremgarten. Im Anschluss an die beiden F\u00fchrungen durch Fachpersonen der AVA geniessen wir eine Ap\u00e9ro Fahrt im Nostalgiezug \u00abSebni\u00bb.<\/div>\n  <div style=\"position:absolute;bottom:15px;right:25px;color:#bbbbbb;line-height:30px;font-weight:400;\">\n  <!--      Art | <strong>Vortrag<\/strong>-->\n  <\/div>\n  <\/div>\n<\/div>\n<div class=\"col-sm-6 sv-div-defpad course-click\" style=\"cursor:pointer;\" data-url=\"\/wohlen\/events\/kursdetail\/petanque-ein-vergnueglicher-einfuehrungsabend\/25-26-17-051\/\">\n  <img decoding=\"async\" src=\"\/vhswohlen\/EventImages\/PCW Wohlen (002).jpg\" class=\"img-fluid sv-image-base\">\n  <div class=\"row\" style=\"background-color:#eeeeee;margin-right:0px;margin-left:0px;border-bottom:3px solid #ffffff;border-top:3px solid #ffffff;\">\n    <div class=\"sv-2nd-date\">27.05.<\/div>\n    <div class=\"sv-2nd-region-first\">Wohlen<\/div>\n  <\/div>\n  <div class=\"sv-text-back\" style=\"position:relative;\">\n    <p class=\"sv-2nd-header\"><a href=\"\/wohlen\/events\/kursdetail\/petanque-ein-vergnueglicher-einfuehrungsabend\/25-26-17-051\/\">P\u00e9tanque - ein vergn\u00fcglicher Einf\u00fchrungsabend<\/a><\/p>\n    <hr class=\"sv-hr-base\">\n    <div class=\"sv-2nd-text\">P\u00e9tanque vereint Leidenschaft, Faszination, Pr\u00e4zision, Konzentration, Meditation, \u00dcberraschung, Sinnlichkeit, Herausforderung, Kreativit\u00e4t, Kommunikation, Lebenslust und Fingerspitzengef\u00fchl.<\/div>\n  <div style=\"position:absolute;bottom:15px;right:25px;color:#bbbbbb;line-height:30px;font-weight:400;\">\n  <!--      Art | <strong>Vortrag<\/strong>-->\n  <\/div>\n  <\/div>\n<\/div>\n<div class=\"col-sm-6 sv-div-defpad course-click\" style=\"cursor:pointer;\" data-url=\"\/wohlen\/events\/kursdetail\/handyfotografie-tipps-und-tricks-fuer-fortgeschrittene\/25-26-17-06\/\">\n  <img decoding=\"async\" src=\"\/vhswohlen\/EventImages\/Studio 800x452 (002).jpg\" class=\"img-fluid sv-image-base\">\n  <div class=\"row\" style=\"background-color:#eeeeee;margin-right:0px;margin-left:0px;border-bottom:3px solid #ffffff;border-top:3px solid #ffffff;\">\n    <div class=\"sv-2nd-date\">28.05.<\/div>\n    <div class=\"sv-2nd-region-first\">Wohlen<\/div>\n  <\/div>\n  <div class=\"sv-text-back\" style=\"position:relative;\">\n    <p class=\"sv-2nd-header\"><a href=\"\/wohlen\/events\/kursdetail\/handyfotografie-tipps-und-tricks-fuer-fortgeschrittene\/25-26-17-06\/\">Handyfotografie - Tipps und Tricks f\u00fcr Fortgeschrittene<\/a><\/p>\n    <hr class=\"sv-hr-base\">\n    <div class=\"sv-2nd-text\">Vertiefen Sie Ihre Kenntnisse und nutzen Sie weitere M\u00f6glichkeiten Ihres Smartphones<\/div>\n  <div style=\"position:absolute;bottom:15px;right:25px;color:#bbbbbb;line-height:30px;font-weight:400;\">\n  <!--      Art | <strong>Vortrag<\/strong>-->\n  <\/div>\n  <\/div>\n<\/div>\n<div class=\"col-sm-6 sv-div-defpad course-click\" style=\"cursor:pointer;\" data-url=\"\/wohlen\/events\/kursdetail\/barfuss-workshop\/25-26-17-02\/\">\n  <img decoding=\"async\" src=\"\/vhswohlen\/EventImages\/25-26-17-02_2268333.jpg\" class=\"img-fluid sv-image-base\">\n  <div class=\"row\" style=\"background-color:#eeeeee;margin-right:0px;margin-left:0px;border-bottom:3px solid #ffffff;border-top:3px solid #ffffff;\">\n    <div class=\"sv-2nd-date\">30.05.<\/div>\n    <div class=\"sv-2nd-region-first\">Wohlen<\/div>\n  <\/div>\n  <div class=\"sv-text-back\" style=\"position:relative;\">\n    <p class=\"sv-2nd-header\"><a href=\"\/wohlen\/events\/kursdetail\/barfuss-workshop\/25-26-17-02\/\">Barfuss Workshop<\/a><\/p>\n    <hr class=\"sv-hr-base\">\n    <div class=\"sv-2nd-text\">Der Start zu gesunden F\u00fcssen und einem nat\u00fcrlichen Gang nach der Freilauf Methode<\/div>\n  <div style=\"position:absolute;bottom:15px;right:25px;color:#bbbbbb;line-height:30px;font-weight:400;\">\n  <!--      Art | <strong>Vortrag<\/strong>-->\n  <\/div>\n  <\/div>\n<\/div>\n<div class=\"col-sm-6 sv-div-defpad course-click\" style=\"cursor:pointer;\" data-url=\"\/wohlen\/events\/kursdetail\/kinesio-tape-wie-wende-ich-es-richtig-an\/26-27-08-03\/\">\n  <img decoding=\"async\" src=\"\/vhswohlen\/EventImages\/Bild_Kinesologie_2.jpg\" class=\"img-fluid sv-image-base\">\n  <div class=\"row\" style=\"background-color:#eeeeee;margin-right:0px;margin-left:0px;border-bottom:3px solid #ffffff;border-top:3px solid #ffffff;\">\n    <div class=\"sv-2nd-date\">20.08.<\/div>\n    <div class=\"sv-2nd-region-first\">Wohlen<\/div>\n  <\/div>\n  <div class=\"sv-text-back\" style=\"position:relative;\">\n    <p class=\"sv-2nd-header\"><a href=\"\/wohlen\/events\/kursdetail\/kinesio-tape-wie-wende-ich-es-richtig-an\/26-27-08-03\/\">Kinesio-Tape, wie wende ich es richtig an<\/a><\/p>\n    <hr class=\"sv-hr-base\">\n    <div class=\"sv-2nd-text\">Lernen Sie, wie Kinesiotape Muskeln unterst\u00fctzt, Schmerzen lindern und Beweglichkeit f\u00f6rdern kann. Einfach erkl\u00e4rt, direkt angewendet \u2013 f\u00fcr mehr Stabilit\u00e4t und ein besseres K\u00f6rpergef\u00fchl im Alltag<\/div>\n  <div style=\"position:absolute;bottom:15px;right:25px;color:#bbbbbb;line-height:30px;font-weight:400;\">\n  <!--      Art | <strong>Vortrag<\/strong>-->\n  <\/div>\n  <\/div>\n<\/div>\n<div class=\"col-sm-6 sv-div-defpad course-click\" style=\"cursor:pointer;\" data-url=\"\/wohlen\/events\/kursdetail\/private-teezeremonie-im-japanischen-teeraum-des-museums-rietberg\/26-27-09-01\/\">\n  <img decoding=\"async\" src=\"\/vhswohlen\/EventImages\/Bild_Teezeremonie.jpg\" class=\"img-fluid sv-image-base\">\n  <div class=\"row\" style=\"background-color:#eeeeee;margin-right:0px;margin-left:0px;border-bottom:3px solid #ffffff;border-top:3px solid #ffffff;\">\n    <div class=\"sv-2nd-date\">03.09.<\/div>\n    <div class=\"sv-2nd-region-first\">Z\u00fcrich<\/div>\n  <\/div>\n  <div class=\"sv-text-back\" style=\"position:relative;\">\n    <p class=\"sv-2nd-header\"><a href=\"\/wohlen\/events\/kursdetail\/private-teezeremonie-im-japanischen-teeraum-des-museums-rietberg\/26-27-09-01\/\">Private Teezeremonie im japanischen Teeraum des Museums Rietberg<\/a><\/p>\n    <hr class=\"sv-hr-base\">\n    <div class=\"sv-2nd-text\">Exklusiv in kleiner Runde erleben wir eine private japanische Teezeremonie im Teeraum \u00abIsshin-an\u00bb des Museums Rietberg \u2013 geleitet von Christoph Meier, Teemeister der Urasenke-Schule.<\/div>\n  <div style=\"position:absolute;bottom:15px;right:25px;color:#bbbbbb;line-height:30px;font-weight:400;\">\n  <!--      Art | <strong>Vortrag<\/strong>-->\n  <\/div>\n  <\/div>\n<\/div>\n<div class=\"col-sm-6 sv-div-defpad course-click\" style=\"cursor:pointer;\" data-url=\"\/wohlen\/events\/kursdetail\/fuehrung-durch-die-fischzucht-in-bremgarten\/26-27-09-03\/\">\n  <img decoding=\"async\" src=\"\/vhswohlen\/EventImages\/Fischzucht.jpg\" class=\"img-fluid sv-image-base\">\n  <div class=\"row\" style=\"background-color:#eeeeee;margin-right:0px;margin-left:0px;border-bottom:3px solid #ffffff;border-top:3px solid #ffffff;\">\n    <div class=\"sv-2nd-date\">10.09.<\/div>\n    <div class=\"sv-2nd-region-first\">Bremgarten AG<\/div>\n  <\/div>\n  <div class=\"sv-text-back\" style=\"position:relative;\">\n    <p class=\"sv-2nd-header\"><a href=\"\/wohlen\/events\/kursdetail\/fuehrung-durch-die-fischzucht-in-bremgarten\/26-27-09-03\/\">F\u00fchrung durch die Fischzucht in Bremgarten<\/a><\/p>\n    <hr class=\"sv-hr-base\">\n    <div class=\"sv-2nd-text\">Ein traditionsreicher Betrieb \u00f6ffnet wiederum seine Pforten f\u00fcr Sie.<\/div>\n  <div style=\"position:absolute;bottom:15px;right:25px;color:#bbbbbb;line-height:30px;font-weight:400;\">\n  <!--      Art | <strong>Vortrag<\/strong>-->\n  <\/div>\n  <\/div>\n<\/div>\n<div class=\"col-sm-6 sv-div-defpad course-click\" style=\"cursor:pointer;\" data-url=\"\/wohlen\/events\/kursdetail\/gesichter-lesen-menschen-verstehen\/26-27-09-05\/\">\n  <img decoding=\"async\" src=\"\/vhswohlen\/EventImages\/Bild Portrait ML 800x509.jpg\" class=\"img-fluid sv-image-base\">\n  <div class=\"row\" style=\"background-color:#eeeeee;margin-right:0px;margin-left:0px;border-bottom:3px solid #ffffff;border-top:3px solid #ffffff;\">\n    <div class=\"sv-2nd-date\">23.09.<\/div>\n    <div class=\"sv-2nd-region-first\">Wohlen<\/div>\n  <\/div>\n  <div class=\"sv-text-back\" style=\"position:relative;\">\n    <p class=\"sv-2nd-header\"><a href=\"\/wohlen\/events\/kursdetail\/gesichter-lesen-menschen-verstehen\/26-27-09-05\/\">Gesichter lesen \u2013 Menschen verstehen<\/a><\/p>\n    <hr class=\"sv-hr-base\">\n    <div class=\"sv-2nd-text\">Pers\u00f6nlichkeit & Gesundheit im Gesicht sehen - die Physiognomik als Werkzeug f\u00fcr mehr Klarheit, wirksame Pr\u00e4vention und ein tieferes Verst\u00e4ndnis des Menschen.<\/div>\n  <div style=\"position:absolute;bottom:15px;right:25px;color:#bbbbbb;line-height:30px;font-weight:400;\">\n  <!--      Art | <strong>Vortrag<\/strong>-->\n  <\/div>\n  <\/div>\n<\/div>\n<div class=\"col-sm-6 sv-div-defpad course-click\" style=\"cursor:pointer;\" data-url=\"\/wohlen\/events\/kursdetail\/franzoesischkurs-niveau-a2\/26-27-10-01\/\">\n  <img decoding=\"async\" src=\"\/vhswohlen\/EventImages\/bild Franz.png\" class=\"img-fluid sv-image-base\">\n  <div class=\"row\" style=\"background-color:#eeeeee;margin-right:0px;margin-left:0px;border-bottom:3px solid #ffffff;border-top:3px solid #ffffff;\">\n    <div class=\"sv-2nd-date\">13.10.<\/div>\n    <div class=\"sv-2nd-region-first\">Wohlen<\/div>\n  <\/div>\n  <div class=\"sv-text-back\" style=\"position:relative;\">\n    <p class=\"sv-2nd-header\"><a href=\"\/wohlen\/events\/kursdetail\/franzoesischkurs-niveau-a2\/26-27-10-01\/\">Franz\u00f6sischkurs, Niveau A2<\/a><\/p>\n    <hr class=\"sv-hr-base\">\n    <div class=\"sv-2nd-text\">Verf\u00fcgen Sie bereits \u00fcber einfache Grundlagen und m\u00f6chten Ihre Franz\u00f6sischkenntnisse erweitern oder wieder auffrischen? Sie lernen, sich in verschiedenen Gespr\u00e4chssituationen zu verst\u00e4ndigen.<\/div>\n  <div style=\"position:absolute;bottom:15px;right:25px;color:#bbbbbb;line-height:30px;font-weight:400;\">\n  <!--      Art | <strong>Vortrag<\/strong>-->\n  <\/div>\n  <\/div>\n<\/div>\n<div class=\"col-sm-6 sv-div-defpad course-click\" style=\"cursor:pointer;\" data-url=\"\/wohlen\/events\/kursdetail\/singen-zur-freude\/26-27-10-011\/\">\n  <img decoding=\"async\" src=\"\/vhswohlen\/EventImages\/Chor.jpg\" class=\"img-fluid sv-image-base\">\n  <div class=\"row\" style=\"background-color:#eeeeee;margin-right:0px;margin-left:0px;border-bottom:3px solid #ffffff;border-top:3px solid #ffffff;\">\n    <div class=\"sv-2nd-date\">13.10.<\/div>\n    <div class=\"sv-2nd-region-first\">Wohlen<\/div>\n  <\/div>\n  <div class=\"sv-text-back\" style=\"position:relative;\">\n    <p class=\"sv-2nd-header\"><a href=\"\/wohlen\/events\/kursdetail\/singen-zur-freude\/26-27-10-011\/\">Singen zur Freude<\/a><\/p>\n    <hr class=\"sv-hr-base\">\n    <div class=\"sv-2nd-text\">Wer hat Lust, in einem kleinen Chor ohne Auff\u00fchrungsdruck mitzuwirken?<\/div>\n  <div style=\"position:absolute;bottom:15px;right:25px;color:#bbbbbb;line-height:30px;font-weight:400;\">\n  <!--      Art | <strong>Vortrag<\/strong>-->\n  <\/div>\n  <\/div>\n<\/div>\n<div class=\"col-sm-6 sv-div-defpad course-click\" style=\"cursor:pointer;\" data-url=\"\/wohlen\/events\/kursdetail\/fuehrung-durch-den-hauptbahnhof-zuerich\/26-27-10-03\/\">\n  <img decoding=\"async\" src=\"\/vhswohlen\/EventImages\/zuerich_hauptbahnhof_1600x900 (002).jpg\" class=\"img-fluid sv-image-base\">\n  <div class=\"row\" style=\"background-color:#eeeeee;margin-right:0px;margin-left:0px;border-bottom:3px solid #ffffff;border-top:3px solid #ffffff;\">\n    <div class=\"sv-2nd-date\">14.10.<\/div>\n    <div class=\"sv-2nd-region-first\">Wohlen<\/div>\n  <\/div>\n  <div class=\"sv-text-back\" style=\"position:relative;\">\n    <p class=\"sv-2nd-header\"><a href=\"\/wohlen\/events\/kursdetail\/fuehrung-durch-den-hauptbahnhof-zuerich\/26-27-10-03\/\">F\u00fchrung durch den Hauptbahnhof Z\u00fcrich<\/a><\/p>\n    <hr class=\"sv-hr-base\">\n    <div class=\"sv-2nd-text\">Sie erhalten Einblick in die Technikr\u00e4ume und Infrastruktur vom gr\u00f6ssten Bahnhof der Schweiz.<\/div>\n  <div style=\"position:absolute;bottom:15px;right:25px;color:#bbbbbb;line-height:30px;font-weight:400;\">\n  <!--      Art | <strong>Vortrag<\/strong>-->\n  <\/div>\n  <\/div>\n<\/div>\n  <div class=\"col-md-12\" style=\"justify-content: center\">\n    <nav aria-label=\"Page navigation example\">\n      <ul class=\"pagination\" style=\"justify-content: center;\">\n        <li class=\"page-item active\"><a href=\"https:\/\/www.vhsag.ch\/wohlen\/events\/\" class=\"page-link\">1<\/a><\/li>\n        <li class=\"page-item \"><a href=\"https:\/\/www.vhsag.ch\/wohlen\/events\/?welante[page]=2\" class=\"page-link\">2<\/a><\/li>\n        <li class=\"page-item \"><a href=\"https:\/\/www.vhsag.ch\/wohlen\/events\/?welante[page]=3\" class=\"page-link\">3<\/a><\/li>\n        <li class=\"page-item\"><a class=\"page-link\" href=\"https:\/\/www.vhsag.ch\/wohlen\/events\/?welante[page]=2\">&gt;<\/a><\/li>\n      <\/ul>\n    <\/nav>\n  <\/div>\n<\/div>\n\n","protected":false},"excerpt":{"rendered":"","protected":false},"author":1,"featured_media":0,"parent":0,"menu_order":0,"comment_status":"closed","ping_status":"closed","template":"","meta":{"footnotes":""},"class_list":["post-7","page","type-page","status-publish","hentry"],"_links":{"self":[{"href":"https:\/\/www.vhsag.ch\/wohlen\/wp-json\/wp\/v2\/pages\/7","targetHints":{"allow":["GET"]}}],"collection":[{"href":"https:\/\/www.vhsag.ch\/wohlen\/wp-json\/wp\/v2\/pages"}],"about":[{"href":"https:\/\/www.vhsag.ch\/wohlen\/wp-json\/wp\/v2\/types\/page"}],"author":[{"embeddable":true,"href":"https:\/\/www.vhsag.ch\/wohlen\/wp-json\/wp\/v2\/users\/1"}],"replies":[{"embeddable":true,"href":"https:\/\/www.vhsag.ch\/wohlen\/wp-json\/wp\/v2\/comments?post=7"}],"version-history":[{"count":1,"href":"https:\/\/www.vhsag.ch\/wohlen\/wp-json\/wp\/v2\/pages\/7\/revisions"}],"predecessor-version":[{"id":8,"href":"https:\/\/www.vhsag.ch\/wohlen\/wp-json\/wp\/v2\/pages\/7\/revisions\/8"}],"wp:attachment":[{"href":"https:\/\/www.vhsag.ch\/wohlen\/wp-json\/wp\/v2\/media?parent=7"}],"curies":[{"name":"wp","href":"https:\/\/api.w.org\/{rel}","templated":true}]}}