{"id":7,"date":"2022-07-12T12:30:55","date_gmt":"2022-07-12T10:30:55","guid":{"rendered":"https:\/\/www.vhsag.ch\/wettingen\/?page_id=7"},"modified":"2022-07-12T12:36:23","modified_gmt":"2022-07-12T10:36:23","slug":"events","status":"publish","type":"page","link":"https:\/\/www.vhsag.ch\/wettingen\/events\/","title":{"rendered":"Veranstaltungen"},"content":{"rendered":"<div class=\"row\" style=\"margin-top:10px;line-height:40px;\">\n  <nav class=\"navbar navbar-expand-lg navbar-light bg-light\" style=\"width: 100%;\">\n    <a class=\"navbar-brand\" href=\"#\">Auswahl<\/a>\n    <button class=\"navbar-toggler\" type=\"button\" data-toggle=\"collapse\" data-target=\"#navbarNavDropdown\" aria-controls=\"navbarNavDropdown\" aria-expanded=\"false\" aria-label=\"Toggle navigation\">\n    <span class=\"navbar-toggler-icon\"><\/span>\n    <\/button>\n    <div class=\"collapse navbar-collapse\" id=\"navbarNavDropdown\" style=\"justify-content: space-between;\">\n      <ul class=\"navbar-nav\">\n        <li class=\"nav-item dropdown\" style=\"margin-left:15px;\">\n          <a class=\"nav-link dropdown-toggle\" href=\"#\" id=\"navbarDropdownMenuLink\" data-toggle=\"dropdown\" aria-haspopup=\"true\" aria-expanded=\"false\">\n            Monat          <\/a>\n          <div class=\"dropdown-menu\" aria-labelledby=\"navbarDropdownMenuLink\">\n            <a class=\"dropdown-item\" href=\"https:\/\/www.vhsag.ch\/wettingen\/events\/?welante[datemonth]=2026-04\">Apr '26<\/a>\n            <a class=\"dropdown-item\" href=\"https:\/\/www.vhsag.ch\/wettingen\/events\/?welante[datemonth]=2026-05\">Mai '26<\/a>\n            <a class=\"dropdown-item\" href=\"https:\/\/www.vhsag.ch\/wettingen\/events\/?welante[datemonth]=2026-06\">Jun '26<\/a>\n            <a class=\"dropdown-item\" href=\"https:\/\/www.vhsag.ch\/wettingen\/events\/?welante[datemonth]=2026-07\">Jul '26<\/a>\n            <a class=\"dropdown-item\" href=\"https:\/\/www.vhsag.ch\/wettingen\/events\/?welante[datemonth]=2026-08\">Aug '26<\/a>\n            <a class=\"dropdown-item\" href=\"https:\/\/www.vhsag.ch\/wettingen\/events\/?welante[datemonth]=2026-10\">Okt '26<\/a>\n            <a class=\"dropdown-item\" href=\"https:\/\/www.vhsag.ch\/wettingen\/events\/?welante[datemonth]=2026-11\">Nov '26<\/a>\n          <\/div>\n        <\/li>\n        <li class=\"nav-item dropdown\" style=\"margin-left:15px;\">\n          <a class=\"nav-link dropdown-toggle\" href=\"#\" id=\"navbarDropdownMenuLink\" data-toggle=\"dropdown\" aria-haspopup=\"true\" aria-expanded=\"false\">\n            Kategorie          <\/a>\n          <div class=\"dropdown-menu\" aria-labelledby=\"navbarDropdownMenuLink\">\n            <a class=\"dropdown-item\" href=\"https:\/\/www.vhsag.ch\/wettingen\/events\/?welante[category]=reisen\">L\u00e4nder, Menschen, Reisen<\/a>\n            <a class=\"dropdown-item\" href=\"https:\/\/www.vhsag.ch\/wettingen\/events\/?welante[category]=natur-technik\">Natur, Technik, Wirtschaft<\/a>\n            <a class=\"dropdown-item\" href=\"https:\/\/www.vhsag.ch\/wettingen\/events\/?welante[category]=gesundheit\">Gesundheit<\/a>\n            <a class=\"dropdown-item\" href=\"https:\/\/www.vhsag.ch\/wettingen\/events\/?welante[category]=bildung-erziehung\">Bildung, Erziehung, Lebenshilfe<\/a>\n            <a class=\"dropdown-item\" href=\"https:\/\/www.vhsag.ch\/wettingen\/events\/?welante[category]=medien\">Medien<\/a>\n            <a class=\"dropdown-item\" href=\"https:\/\/www.vhsag.ch\/wettingen\/events\/?welante[category]=kreativitaet\">Kreativit\u00e4t<\/a>\n            <a class=\"dropdown-item\" href=\"https:\/\/www.vhsag.ch\/wettingen\/events\/?welante[category]=grundkompetenzen\">Grundkompetenzen<\/a>\n            <a class=\"dropdown-item\" href=\"https:\/\/www.vhsag.ch\/wettingen\/events\/?welante[category]=sprachen\">Sprachen<\/a>\n            <a class=\"dropdown-item\" href=\"https:\/\/www.vhsag.ch\/wettingen\/events\/?welante[category]=kulinarik\">Kulinarik<\/a>\n            <a class=\"dropdown-item\" href=\"https:\/\/www.vhsag.ch\/wettingen\/events\/?welante[category]=gesellschaft-politik\">Gesellschaft, Politik, Geschichte<\/a>\n            <a class=\"dropdown-item\" href=\"https:\/\/www.vhsag.ch\/wettingen\/events\/?welante[category]=musik-kunst-kultur\">Musik, Literatur, Kunst, Philosophie<\/a>\n            <a class=\"dropdown-item\" href=\"https:\/\/www.vhsag.ch\/wettingen\/events\/?welante[category]=schwerpunkt-aargau\">Schwerpunkt Aargau<\/a>\n          <\/div>\n        <\/li>\n        <li class=\"nav-item dropdown\" style=\"margin-left:15px;\">\n          <a class=\"nav-link dropdown-toggle\" href=\"#\" id=\"navbarDropdownMenuLink\" data-toggle=\"dropdown\" aria-haspopup=\"true\" aria-expanded=\"false\">\n            K\u00fcnftig          <\/a>\n          <div class=\"dropdown-menu\" aria-labelledby=\"navbarDropdownMenuLink\">\n            <a class=\"dropdown-item\" href=\"https:\/\/www.vhsag.ch\/wettingen\/events\/?welante[starttime]=all\">Alle<\/a>\n            <a class=\"dropdown-item\" href=\"https:\/\/www.vhsag.ch\/wettingen\/events\/?welante[starttime]=future\">K\u00fcnftig<\/a>\n            <a class=\"dropdown-item\" href=\"https:\/\/www.vhsag.ch\/wettingen\/events\/?welante[starttime]=runningfuture\">Laufend & k\u00fcnftig<\/a>\n            <a class=\"dropdown-item\" href=\"https:\/\/www.vhsag.ch\/wettingen\/events\/?welante[starttime]=past\">Vorbei<\/a>\n          <\/div>\n        <\/li>\n        <li class=\"nav-item dropdown\" style=\"margin-left:15px;\">\n          <a class=\"nav-link dropdown-toggle\" href=\"#\" id=\"navbarDropdownMenuLink\" data-toggle=\"dropdown\" aria-haspopup=\"true\" aria-expanded=\"false\">\n            Wochentag          <\/a>\n          <div class=\"dropdown-menu\" aria-labelledby=\"navbarDropdownMenuLink\">\n            <a class=\"dropdown-item\" href=\"https:\/\/www.vhsag.ch\/wettingen\/events\/?welante[startday][]=mo\">Montag<\/a>\n            <a class=\"dropdown-item\" href=\"https:\/\/www.vhsag.ch\/wettingen\/events\/?welante[startday][]=tu\">Dienstag<\/a>\n            <a class=\"dropdown-item\" href=\"https:\/\/www.vhsag.ch\/wettingen\/events\/?welante[startday][]=we\">Mittwoch<\/a>\n            <a class=\"dropdown-item\" href=\"https:\/\/www.vhsag.ch\/wettingen\/events\/?welante[startday][]=th\">Donnerstag<\/a>\n            <a class=\"dropdown-item\" href=\"https:\/\/www.vhsag.ch\/wettingen\/events\/?welante[startday][]=fr\">Freitag<\/a>\n            <a class=\"dropdown-item\" href=\"https:\/\/www.vhsag.ch\/wettingen\/events\/?welante[startday][]=sa\">Samstag<\/a>\n            <a class=\"dropdown-item\" href=\"https:\/\/www.vhsag.ch\/wettingen\/events\/?welante[startday][]=su\">Sonntag<\/a>\n          <\/div>\n        <\/li>\n      <\/ul>\n      <form method=\"GET\" action=\"\" id=\"course_filter_form\" class=\"form-inline my-2 my-lg-0\">\n        <input class=\"form-control mr-sm-2\" type=\"search\" name=\"welante[keyword]\" value=\"\" placeholder=\"oder suchen ...\" aria-label=\"Search\">\n        <button class=\"btn btn-outline-success my-2 my-sm-0\" type=\"submit\">Go!<\/button>\n      <\/form>\n    <\/div>\n  <\/nav>\n<\/div>\n\n\n\n\n<div class=\"row\">\n  <div class=\"col-sm-12 sv-header-count-events\">\n    <strong>26<\/strong> Veranstaltungen gefunden <span style=\"font-size: 60%\">(<a href=\"https:\/\/www.vhsag.ch\/wettingen\/events\/\">Zur\u00fccksetzen<\/a>)<\/span>\n  <\/div>\n<\/div>\n<div class=\"row\">\n  <div class=\"col-md-12 mt-2 mb-2\" style=\"justify-content: center\">\n    <nav aria-label=\"Page navigation example\">\n      <ul class=\"pagination\" style=\"justify-content: center;\">\n        <li class=\"page-item active\"><a href=\"https:\/\/www.vhsag.ch\/wettingen\/events\/\" class=\"page-link\">1<\/a><\/li>\n        <li class=\"page-item \"><a href=\"https:\/\/www.vhsag.ch\/wettingen\/events\/?welante[page]=2\" class=\"page-link\">2<\/a><\/li>\n        <li class=\"page-item \"><a href=\"https:\/\/www.vhsag.ch\/wettingen\/events\/?welante[page]=3\" class=\"page-link\">3<\/a><\/li>\n        <li class=\"page-item\"><a class=\"page-link\" href=\"https:\/\/www.vhsag.ch\/wettingen\/events\/?welante[page]=2\">&gt;<\/a><\/li>\n      <\/ul>\n    <\/nav>\n  <\/div>\n<div class=\"col-sm-6 sv-div-defpad course-click\" style=\"cursor:pointer;\" data-url=\"\/wettingen\/events\/kursdetail\/besichtigung-der-verkehrsleitzentrale-der-kantonspolizei-zuerich\/26-26-60\/\">\n  <img decoding=\"async\" src=\"\/vhswettingen\/EventImages\/Bildschirmfoto 2025-12-03 um 10.17.08.png\" class=\"img-fluid sv-image-base\">\n  <div class=\"row\" style=\"background-color:#eeeeee;margin-right:0px;margin-left:0px;border-bottom:3px solid #ffffff;border-top:3px solid #ffffff;\">\n    <div class=\"sv-2nd-date\">24.04.<\/div>\n    <div class=\"sv-2nd-region-first\">Wettingen<\/div>\n  <\/div>\n  <div class=\"sv-text-back\" style=\"position:relative;\">\n    <p class=\"sv-2nd-header\"><a href=\"\/wettingen\/events\/kursdetail\/besichtigung-der-verkehrsleitzentrale-der-kantonspolizei-zuerich\/26-26-60\/\">Besichtigung der Verkehrsleitzentrale der Kantonspolizei Z\u00fcrich<\/a><\/p>\n    <hr class=\"sv-hr-base\">\n    <div class=\"sv-2nd-text\">Ein spannender Einblick in die Arbeit der Verkehrsleitzentrale und die t\u00e4gliche Verkehrs\u00fcberwachung.<\/div>\n  <div style=\"position:absolute;bottom:15px;right:25px;color:#bbbbbb;line-height:30px;font-weight:400;\">\n  <!--      Art | <strong>Vortrag<\/strong>-->\n  <\/div>\n  <\/div>\n<\/div>\n<div class=\"col-sm-6 sv-div-defpad course-click\" style=\"cursor:pointer;\" data-url=\"\/wettingen\/events\/kursdetail\/finnisches-papiergarn-einzigartige-blumenlichterkette\/26-26-61\/\">\n  <img decoding=\"async\" src=\"\/vhswettingen\/EventImages\/61_finnisches Papiergarn.jpg\" class=\"img-fluid sv-image-base\">\n  <div class=\"row\" style=\"background-color:#eeeeee;margin-right:0px;margin-left:0px;border-bottom:3px solid #ffffff;border-top:3px solid #ffffff;\">\n    <div class=\"sv-2nd-date\">25.04.<\/div>\n    <div class=\"sv-2nd-region-first\">Wettingen<\/div>\n  <\/div>\n  <div class=\"sv-text-back\" style=\"position:relative;\">\n    <p class=\"sv-2nd-header\"><a href=\"\/wettingen\/events\/kursdetail\/finnisches-papiergarn-einzigartige-blumenlichterkette\/26-26-61\/\">Finnisches Papiergarn \u2013 Einzigartige Blumenlichterkette<\/a><\/p>\n    <hr class=\"sv-hr-base\">\n    <div class=\"sv-2nd-text\">Lernen Sie Schritt f\u00fcr Schritt, wie aus finnischem Papiergarn ein zauberhaftes Lichtkunstwerk entsteht.<\/div>\n  <div style=\"position:absolute;bottom:15px;right:25px;color:#bbbbbb;line-height:30px;font-weight:400;\">\n  <!--      Art | <strong>Vortrag<\/strong>-->\n  <\/div>\n  <\/div>\n<\/div>\n<div class=\"col-sm-6 sv-div-defpad course-click\" style=\"cursor:pointer;\" data-url=\"\/wettingen\/events\/kursdetail\/reise-durch-2000-jahre-stadtgeschichte\/26-26-62\/\">\n  <img decoding=\"async\" src=\"\/vhswettingen\/EventImages\/62 Stadt Baden.jpg\" class=\"img-fluid sv-image-base\">\n  <div class=\"row\" style=\"background-color:#eeeeee;margin-right:0px;margin-left:0px;border-bottom:3px solid #ffffff;border-top:3px solid #ffffff;\">\n    <div class=\"sv-2nd-date\">25.04.<\/div>\n    <div class=\"sv-2nd-region-first\">Wettingen<\/div>\n  <\/div>\n  <div class=\"sv-text-back\" style=\"position:relative;\">\n    <p class=\"sv-2nd-header\"><a href=\"\/wettingen\/events\/kursdetail\/reise-durch-2000-jahre-stadtgeschichte\/26-26-62\/\">Reise durch 2000 Jahre Stadtgeschichte<\/a><\/p>\n    <hr class=\"sv-hr-base\">\n    <div class=\"sv-2nd-text\">Erleben Sie, wie Geschichte lebendig wird \u2013 auf einer faszinierenden Zeitreise durch Baden.<\/div>\n  <div style=\"position:absolute;bottom:15px;right:25px;color:#bbbbbb;line-height:30px;font-weight:400;\">\n  <!--      Art | <strong>Vortrag<\/strong>-->\n  <\/div>\n  <\/div>\n<\/div>\n<div class=\"col-sm-6 sv-div-defpad course-click\" style=\"cursor:pointer;\" data-url=\"\/wettingen\/events\/kursdetail\/einfach-aufraeumen-mit-system-und-leichtigkeit-zu-mehr-ordnung-und-uebersicht\/26-26-63\/\">\n  <img decoding=\"async\" src=\"\/vhswettingen\/EventImages\/63_Aufra\u0308umen lernen.png\" class=\"img-fluid sv-image-base\">\n  <div class=\"row\" style=\"background-color:#eeeeee;margin-right:0px;margin-left:0px;border-bottom:3px solid #ffffff;border-top:3px solid #ffffff;\">\n    <div class=\"sv-2nd-date\">28.04.<\/div>\n    <div class=\"sv-2nd-region-first\">Wettingen<\/div>\n  <\/div>\n  <div class=\"sv-text-back\" style=\"position:relative;\">\n    <p class=\"sv-2nd-header\"><a href=\"\/wettingen\/events\/kursdetail\/einfach-aufraeumen-mit-system-und-leichtigkeit-zu-mehr-ordnung-und-uebersicht\/26-26-63\/\">Einfach aufr\u00e4umen \u2013 mit System und Leichtigkeit zu mehr Ordnung und \u00dcbersicht<\/a><\/p>\n    <hr class=\"sv-hr-base\">\n    <div class=\"sv-2nd-text\">Balance statt Ballast: Schritt f\u00fcr Schritt zu deinen Wohlf\u00fchlr\u00e4umen - nachhaltig und alltagstauglich.<\/div>\n  <div style=\"position:absolute;bottom:15px;right:25px;color:#bbbbbb;line-height:30px;font-weight:400;\">\n  <!--      Art | <strong>Vortrag<\/strong>-->\n  <\/div>\n  <\/div>\n<\/div>\n<div class=\"col-sm-6 sv-div-defpad course-click\" style=\"cursor:pointer;\" data-url=\"\/wettingen\/events\/kursdetail\/degustieren-und-spazieren\/26-26-64\/\">\n  <img decoding=\"async\" src=\"\/vhswettingen\/EventImages\/Bildschirmfoto 2025-12-03 um 10.18.09.png\" class=\"img-fluid sv-image-base\">\n  <div class=\"row\" style=\"background-color:#eeeeee;margin-right:0px;margin-left:0px;border-bottom:3px solid #ffffff;border-top:3px solid #ffffff;\">\n    <div class=\"sv-2nd-date\">30.04.<\/div>\n    <div class=\"sv-2nd-region-first\">5430 Wettingen<\/div>\n  <\/div>\n  <div class=\"sv-text-back\" style=\"position:relative;\">\n    <p class=\"sv-2nd-header\"><a href=\"\/wettingen\/events\/kursdetail\/degustieren-und-spazieren\/26-26-64\/\">Degustieren und Spazieren<\/a><\/p>\n    <hr class=\"sv-hr-base\">\n    <div class=\"sv-2nd-text\">Erleben Sie eine genussvolle Weinwanderung zum Aussichtspunkt \u2013 mit Degustation und feinen K\u00f6stlichkeiten aus Italien.<\/div>\n  <div style=\"position:absolute;bottom:15px;right:25px;color:#bbbbbb;line-height:30px;font-weight:400;\">\n  <!--      Art | <strong>Vortrag<\/strong>-->\n  <\/div>\n  <\/div>\n<\/div>\n<div class=\"col-sm-6 sv-div-defpad course-click\" style=\"cursor:pointer;\" data-url=\"\/wettingen\/events\/kursdetail\/gewaltfreie-kommunikation-nach-marshall-b-rosenberg\/26-26-65\/\">\n  <img decoding=\"async\" src=\"\/vhswettingen\/EventImages\/65_Gewaltfreie Kommunikation nach Marshall B.jpg\" class=\"img-fluid sv-image-base\">\n  <div class=\"row\" style=\"background-color:#eeeeee;margin-right:0px;margin-left:0px;border-bottom:3px solid #ffffff;border-top:3px solid #ffffff;\">\n    <div class=\"sv-2nd-date\">30.04.<\/div>\n    <div class=\"sv-2nd-region-first\">Wettingen<\/div>\n  <\/div>\n  <div class=\"sv-text-back\" style=\"position:relative;\">\n    <p class=\"sv-2nd-header\"><a href=\"\/wettingen\/events\/kursdetail\/gewaltfreie-kommunikation-nach-marshall-b-rosenberg\/26-26-65\/\">Gewaltfreie Kommunikation nach Marshall B. Rosenberg<\/a><\/p>\n    <hr class=\"sv-hr-base\">\n    <div class=\"sv-2nd-text\">Entdecken Sie, wie bereichernd echte Verbindung sein kann \u2013 und starten Sie jetzt Ihren Weg in die Gewaltfreie Kommunikation.<\/div>\n  <div style=\"position:absolute;bottom:15px;right:25px;color:#bbbbbb;line-height:30px;font-weight:400;\">\n  <!--      Art | <strong>Vortrag<\/strong>-->\n  <\/div>\n  <\/div>\n<\/div>\n<div class=\"col-sm-6 sv-div-defpad course-click\" style=\"cursor:pointer;\" data-url=\"\/wettingen\/events\/kursdetail\/was-ist-eigentlich-adhs\/26-26-66\/\">\n  <img decoding=\"async\" src=\"\/vhswettingen\/EventImages\/Bildschirmfoto 2025-12-01 um 22.51.46.png\" class=\"img-fluid sv-image-base\">\n  <div class=\"row\" style=\"background-color:#eeeeee;margin-right:0px;margin-left:0px;border-bottom:3px solid #ffffff;border-top:3px solid #ffffff;\">\n    <div class=\"sv-2nd-date\">05.05.<\/div>\n    <div class=\"sv-2nd-region-first\">Wettingen<\/div>\n  <\/div>\n  <div class=\"sv-text-back\" style=\"position:relative;\">\n    <p class=\"sv-2nd-header\"><a href=\"\/wettingen\/events\/kursdetail\/was-ist-eigentlich-adhs\/26-26-66\/\">Was ist eigentlich ADHS<\/a><\/p>\n    <hr class=\"sv-hr-base\">\n    <div class=\"sv-2nd-text\">Tauchen Sie mit uns in die faszinierende und kontroverse Welt von ADHS ein \u2013 und gewinnen Sie Klarheit \u00fcber Definition, Diagnostik, Neurodiversit\u00e4t, Gehirnforschung, Begabungen und die Frage, was hinter der steigenden Zahl an Diagnosen wirklich steckt.<\/div>\n  <div style=\"position:absolute;bottom:15px;right:25px;color:#bbbbbb;line-height:30px;font-weight:400;\">\n  <!--      Art | <strong>Vortrag<\/strong>-->\n  <\/div>\n  <\/div>\n<\/div>\n<div class=\"col-sm-6 sv-div-defpad course-click\" style=\"cursor:pointer;\" data-url=\"\/wettingen\/events\/kursdetail\/theaterbesuch-antigone-im-kurtheater\/26-26-68\/\">\n  <img decoding=\"async\" src=\"\/vhswettingen\/EventImages\/68 Antigone.png\" class=\"img-fluid sv-image-base\">\n  <div class=\"row\" style=\"background-color:#eeeeee;margin-right:0px;margin-left:0px;border-bottom:3px solid #ffffff;border-top:3px solid #ffffff;\">\n    <div class=\"sv-2nd-date\">06.05.<\/div>\n    <div class=\"sv-2nd-region-first\">Baden<\/div>\n  <\/div>\n  <div class=\"sv-text-back\" style=\"position:relative;\">\n    <p class=\"sv-2nd-header\"><a href=\"\/wettingen\/events\/kursdetail\/theaterbesuch-antigone-im-kurtheater\/26-26-68\/\">Theaterbesuch ANTIGONE im Kurtheater<\/a><\/p>\n    <hr class=\"sv-hr-base\">\n    <div class=\"sv-2nd-text\">Wir tauchen ein in Anne Carsons zeitgen\u00f6ssische ANTIGONE und erkunden, wie Sophokles\u2019 Trag\u00f6die die Grenzen von Vernunft, Widerstand und Selbstbestimmung neu auslotet \u2013 mit Einf\u00fchrung vorab und exklusivem Nachgespr\u00e4ch.<\/div>\n  <div style=\"position:absolute;bottom:15px;right:25px;color:#bbbbbb;line-height:30px;font-weight:400;\">\n  <!--      Art | <strong>Vortrag<\/strong>-->\n  <\/div>\n  <\/div>\n<\/div>\n<div class=\"col-sm-6 sv-div-defpad course-click\" style=\"cursor:pointer;\" data-url=\"\/wettingen\/events\/kursdetail\/hirngesundheit-und-langlebigkeit-mit-welchen-essenziellen-faktoren-ist-dies-erreichbar\/26-26-69\/\">\n  <img decoding=\"async\" src=\"\/vhswettingen\/EventImages\/Bildschirmfoto 2025-12-03 um 10.20.24.png\" class=\"img-fluid sv-image-base\">\n  <div class=\"row\" style=\"background-color:#eeeeee;margin-right:0px;margin-left:0px;border-bottom:3px solid #ffffff;border-top:3px solid #ffffff;\">\n    <div class=\"sv-2nd-date\">06.05.<\/div>\n    <div class=\"sv-2nd-region-first\">Wettingen<\/div>\n  <\/div>\n  <div class=\"sv-text-back\" style=\"position:relative;\">\n    <p class=\"sv-2nd-header\"><a href=\"\/wettingen\/events\/kursdetail\/hirngesundheit-und-langlebigkeit-mit-welchen-essenziellen-faktoren-ist-dies-erreichbar\/26-26-69\/\">Hirngesundheit und Langlebigkeit \u2013 mit welchen essenziellen Faktoren ist dies erreichbar?<\/a><\/p>\n    <hr class=\"sv-hr-base\">\n    <div class=\"sv-2nd-text\">Entdecken Sie, wie Sie mit f\u00fcnf zentralen Faktoren Ihre Hirngesundheit st\u00e4rken, Risiken erkennen und aktiv eine starke Gehirn-Reserve f\u00fcr ein langes, gesundes Leben aufbauen.<\/div>\n  <div style=\"position:absolute;bottom:15px;right:25px;color:#bbbbbb;line-height:30px;font-weight:400;\">\n  <!--      Art | <strong>Vortrag<\/strong>-->\n  <\/div>\n  <\/div>\n<\/div>\n<div class=\"col-sm-6 sv-div-defpad course-click\" style=\"cursor:pointer;\" data-url=\"\/wettingen\/events\/kursdetail\/atelierbesuch-bei-dominique-eliane-girod\/26-26-70\/\">\n  <img decoding=\"async\" src=\"\/vhswettingen\/EventImages\/70_Dominique Eliane.png\" class=\"img-fluid sv-image-base\">\n  <div class=\"row\" style=\"background-color:#eeeeee;margin-right:0px;margin-left:0px;border-bottom:3px solid #ffffff;border-top:3px solid #ffffff;\">\n    <div class=\"sv-2nd-date\">07.05.<\/div>\n    <div class=\"sv-2nd-region-first\">Baden<\/div>\n  <\/div>\n  <div class=\"sv-text-back\" style=\"position:relative;\">\n    <p class=\"sv-2nd-header\"><a href=\"\/wettingen\/events\/kursdetail\/atelierbesuch-bei-dominique-eliane-girod\/26-26-70\/\">Atelierbesuch bei Dominique Eliane Girod<\/a><\/p>\n    <hr class=\"sv-hr-base\">\n    <div class=\"sv-2nd-text\">Dominique Eliane Girod nimmt Sie mit auf eine inspirierende Reise und zeigt, wie sie aus Allt\u00e4glichem sch\u00f6pft, Zuf\u00e4lle wirken l\u00e4sst und mit spielerischer Kreativit\u00e4t bekannte Perspektiven hinterfragt.<\/div>\n  <div style=\"position:absolute;bottom:15px;right:25px;color:#bbbbbb;line-height:30px;font-weight:400;\">\n  <!--      Art | <strong>Vortrag<\/strong>-->\n  <\/div>\n  <\/div>\n<\/div>\n<div class=\"col-sm-6 sv-div-defpad course-click\" style=\"cursor:pointer;\" data-url=\"\/wettingen\/events\/kursdetail\/historische-oelmuehle-boettstein-und-das-groesste-oberschlaechtige-holz-wasserrad-europas\/26-26-71\/\">\n  <img decoding=\"async\" src=\"\/vhswettingen\/EventImages\/Bildschirmfoto 2025-12-03 um 10.21.31.png\" class=\"img-fluid sv-image-base\">\n  <div class=\"row\" style=\"background-color:#eeeeee;margin-right:0px;margin-left:0px;border-bottom:3px solid #ffffff;border-top:3px solid #ffffff;\">\n    <div class=\"sv-2nd-date\">09.05.<\/div>\n    <div class=\"sv-2nd-region-first\">Wettingen<\/div>\n  <\/div>\n  <div class=\"sv-text-back\" style=\"position:relative;\">\n    <p class=\"sv-2nd-header\"><a href=\"\/wettingen\/events\/kursdetail\/historische-oelmuehle-boettstein-und-das-groesste-oberschlaechtige-holz-wasserrad-europas\/26-26-71\/\">Historische Oelm\u00fchle B\u00f6ttstein und das gr\u00f6sste oberschl\u00e4chtige Holz-Wasserrad Europas<\/a><\/p>\n    <hr class=\"sv-hr-base\">\n    <div class=\"sv-2nd-text\">Erleben Sie in der Unteren M\u00fchle B\u00f6ttstein hautnah, wie Wasserkraft seit Jahrhunderten \u00d6l presst und Holz antreibt \u2013 inklusive des gr\u00f6ssten oberschl\u00e4chtigen Holz-Wasserrads Europas (10\u202fm Durchmesser) und spannender Einblicke in eine alte Handwerkskunst.<\/div>\n  <div style=\"position:absolute;bottom:15px;right:25px;color:#bbbbbb;line-height:30px;font-weight:400;\">\n  <!--      Art | <strong>Vortrag<\/strong>-->\n  <\/div>\n  <\/div>\n<\/div>\n<div class=\"col-sm-6 sv-div-defpad course-click\" style=\"cursor:pointer;\" data-url=\"\/wettingen\/events\/kursdetail\/sennenbergzimmer-ein-geborgener-schatz\/26-26-72\/\">\n  <img decoding=\"async\" src=\"\/vhswettingen\/EventImages\/Bildschirmfoto 2025-12-03 um 10.22.46.png\" class=\"img-fluid sv-image-base\">\n  <div class=\"row\" style=\"background-color:#eeeeee;margin-right:0px;margin-left:0px;border-bottom:3px solid #ffffff;border-top:3px solid #ffffff;\">\n    <div class=\"sv-2nd-date\">19.05.<\/div>\n    <div class=\"sv-2nd-region-first\">Wettingen<\/div>\n  <\/div>\n  <div class=\"sv-text-back\" style=\"position:relative;\">\n    <p class=\"sv-2nd-header\"><a href=\"\/wettingen\/events\/kursdetail\/sennenbergzimmer-ein-geborgener-schatz\/26-26-72\/\">Sennenbergzimmer \u2013 ein geborgener Schatz<\/a><\/p>\n    <hr class=\"sv-hr-base\">\n    <div class=\"sv-2nd-text\">Besuchen Sie das rekonstruierte Sennenbergzimmer mit seinen pr\u00e4chtigen Malereien, einst kl\u00f6sterliches Erholungsheim auf dem Sennenberg, heute vorl\u00e4ufig zu sehen in der Lindenhofscheune Oberrohrdorf.<\/div>\n  <div style=\"position:absolute;bottom:15px;right:25px;color:#bbbbbb;line-height:30px;font-weight:400;\">\n  <!--      Art | <strong>Vortrag<\/strong>-->\n  <\/div>\n  <\/div>\n<\/div>\n  <div class=\"col-md-12\" style=\"justify-content: center\">\n    <nav aria-label=\"Page navigation example\">\n      <ul class=\"pagination\" style=\"justify-content: center;\">\n        <li class=\"page-item active\"><a href=\"https:\/\/www.vhsag.ch\/wettingen\/events\/\" class=\"page-link\">1<\/a><\/li>\n        <li class=\"page-item \"><a href=\"https:\/\/www.vhsag.ch\/wettingen\/events\/?welante[page]=2\" class=\"page-link\">2<\/a><\/li>\n        <li class=\"page-item \"><a href=\"https:\/\/www.vhsag.ch\/wettingen\/events\/?welante[page]=3\" class=\"page-link\">3<\/a><\/li>\n        <li class=\"page-item\"><a class=\"page-link\" href=\"https:\/\/www.vhsag.ch\/wettingen\/events\/?welante[page]=2\">&gt;<\/a><\/li>\n      <\/ul>\n    <\/nav>\n  <\/div>\n<\/div>\n\n","protected":false},"excerpt":{"rendered":"","protected":false},"author":1,"featured_media":0,"parent":0,"menu_order":0,"comment_status":"closed","ping_status":"closed","template":"","meta":{"footnotes":""},"class_list":["post-7","page","type-page","status-publish","hentry"],"_links":{"self":[{"href":"https:\/\/www.vhsag.ch\/wettingen\/wp-json\/wp\/v2\/pages\/7","targetHints":{"allow":["GET"]}}],"collection":[{"href":"https:\/\/www.vhsag.ch\/wettingen\/wp-json\/wp\/v2\/pages"}],"about":[{"href":"https:\/\/www.vhsag.ch\/wettingen\/wp-json\/wp\/v2\/types\/page"}],"author":[{"embeddable":true,"href":"https:\/\/www.vhsag.ch\/wettingen\/wp-json\/wp\/v2\/users\/1"}],"replies":[{"embeddable":true,"href":"https:\/\/www.vhsag.ch\/wettingen\/wp-json\/wp\/v2\/comments?post=7"}],"version-history":[{"count":1,"href":"https:\/\/www.vhsag.ch\/wettingen\/wp-json\/wp\/v2\/pages\/7\/revisions"}],"predecessor-version":[{"id":8,"href":"https:\/\/www.vhsag.ch\/wettingen\/wp-json\/wp\/v2\/pages\/7\/revisions\/8"}],"wp:attachment":[{"href":"https:\/\/www.vhsag.ch\/wettingen\/wp-json\/wp\/v2\/media?parent=7"}],"curies":[{"name":"wp","href":"https:\/\/api.w.org\/{rel}","templated":true}]}}