{"id":9,"date":"2022-07-12T12:05:09","date_gmt":"2022-07-12T10:05:09","guid":{"rendered":"https:\/\/www.vhsag.ch\/vhsof\/volkshochschule-spreitenbach\/"},"modified":"2026-01-14T13:56:33","modified_gmt":"2026-01-14T12:56:33","slug":"volkshochschule-spreitenbach","status":"publish","type":"page","link":"https:\/\/www.vhsag.ch\/of\/","title":{"rendered":"Volkshochschule Oberes Freiamt"},"content":{"rendered":"<div class=\"wp-block-image is-style-default rounded-image\">\n<figure class=\"aligncenter size-large\"><img loading=\"lazy\" decoding=\"async\" width=\"1024\" height=\"240\" src=\"http:\/\/www.vhsag.ch\/of\/wp-content\/uploads\/sites\/14\/2023\/10\/Intro2-1024x240.jpg\" alt=\"\" class=\"wp-image-37\" srcset=\"https:\/\/www.vhsag.ch\/of\/wp-content\/uploads\/sites\/14\/2023\/10\/Intro2-1024x240.jpg 1024w, https:\/\/www.vhsag.ch\/of\/wp-content\/uploads\/sites\/14\/2023\/10\/Intro2-300x70.jpg 300w, https:\/\/www.vhsag.ch\/of\/wp-content\/uploads\/sites\/14\/2023\/10\/Intro2-768x180.jpg 768w, https:\/\/www.vhsag.ch\/of\/wp-content\/uploads\/sites\/14\/2023\/10\/Intro2-1536x360.jpg 1536w, https:\/\/www.vhsag.ch\/of\/wp-content\/uploads\/sites\/14\/2023\/10\/Intro2-2048x480.jpg 2048w\" sizes=\"auto, (max-width: 1024px) 100vw, 1024px\" \/><\/figure>\n<\/div>\n\n\n<div class=\"row\">\n<div class=\"col-sm-12\" style=\"background-color:#eeeeee;padding-top:15px;padding-bottom:15px;border-radius:15px;\">\n\t        <h4><center><strong>Alle unsere Veranstaltungen in chronologischer Reihenfolge finden Sie <a href=\"\/of\/events\">hier<\/a>.<\/strong><\/center><\/h4>\n<br \/>\n<h5><center>Im Februar starten unsere <strong>Sprachkurse \u00abFit f\u00fcr die Ferien\u00bb.<\/strong> Es hat noch <strong>wenig <\/strong> freie Pl\u00e4tze. <br \/>\nSichern Sie sich Ihren Platz <a href=\"https:\/\/www.vhsag.ch\/of\/events\/?welante%5Bkeyword%5D=-+Fit+f%C3%BCr+ferien\/\"target=\"_blank\"><strong>hier.<\/a><\/strong><\/center><\/h5>\n\t<\/div>\n<\/div>\n\n\n\n<div class=\"row\">\n    <div class=\"col-md-12\">\n        <div style=\"width: 100%; height: 25px; border-bottom: 1px solid #999999; text-align: center;margin-top:40px;margin-bottom:30px;\">\n            <span style=\"font-size: 30px; background-color: #ffffff; color:#999999; padding:0 20px;font-family:'Segoe UI', Tahoma, Geneva, Verdana, sans-serif;\">\n                Highlights\n            <\/span>\n        <\/div>\n    <\/div>\n<\/div>\n\n\n<div class=\"row\">\n<div class=\"col-sm-6 sv-div-defpad course-click\" style=\"cursor:pointer;\" data-url=\"\/of\/events\/kursdetail\/wabi-sabi-die-schoenheit-des-einfachen-und-vergaenglichen\/25-26-KU-079\/\">\n  <img decoding=\"async\" src=\"\/vhsof\/EventImages\/Wabi-Sabi-1.jpg\" class=\"img-fluid sv-image-base\">\n  <div class=\"row\" style=\"background-color:#eeeeee;margin-right:0px;margin-left:0px;border-bottom:3px solid #ffffff;border-top:3px solid #ffffff;\">\n    <div class=\"sv-2nd-date\">28.04.<\/div>\n    <div class=\"sv-2nd-region-first\">Muri AG<\/div>\n  <\/div>\n  <div class=\"sv-text-back\" style=\"position:relative;\">\n    <p class=\"sv-2nd-header\"><a href=\"\/of\/events\/kursdetail\/wabi-sabi-die-schoenheit-des-einfachen-und-vergaenglichen\/25-26-KU-079\/\">Wabi-Sabi - Die Sch\u00f6nheit des Einfachen und Verg\u00e4nglichen<\/a><\/p>\n    <hr class=\"sv-hr-base\">\n    <div class=\"sv-2nd-text\">Statt Perfektion zu feiern, l\u00e4dt Wabi-Sabi dazu ein, das Unscheinbare und Unvollkommene zu w\u00fcrdigen.<\/div>\n  <div style=\"position:absolute;bottom:15px;right:25px;color:#bbbbbb;line-height:30px;font-weight:400;\">\n  <!--      Art | <strong>Vortrag<\/strong>-->\n  <\/div>\n  <\/div>\n<\/div>\n<div class=\"col-sm-6 sv-div-defpad course-click\" style=\"cursor:pointer;\" data-url=\"\/of\/events\/kursdetail\/bodyfit-55-am-donnerstag\/25-26-KU-042\/\">\n  <img decoding=\"async\" src=\"\/vhsof\/EventImages\/Bodyfit 1.jpg\" class=\"img-fluid sv-image-base\">\n  <div class=\"row\" style=\"background-color:#eeeeee;margin-right:0px;margin-left:0px;border-bottom:3px solid #ffffff;border-top:3px solid #ffffff;\">\n    <div class=\"sv-2nd-date\">16.04.<\/div>\n    <div class=\"sv-2nd-region-first\">Muri AG<\/div>\n  <\/div>\n  <div class=\"sv-text-back\" style=\"position:relative;\">\n    <p class=\"sv-2nd-header\"><a href=\"\/of\/events\/kursdetail\/bodyfit-55-am-donnerstag\/25-26-KU-042\/\">Bodyfit 55+ am Donnerstag<\/a><\/p>\n    <hr class=\"sv-hr-base\">\n    <div class=\"sv-2nd-text\">Beweglich bleiben, den R\u00fccken kr\u00e4ftigen und gemeinsam in einer Kleingruppe mit Spass den ganzen K\u00f6rper fit halten.<\/div>\n  <div style=\"position:absolute;bottom:15px;right:25px;color:#bbbbbb;line-height:30px;font-weight:400;\">\n  <!--      Art | <strong>Vortrag<\/strong>-->\n  <\/div>\n  <\/div>\n<\/div>\n<div class=\"col-sm-6 sv-div-defpad course-click\" style=\"cursor:pointer;\" data-url=\"\/of\/events\/kursdetail\/gestern-heute-morgen-eine-exkursion-ins-setz-museum-dintikon\/25-26-EX-004\/\">\n  <img decoding=\"async\" src=\"\/vhsof\/EventImages\/Setz Dintikon.jpg\" class=\"img-fluid sv-image-base\">\n  <div class=\"row\" style=\"background-color:#eeeeee;margin-right:0px;margin-left:0px;border-bottom:3px solid #ffffff;border-top:3px solid #ffffff;\">\n    <div class=\"sv-2nd-date\">30.04.<\/div>\n    <div class=\"sv-2nd-region-first\">Oberes Freiamt<\/div>\n  <\/div>\n  <div class=\"sv-text-back\" style=\"position:relative;\">\n    <p class=\"sv-2nd-header\"><a href=\"\/of\/events\/kursdetail\/gestern-heute-morgen-eine-exkursion-ins-setz-museum-dintikon\/25-26-EX-004\/\">\u00abGestern, Heute, Morgen\u00bb - eine Exkursion ins Setz-Museum Dintikon<\/a><\/p>\n    <hr class=\"sv-hr-base\">\n    <div class=\"sv-2nd-text\">Das Setz Museum in Dintikon ist nicht nur f\u00fcr Technik- und Auto-Enthusiasten ein absolutes Highlight. Die einzigartige Ausstellung zeigt eine breite Palette an Fahrzeugen aus verschiedenen Epochen der automobilen Entwicklung und erz\u00e4hlt damit auch ein St\u00fcck Geschichte unserer mobile Gesellschaft.<\/div>\n  <div style=\"position:absolute;bottom:15px;right:25px;color:#bbbbbb;line-height:30px;font-weight:400;\">\n  <!--      Art | <strong>Vortrag<\/strong>-->\n  <\/div>\n  <\/div>\n<\/div>\n<div class=\"col-sm-6 sv-div-defpad course-click\" style=\"cursor:pointer;\" data-url=\"\/of\/events\/kursdetail\/mit-dem-handy-die-welt-festhalten-bessere-alltagsfotos-leicht-gemacht\/25-26-KU-070\/\">\n  <img decoding=\"async\" src=\"\/vhsof\/EventImages\/Fotokiurs 1.jpg\" class=\"img-fluid sv-image-base\">\n  <div class=\"row\" style=\"background-color:#eeeeee;margin-right:0px;margin-left:0px;border-bottom:3px solid #ffffff;border-top:3px solid #ffffff;\">\n    <div class=\"sv-2nd-date\">27.04.<\/div>\n    <div class=\"sv-2nd-region-first\">B\u00fcnzen<\/div>\n  <\/div>\n  <div class=\"sv-text-back\" style=\"position:relative;\">\n    <p class=\"sv-2nd-header\"><a href=\"\/of\/events\/kursdetail\/mit-dem-handy-die-welt-festhalten-bessere-alltagsfotos-leicht-gemacht\/25-26-KU-070\/\">Mit dem Handy die Welt festhalten \u2013 Bessere Alltagsfotos leicht gemacht<\/a><\/p>\n    <hr class=\"sv-hr-base\">\n    <div class=\"sv-2nd-text\">Sie fotografieren gern mit dem Handy, aber die Ergebnisse sind oft unscharf, zu dunkel oder einfach nicht so sch\u00f6n, wie Sie es sich w\u00fcnschen? Dann ist dieser einmalige Fotokurs genau das Richtige f\u00fcr Sie.<\/div>\n  <div style=\"position:absolute;bottom:15px;right:25px;color:#bbbbbb;line-height:30px;font-weight:400;\">\n  <!--      Art | <strong>Vortrag<\/strong>-->\n  <\/div>\n  <\/div>\n<\/div>\n<\/div>\n\n\n\n<div style=\"width: 100%; height: 25px; border-bottom: 1px solid #999999; text-align: center;margin-top:40px;margin-bottom:30px;\">\n  <span style=\"font-size: 30px; background-color: #ffffff; color:#999999; padding:0 20px;font-family:'Segoe UI', Tahoma, Geneva, Verdana, sans-serif;\">\n    In K\u00fcrze\n  <\/span>\n<\/div>\n<div class=\"row\">\n  <div class=\"col-lg-4 col-md-6 sv-div-defpad course-click\" style=\"cursor:pointer;\" data-url=\"\/of\/events\/kursdetail\/selber-eine-gaestehandtuch-weben\/25-26-KU-080\/\">\n    <img decoding=\"async\" src=\"\/vhsof\/EventImages\/G\u00e4stehandtuch-2.jpg\" class=\"img-fluid sv-image-base-2nd\"  style=\"cursor:pointer;\">\n    <div class=\"row\" style=\"background-color:#eeeeee;margin-right:0px;margin-left:0px;border-bottom:3px solid #ffffff;border-top:3px solid #ffffff;\">\n      <div class=\"sv-3rd-date\" style=\"cursor:pointer;\">11.04.<\/div>\n      <div class=\"sv-3rd-region\" style=\"cursor:pointer;\">B\u00fcnzen<\/div>\n    <\/div>\n    <div class=\"sv-text-back-2nd\" style=\"padding-bottom:30px;\">\n      <p class=\"sv-3rd-header\" style=\"min-height:3em;cursor:pointer;\"><a href=\"\/of\/events\/kursdetail\/selber-eine-gaestehandtuch-weben\/25-26-KU-080\/\">Selber eine G\u00e4stehandtuch weben<\/a><\/p>\n    <\/div>\n  <\/div>\n  <div class=\"col-lg-4 col-md-6 sv-div-defpad course-click\" style=\"cursor:pointer;\" data-url=\"\/of\/events\/kursdetail\/spanisch-fit-fuer-die-ferien-a1-anfaenger-einstieg-jederzeit-moeglich\/25-26-SP-S-002\/\">\n    <img decoding=\"async\" src=\"\/vhsof\/EventImages\/Fahne Spanien Original.jpg\" class=\"img-fluid sv-image-base-2nd\"  style=\"cursor:pointer;\">\n    <div class=\"row\" style=\"background-color:#eeeeee;margin-right:0px;margin-left:0px;border-bottom:3px solid #ffffff;border-top:3px solid #ffffff;\">\n      <div class=\"sv-3rd-date\" style=\"cursor:pointer;\">23.04.<\/div>\n      <div class=\"sv-3rd-region\" style=\"cursor:pointer;\">Muri AG<\/div>\n    <\/div>\n    <div class=\"sv-text-back-2nd\" style=\"padding-bottom:30px;\">\n      <p class=\"sv-3rd-header\" style=\"min-height:3em;cursor:pointer;\"><a href=\"\/of\/events\/kursdetail\/spanisch-fit-fuer-die-ferien-a1-anfaenger-einstieg-jederzeit-moeglich\/25-26-SP-S-002\/\">Spanisch - Fit f\u00fcr die Ferien - A1 (Anf\u00e4nger) - Einstieg jederzeit m\u00f6glich<\/a><\/p>\n    <\/div>\n  <\/div>\n  <div class=\"col-lg-4 col-md-6 sv-div-defpad course-click\" style=\"cursor:pointer;\" data-url=\"\/of\/events\/kursdetail\/selbstvertrauen-der-staerkste-antrieb\/25-26-KU-082\/\">\n    <img decoding=\"async\" src=\"\/vhsof\/EventImages\/Selbstvertrauen.jpg\" class=\"img-fluid sv-image-base-2nd\"  style=\"cursor:pointer;\">\n    <div class=\"row\" style=\"background-color:#eeeeee;margin-right:0px;margin-left:0px;border-bottom:3px solid #ffffff;border-top:3px solid #ffffff;\">\n      <div class=\"sv-3rd-date\" style=\"cursor:pointer;\">07.05.<\/div>\n      <div class=\"sv-3rd-region\" style=\"cursor:pointer;\">Muri AG<\/div>\n    <\/div>\n    <div class=\"sv-text-back-2nd\" style=\"padding-bottom:30px;\">\n      <p class=\"sv-3rd-header\" style=\"min-height:3em;cursor:pointer;\"><a href=\"\/of\/events\/kursdetail\/selbstvertrauen-der-staerkste-antrieb\/25-26-KU-082\/\">Selbstvertrauen \u2013 der st\u00e4rkste Antrieb<\/a><\/p>\n    <\/div>\n  <\/div>\n  <div class=\"col-lg-4 col-md-6 sv-div-defpad course-click\" style=\"cursor:pointer;\" data-url=\"\/of\/events\/kursdetail\/englisch-fit-fuer-die-ferien-a1-1-anfaenger-einstieg-jederzeit-moeglich\/25-26-SP-E-008\/\">\n    <img decoding=\"async\" src=\"\/vhsof\/EventImages\/English Language.jpg\" class=\"img-fluid sv-image-base-2nd\"  style=\"cursor:pointer;\">\n    <div class=\"row\" style=\"background-color:#eeeeee;margin-right:0px;margin-left:0px;border-bottom:3px solid #ffffff;border-top:3px solid #ffffff;\">\n      <div class=\"sv-3rd-date\" style=\"cursor:pointer;\">21.04.<\/div>\n      <div class=\"sv-3rd-region\" style=\"cursor:pointer;\">Muri AG<\/div>\n    <\/div>\n    <div class=\"sv-text-back-2nd\" style=\"padding-bottom:30px;\">\n      <p class=\"sv-3rd-header\" style=\"min-height:3em;cursor:pointer;\"><a href=\"\/of\/events\/kursdetail\/englisch-fit-fuer-die-ferien-a1-1-anfaenger-einstieg-jederzeit-moeglich\/25-26-SP-E-008\/\">Englisch - Fit f\u00fcr die Ferien - A1.1 (Anf\u00e4nger) - Einstieg jederzeit m\u00f6glich<\/a><\/p>\n    <\/div>\n  <\/div>\n  <div class=\"col-lg-4 col-md-6 sv-div-defpad course-click\" style=\"cursor:pointer;\" data-url=\"\/of\/events\/kursdetail\/ricardo-co-kaufen-und-verkaufen-im-internet\/25-26-IT-014\/\">\n    <img decoding=\"async\" src=\"\/vhsof\/EventImages\/Ricardo.jpg\" class=\"img-fluid sv-image-base-2nd\"  style=\"cursor:pointer;\">\n    <div class=\"row\" style=\"background-color:#eeeeee;margin-right:0px;margin-left:0px;border-bottom:3px solid #ffffff;border-top:3px solid #ffffff;\">\n      <div class=\"sv-3rd-date\" style=\"cursor:pointer;\">20.04.<\/div>\n      <div class=\"sv-3rd-region\" style=\"cursor:pointer;\">B\u00fcnzen<\/div>\n    <\/div>\n    <div class=\"sv-text-back-2nd\" style=\"padding-bottom:30px;\">\n      <p class=\"sv-3rd-header\" style=\"min-height:3em;cursor:pointer;\"><a href=\"\/of\/events\/kursdetail\/ricardo-co-kaufen-und-verkaufen-im-internet\/25-26-IT-014\/\">Ricardo & Co. - kaufen und verkaufen im Internet<\/a><\/p>\n    <\/div>\n  <\/div>\n  <div class=\"col-lg-4 col-md-6 sv-div-defpad course-click\" style=\"cursor:pointer;\" data-url=\"\/of\/events\/kursdetail\/pilates-care-mit-start-um-8-30-uhr\/25-26-KU-071\/\">\n    <img decoding=\"async\" src=\"\/vhsof\/EventImages\/Pilates 3.jpg\" class=\"img-fluid sv-image-base-2nd\"  style=\"cursor:pointer;\">\n    <div class=\"row\" style=\"background-color:#eeeeee;margin-right:0px;margin-left:0px;border-bottom:3px solid #ffffff;border-top:3px solid #ffffff;\">\n      <div class=\"sv-3rd-date\" style=\"cursor:pointer;\">24.04.<\/div>\n      <div class=\"sv-3rd-region\" style=\"cursor:pointer;\">Oberes Freiamt<\/div>\n    <\/div>\n    <div class=\"sv-text-back-2nd\" style=\"padding-bottom:30px;\">\n      <p class=\"sv-3rd-header\" style=\"min-height:3em;cursor:pointer;\"><a href=\"\/of\/events\/kursdetail\/pilates-care-mit-start-um-8-30-uhr\/25-26-KU-071\/\">Pilates Care - mit Start um 8.30 Uhr<\/a><\/p>\n    <\/div>\n  <\/div>\n  <\/div>\n\n","protected":false},"excerpt":{"rendered":"<p>Alle unsere Veranstaltungen in chronologischer Reihenfolge finden Sie hier. Im Februar starten unsere Sprachkurse \u00abFit f\u00fcr die Ferien\u00bb. Es hat noch wenig freie Pl\u00e4tze. Sichern Sie sich Ihren Platz hier. Highlights<\/p>\n","protected":false},"author":1,"featured_media":0,"parent":0,"menu_order":0,"comment_status":"closed","ping_status":"closed","template":"","meta":{"footnotes":""},"class_list":["post-9","page","type-page","status-publish","hentry"],"_links":{"self":[{"href":"https:\/\/www.vhsag.ch\/of\/wp-json\/wp\/v2\/pages\/9","targetHints":{"allow":["GET"]}}],"collection":[{"href":"https:\/\/www.vhsag.ch\/of\/wp-json\/wp\/v2\/pages"}],"about":[{"href":"https:\/\/www.vhsag.ch\/of\/wp-json\/wp\/v2\/types\/page"}],"author":[{"embeddable":true,"href":"https:\/\/www.vhsag.ch\/of\/wp-json\/wp\/v2\/users\/1"}],"replies":[{"embeddable":true,"href":"https:\/\/www.vhsag.ch\/of\/wp-json\/wp\/v2\/comments?post=9"}],"version-history":[{"count":20,"href":"https:\/\/www.vhsag.ch\/of\/wp-json\/wp\/v2\/pages\/9\/revisions"}],"predecessor-version":[{"id":314,"href":"https:\/\/www.vhsag.ch\/of\/wp-json\/wp\/v2\/pages\/9\/revisions\/314"}],"wp:attachment":[{"href":"https:\/\/www.vhsag.ch\/of\/wp-json\/wp\/v2\/media?parent=9"}],"curies":[{"name":"wp","href":"https:\/\/api.w.org\/{rel}","templated":true}]}}