{"id":134,"date":"2023-11-01T09:31:32","date_gmt":"2023-11-01T08:31:32","guid":{"rendered":"https:\/\/www.vhsag.ch\/of\/?page_id=134"},"modified":"2025-04-27T10:26:18","modified_gmt":"2025-04-27T08:26:18","slug":"newsletter","status":"publish","type":"page","link":"https:\/\/www.vhsag.ch\/of\/ueber-uns\/newsletter\/","title":{"rendered":"Newsletter"},"content":{"rendered":"\n<p>Mit unserem Newsletter bleiben Sie immer auf dem Laufenden!<\/p>\n\n\n\n<p>Einmal im Monat schicken wir Ihnen eine \u00dcbersicht \u00fcber die Veranstaltungen des kommenden Monats, geben Ihnen einen Ausblick auf zuk\u00fcnftige Highlights und informieren Sie \u00fcber Neuigkeiten rund um die VHS Oberes Freiamt.<\/p>\n\n\n\n<hr class=\"wp-block-separator has-alpha-channel-opacity is-style-wide\"\/>\n\n\n\n<div class=\"wp-block-columns is-layout-flex wp-container-core-columns-is-layout-9d6595d7 wp-block-columns-is-layout-flex\">\n<div class=\"wp-block-column is-layout-flow wp-block-column-is-layout-flow\"><div class=\"wp-block-image\">\n<figure class=\"aligncenter size-full is-resized\"><a href=\"https:\/\/mailchi.mp\/vhsof\/newsletter-vhs-of\" target=\"_blank\" rel=\" noreferrer noopener\"><img loading=\"lazy\" decoding=\"async\" width=\"645\" height=\"163\" src=\"http:\/\/www.vhsag.ch\/of\/wp-content\/uploads\/sites\/14\/2025\/04\/Anmeldung.png\" alt=\"\" class=\"wp-image-257\" style=\"width:326px;height:auto\" srcset=\"https:\/\/www.vhsag.ch\/of\/wp-content\/uploads\/sites\/14\/2025\/04\/Anmeldung.png 645w, https:\/\/www.vhsag.ch\/of\/wp-content\/uploads\/sites\/14\/2025\/04\/Anmeldung-300x76.png 300w\" sizes=\"auto, (max-width: 645px) 100vw, 645px\" \/><\/a><\/figure>\n<\/div><\/div>\n<\/div>\n\n\n\n<p><\/p>\n","protected":false},"excerpt":{"rendered":"<p>Mit unserem Newsletter bleiben Sie immer auf dem Laufenden! Einmal im Monat schicken wir Ihnen eine \u00dcbersicht \u00fcber die Veranstaltungen des kommenden Monats, geben Ihnen einen Ausblick auf zuk\u00fcnftige Highlights und informieren Sie \u00fcber Neuigkeiten rund um die VHS Oberes Freiamt.<\/p>\n","protected":false},"author":1,"featured_media":0,"parent":4,"menu_order":0,"comment_status":"closed","ping_status":"closed","template":"","meta":{"footnotes":""},"class_list":["post-134","page","type-page","status-publish","hentry"],"_links":{"self":[{"href":"https:\/\/www.vhsag.ch\/of\/wp-json\/wp\/v2\/pages\/134","targetHints":{"allow":["GET"]}}],"collection":[{"href":"https:\/\/www.vhsag.ch\/of\/wp-json\/wp\/v2\/pages"}],"about":[{"href":"https:\/\/www.vhsag.ch\/of\/wp-json\/wp\/v2\/types\/page"}],"author":[{"embeddable":true,"href":"https:\/\/www.vhsag.ch\/of\/wp-json\/wp\/v2\/users\/1"}],"replies":[{"embeddable":true,"href":"https:\/\/www.vhsag.ch\/of\/wp-json\/wp\/v2\/comments?post=134"}],"version-history":[{"count":9,"href":"https:\/\/www.vhsag.ch\/of\/wp-json\/wp\/v2\/pages\/134\/revisions"}],"predecessor-version":[{"id":260,"href":"https:\/\/www.vhsag.ch\/of\/wp-json\/wp\/v2\/pages\/134\/revisions\/260"}],"up":[{"embeddable":true,"href":"https:\/\/www.vhsag.ch\/of\/wp-json\/wp\/v2\/pages\/4"}],"wp:attachment":[{"href":"https:\/\/www.vhsag.ch\/of\/wp-json\/wp\/v2\/media?parent=134"}],"curies":[{"name":"wp","href":"https:\/\/api.w.org\/{rel}","templated":true}]}}