{"id":12,"date":"2022-07-12T12:05:38","date_gmt":"2022-07-12T10:05:38","guid":{"rendered":"https:\/\/www.vhsag.ch\/vhsof\/veranstaltungen\/"},"modified":"2023-10-24T11:17:31","modified_gmt":"2023-10-24T09:17:31","slug":"events","status":"publish","type":"page","link":"https:\/\/www.vhsag.ch\/of\/events\/","title":{"rendered":"Veranstaltungen"},"content":{"rendered":"<div class=\"row\" style=\"margin-top:10px;line-height:40px;\">\n  <nav class=\"navbar navbar-expand-lg navbar-light bg-light\" style=\"width: 100%;\">\n    <a class=\"navbar-brand\" href=\"#\">Auswahl<\/a>\n    <button class=\"navbar-toggler\" type=\"button\" data-toggle=\"collapse\" data-target=\"#navbarNavDropdown\" aria-controls=\"navbarNavDropdown\" aria-expanded=\"false\" aria-label=\"Toggle navigation\">\n    <span class=\"navbar-toggler-icon\"><\/span>\n    <\/button>\n    <div class=\"collapse navbar-collapse\" id=\"navbarNavDropdown\" style=\"justify-content: space-between;\">\n      <ul class=\"navbar-nav\">\n        <li class=\"nav-item dropdown\" style=\"margin-left:15px;\">\n          <a class=\"nav-link dropdown-toggle\" href=\"#\" id=\"navbarDropdownMenuLink\" data-toggle=\"dropdown\" aria-haspopup=\"true\" aria-expanded=\"false\">\n            Monat          <\/a>\n          <div class=\"dropdown-menu\" aria-labelledby=\"navbarDropdownMenuLink\">\n            <a class=\"dropdown-item\" href=\"https:\/\/www.vhsag.ch\/of\/events\/?welante[datemonth]=2026-04\">Apr '26<\/a>\n            <a class=\"dropdown-item\" href=\"https:\/\/www.vhsag.ch\/of\/events\/?welante[datemonth]=2026-05\">Mai '26<\/a>\n            <a class=\"dropdown-item\" href=\"https:\/\/www.vhsag.ch\/of\/events\/?welante[datemonth]=2026-06\">Jun '26<\/a>\n            <a class=\"dropdown-item\" href=\"https:\/\/www.vhsag.ch\/of\/events\/?welante[datemonth]=2026-10\">Okt '26<\/a>\n            <a class=\"dropdown-item\" href=\"https:\/\/www.vhsag.ch\/of\/events\/?welante[datemonth]=2026-11\">Nov '26<\/a>\n          <\/div>\n        <\/li>\n        <li class=\"nav-item dropdown\" style=\"margin-left:15px;\">\n          <a class=\"nav-link dropdown-toggle\" href=\"#\" id=\"navbarDropdownMenuLink\" data-toggle=\"dropdown\" aria-haspopup=\"true\" aria-expanded=\"false\">\n            Kategorie          <\/a>\n          <div class=\"dropdown-menu\" aria-labelledby=\"navbarDropdownMenuLink\">\n            <a class=\"dropdown-item\" href=\"https:\/\/www.vhsag.ch\/of\/events\/?welante[category]=reisen\">L\u00e4nder, Menschen, Reisen<\/a>\n            <a class=\"dropdown-item\" href=\"https:\/\/www.vhsag.ch\/of\/events\/?welante[category]=natur-technik\">Natur, Technik, Wirtschaft<\/a>\n            <a class=\"dropdown-item\" href=\"https:\/\/www.vhsag.ch\/of\/events\/?welante[category]=gesundheit\">Gesundheit<\/a>\n            <a class=\"dropdown-item\" href=\"https:\/\/www.vhsag.ch\/of\/events\/?welante[category]=bildung-erziehung\">Bildung, Erziehung, Lebenshilfe<\/a>\n            <a class=\"dropdown-item\" href=\"https:\/\/www.vhsag.ch\/of\/events\/?welante[category]=medien\">Medien<\/a>\n            <a class=\"dropdown-item\" href=\"https:\/\/www.vhsag.ch\/of\/events\/?welante[category]=kreativitaet\">Kreativit\u00e4t<\/a>\n            <a class=\"dropdown-item\" href=\"https:\/\/www.vhsag.ch\/of\/events\/?welante[category]=grundkompetenzen\">Grundkompetenzen<\/a>\n            <a class=\"dropdown-item\" href=\"https:\/\/www.vhsag.ch\/of\/events\/?welante[category]=sprachen\">Sprachen<\/a>\n            <a class=\"dropdown-item\" href=\"https:\/\/www.vhsag.ch\/of\/events\/?welante[category]=kulinarik\">Kulinarik<\/a>\n            <a class=\"dropdown-item\" href=\"https:\/\/www.vhsag.ch\/of\/events\/?welante[category]=gesellschaft-politik\">Gesellschaft, Politik, Geschichte<\/a>\n            <a class=\"dropdown-item\" href=\"https:\/\/www.vhsag.ch\/of\/events\/?welante[category]=musik-kunst-kultur\">Musik, Literatur, Kunst, Philosophie<\/a>\n            <a class=\"dropdown-item\" href=\"https:\/\/www.vhsag.ch\/of\/events\/?welante[category]=it4me\">IT4me<\/a>\n            <a class=\"dropdown-item\" href=\"https:\/\/www.vhsag.ch\/of\/events\/?welante[category]=schwerpunkt-aargau\">Schwerpunkt Aargau<\/a>\n          <\/div>\n        <\/li>\n        <li class=\"nav-item dropdown\" style=\"margin-left:15px;\">\n          <a class=\"nav-link dropdown-toggle\" href=\"#\" id=\"navbarDropdownMenuLink\" data-toggle=\"dropdown\" aria-haspopup=\"true\" aria-expanded=\"false\">\n            K\u00fcnftig          <\/a>\n          <div class=\"dropdown-menu\" aria-labelledby=\"navbarDropdownMenuLink\">\n            <a class=\"dropdown-item\" href=\"https:\/\/www.vhsag.ch\/of\/events\/?welante[starttime]=all\">Alle<\/a>\n            <a class=\"dropdown-item\" href=\"https:\/\/www.vhsag.ch\/of\/events\/?welante[starttime]=future\">K\u00fcnftig<\/a>\n            <a class=\"dropdown-item\" href=\"https:\/\/www.vhsag.ch\/of\/events\/?welante[starttime]=runningfuture\">Laufend & k\u00fcnftig<\/a>\n            <a class=\"dropdown-item\" href=\"https:\/\/www.vhsag.ch\/of\/events\/?welante[starttime]=past\">Vorbei<\/a>\n          <\/div>\n        <\/li>\n        <li class=\"nav-item dropdown\" style=\"margin-left:15px;\">\n          <a class=\"nav-link dropdown-toggle\" href=\"#\" id=\"navbarDropdownMenuLink\" data-toggle=\"dropdown\" aria-haspopup=\"true\" aria-expanded=\"false\">\n            Wochentag          <\/a>\n          <div class=\"dropdown-menu\" aria-labelledby=\"navbarDropdownMenuLink\">\n            <a class=\"dropdown-item\" href=\"https:\/\/www.vhsag.ch\/of\/events\/?welante[startday][]=mo\">Montag<\/a>\n            <a class=\"dropdown-item\" href=\"https:\/\/www.vhsag.ch\/of\/events\/?welante[startday][]=tu\">Dienstag<\/a>\n            <a class=\"dropdown-item\" href=\"https:\/\/www.vhsag.ch\/of\/events\/?welante[startday][]=we\">Mittwoch<\/a>\n            <a class=\"dropdown-item\" href=\"https:\/\/www.vhsag.ch\/of\/events\/?welante[startday][]=th\">Donnerstag<\/a>\n            <a class=\"dropdown-item\" href=\"https:\/\/www.vhsag.ch\/of\/events\/?welante[startday][]=fr\">Freitag<\/a>\n            <a class=\"dropdown-item\" href=\"https:\/\/www.vhsag.ch\/of\/events\/?welante[startday][]=sa\">Samstag<\/a>\n            <a class=\"dropdown-item\" href=\"https:\/\/www.vhsag.ch\/of\/events\/?welante[startday][]=su\">Sonntag<\/a>\n          <\/div>\n        <\/li>\n      <\/ul>\n      <form method=\"GET\" action=\"\" id=\"course_filter_form\" class=\"form-inline my-2 my-lg-0\">\n        <input class=\"form-control mr-sm-2\" type=\"search\" name=\"welante[keyword]\" value=\"\" placeholder=\"oder suchen ...\" aria-label=\"Search\">\n        <button class=\"btn btn-outline-success my-2 my-sm-0\" type=\"submit\">Go!<\/button>\n      <\/form>\n    <\/div>\n  <\/nav>\n<\/div>\n\n\n\n<div class=\"row\">\n  <div class=\"col-sm-12 sv-header-count-events\">\n    <strong>34<\/strong> Veranstaltungen gefunden <span style=\"font-size: 60%\">(<a href=\"https:\/\/www.vhsag.ch\/of\/events\/\">Zur\u00fccksetzen<\/a>)<\/span>\n  <\/div>\n<\/div>\n<div class=\"row\">\n  <div class=\"col-md-12 mt-2 mb-2\" style=\"justify-content: center\">\n    <nav aria-label=\"Page navigation example\">\n      <ul class=\"pagination\" style=\"justify-content: center;\">\n        <li class=\"page-item active\"><a href=\"https:\/\/www.vhsag.ch\/of\/events\/\" class=\"page-link\">1<\/a><\/li>\n        <li class=\"page-item \"><a href=\"https:\/\/www.vhsag.ch\/of\/events\/?welante[page]=2\" class=\"page-link\">2<\/a><\/li>\n        <li class=\"page-item \"><a href=\"https:\/\/www.vhsag.ch\/of\/events\/?welante[page]=3\" class=\"page-link\">3<\/a><\/li>\n        <li class=\"page-item\"><a class=\"page-link\" href=\"https:\/\/www.vhsag.ch\/of\/events\/?welante[page]=2\">&gt;<\/a><\/li>\n      <\/ul>\n    <\/nav>\n  <\/div>\n<div class=\"col-sm-6 sv-div-defpad course-click\" style=\"cursor:pointer;\" data-url=\"\/of\/events\/kursdetail\/pilates-care-mit-start-um-8-30-uhr\/25-26-KU-071\/\">\n  <img decoding=\"async\" src=\"\/vhsof\/EventImages\/Pilates 3.jpg\" class=\"img-fluid sv-image-base\">\n  <div class=\"row\" style=\"background-color:#eeeeee;margin-right:0px;margin-left:0px;border-bottom:3px solid #ffffff;border-top:3px solid #ffffff;\">\n    <div class=\"sv-2nd-date\">24.04.<\/div>\n    <div class=\"sv-2nd-region-first\">Oberes Freiamt<\/div>\n  <\/div>\n  <div class=\"sv-text-back\" style=\"position:relative;\">\n    <p class=\"sv-2nd-header\"><a href=\"\/of\/events\/kursdetail\/pilates-care-mit-start-um-8-30-uhr\/25-26-KU-071\/\">Pilates Care - mit Start um 8.30 Uhr<\/a><\/p>\n    <hr class=\"sv-hr-base\">\n    <div class=\"sv-2nd-text\">Die Pilates Care-Methode ist ein effizientes, ganzheitliches K\u00f6rpertrainingsprogramm. Die tiefliegende Rumpfmuskulatur wird gezielt aktiviert und so die Wirbels\u00e4ulenstatik intensiv gest\u00e4rkt.<\/div>\n  <div style=\"position:absolute;bottom:15px;right:25px;color:#bbbbbb;line-height:30px;font-weight:400;\">\n  <!--      Art | <strong>Vortrag<\/strong>-->\n  <\/div>\n  <\/div>\n<\/div>\n<div class=\"col-sm-6 sv-div-defpad course-click\" style=\"cursor:pointer;\" data-url=\"\/of\/events\/kursdetail\/pilates-care-mit-start-um-9-30-uhr\/25-26-KU-072\/\">\n  <img decoding=\"async\" src=\"\/vhsof\/EventImages\/Pilates 3.jpg\" class=\"img-fluid sv-image-base\">\n  <div class=\"row\" style=\"background-color:#eeeeee;margin-right:0px;margin-left:0px;border-bottom:3px solid #ffffff;border-top:3px solid #ffffff;\">\n    <div class=\"sv-2nd-date\">24.04.<\/div>\n    <div class=\"sv-2nd-region-first\">Oberes Freiamt<\/div>\n  <\/div>\n  <div class=\"sv-text-back\" style=\"position:relative;\">\n    <p class=\"sv-2nd-header\"><a href=\"\/of\/events\/kursdetail\/pilates-care-mit-start-um-9-30-uhr\/25-26-KU-072\/\">Pilates Care - mit Start um 9.30 Uhr<\/a><\/p>\n    <hr class=\"sv-hr-base\">\n    <div class=\"sv-2nd-text\">Die Pilates Care-Methode ist ein effizientes, ganzheitliches K\u00f6rpertrainingsprogramm. Die tiefliegende Rumpfmuskulatur wird gezielt aktiviert und so die Wirbels\u00e4ulenstatik intensiv gest\u00e4rkt.<\/div>\n  <div style=\"position:absolute;bottom:15px;right:25px;color:#bbbbbb;line-height:30px;font-weight:400;\">\n  <!--      Art | <strong>Vortrag<\/strong>-->\n  <\/div>\n  <\/div>\n<\/div>\n<div class=\"col-sm-6 sv-div-defpad course-click\" style=\"cursor:pointer;\" data-url=\"\/of\/events\/kursdetail\/mit-dem-handy-die-welt-festhalten-bessere-alltagsfotos-leicht-gemacht\/25-26-KU-070\/\">\n  <img decoding=\"async\" src=\"\/vhsof\/EventImages\/Fotokiurs 1.jpg\" class=\"img-fluid sv-image-base\">\n  <div class=\"row\" style=\"background-color:#eeeeee;margin-right:0px;margin-left:0px;border-bottom:3px solid #ffffff;border-top:3px solid #ffffff;\">\n    <div class=\"sv-2nd-date\">27.04.<\/div>\n    <div class=\"sv-2nd-region-first\">B\u00fcnzen<\/div>\n  <\/div>\n  <div class=\"sv-text-back\" style=\"position:relative;\">\n    <p class=\"sv-2nd-header\"><a href=\"\/of\/events\/kursdetail\/mit-dem-handy-die-welt-festhalten-bessere-alltagsfotos-leicht-gemacht\/25-26-KU-070\/\">Mit dem Handy die Welt festhalten \u2013 Bessere Alltagsfotos leicht gemacht<\/a><\/p>\n    <hr class=\"sv-hr-base\">\n    <div class=\"sv-2nd-text\">Sie fotografieren gern mit dem Handy, aber die Ergebnisse sind oft unscharf, zu dunkel oder einfach nicht so sch\u00f6n, wie Sie es sich w\u00fcnschen? Dann ist dieser einmalige Fotokurs genau das Richtige f\u00fcr Sie.<\/div>\n  <div style=\"position:absolute;bottom:15px;right:25px;color:#bbbbbb;line-height:30px;font-weight:400;\">\n  <!--      Art | <strong>Vortrag<\/strong>-->\n  <\/div>\n  <\/div>\n<\/div>\n<div class=\"col-sm-6 sv-div-defpad course-click\" style=\"cursor:pointer;\" data-url=\"\/of\/events\/kursdetail\/spanischkurs-fuer-anfaenger-mit-vorkenntnissen-stufe-a2\/25-26-SP-S-005-1\/\">\n  <img decoding=\"async\" src=\"\/vhsof\/EventImages\/Madrid Kopie.jpg\" class=\"img-fluid sv-image-base\">\n  <div class=\"row\" style=\"background-color:#eeeeee;margin-right:0px;margin-left:0px;border-bottom:3px solid #ffffff;border-top:3px solid #ffffff;\">\n    <div class=\"sv-2nd-date\">28.04.<\/div>\n    <div class=\"sv-2nd-region-first\">Muri AG<\/div>\n  <\/div>\n  <div class=\"sv-text-back\" style=\"position:relative;\">\n    <p class=\"sv-2nd-header\"><a href=\"\/of\/events\/kursdetail\/spanischkurs-fuer-anfaenger-mit-vorkenntnissen-stufe-a2\/25-26-SP-S-005-1\/\">Spanischkurs f\u00fcr Anf\u00e4nger mit Vorkenntnissen, Stufe A2<\/a><\/p>\n    <hr class=\"sv-hr-base\">\n    <div class=\"sv-2nd-text\">\u00a1Bienvenidos al mundo del espa\u00f1ol! Sie lernen die spanische Sprache und Kultur kennen. Seien Sie dabei.<\/div>\n  <div style=\"position:absolute;bottom:15px;right:25px;color:#bbbbbb;line-height:30px;font-weight:400;\">\n  <!--      Art | <strong>Vortrag<\/strong>-->\n  <\/div>\n  <\/div>\n<\/div>\n<div class=\"col-sm-6 sv-div-defpad course-click\" style=\"cursor:pointer;\" data-url=\"\/of\/events\/kursdetail\/wabi-sabi-die-schoenheit-des-einfachen-und-vergaenglichen\/25-26-KU-079\/\">\n  <img decoding=\"async\" src=\"\/vhsof\/EventImages\/Wabi-Sabi-1.jpg\" class=\"img-fluid sv-image-base\">\n  <div class=\"row\" style=\"background-color:#eeeeee;margin-right:0px;margin-left:0px;border-bottom:3px solid #ffffff;border-top:3px solid #ffffff;\">\n    <div class=\"sv-2nd-date\">28.04.<\/div>\n    <div class=\"sv-2nd-region-first\">Muri AG<\/div>\n  <\/div>\n  <div class=\"sv-text-back\" style=\"position:relative;\">\n    <p class=\"sv-2nd-header\"><a href=\"\/of\/events\/kursdetail\/wabi-sabi-die-schoenheit-des-einfachen-und-vergaenglichen\/25-26-KU-079\/\">Wabi-Sabi - Die Sch\u00f6nheit des Einfachen und Verg\u00e4nglichen<\/a><\/p>\n    <hr class=\"sv-hr-base\">\n    <div class=\"sv-2nd-text\">Statt Perfektion zu feiern, l\u00e4dt Wabi-Sabi dazu ein, das Unscheinbare und Unvollkommene zu w\u00fcrdigen.<\/div>\n  <div style=\"position:absolute;bottom:15px;right:25px;color:#bbbbbb;line-height:30px;font-weight:400;\">\n  <!--      Art | <strong>Vortrag<\/strong>-->\n  <\/div>\n  <\/div>\n<\/div>\n<div class=\"col-sm-6 sv-div-defpad course-click\" style=\"cursor:pointer;\" data-url=\"\/of\/events\/kursdetail\/italienisch-fit-fuer-die-ferien-a1-1-anfaenger-einstieg-jederzeit-moeglich\/25-26-SP-I-003\/\">\n  <img decoding=\"async\" src=\"\/vhsof\/EventImages\/dolce-vita-5372094_1280.jpg\" class=\"img-fluid sv-image-base\">\n  <div class=\"row\" style=\"background-color:#eeeeee;margin-right:0px;margin-left:0px;border-bottom:3px solid #ffffff;border-top:3px solid #ffffff;\">\n    <div class=\"sv-2nd-date\">29.04.<\/div>\n    <div class=\"sv-2nd-region-first\">Muri AG<\/div>\n  <\/div>\n  <div class=\"sv-text-back\" style=\"position:relative;\">\n    <p class=\"sv-2nd-header\"><a href=\"\/of\/events\/kursdetail\/italienisch-fit-fuer-die-ferien-a1-1-anfaenger-einstieg-jederzeit-moeglich\/25-26-SP-I-003\/\">Italienisch - Fit f\u00fcr die Ferien - A1.1 (Anf\u00e4nger) - Einstieg jederzeit m\u00f6glich<\/a><\/p>\n    <hr class=\"sv-hr-base\">\n    <div class=\"sv-2nd-text\">F\u00fcr Reisende ohne Vorkenntnisse. Wir konzentrieren uns auf wichtigste sprachliche Grundlagen, \u00fcben m\u00fcndlich S\u00e4tze, Wortschatz, Zahlen, die Ihnen bei einer Reise oder im Alltag n\u00fctzlich sind.<\/div>\n  <div style=\"position:absolute;bottom:15px;right:25px;color:#bbbbbb;line-height:30px;font-weight:400;\">\n  <!--      Art | <strong>Vortrag<\/strong>-->\n  <\/div>\n  <\/div>\n<\/div>\n<div class=\"col-sm-6 sv-div-defpad course-click\" style=\"cursor:pointer;\" data-url=\"\/of\/events\/kursdetail\/bar-babylon\/25-26-SP-BB-008\/\">\n  <img decoding=\"async\" src=\"\/vhsof\/EventImages\/Bar Babylon1.jpg\" class=\"img-fluid sv-image-base\">\n  <div class=\"row\" style=\"background-color:#eeeeee;margin-right:0px;margin-left:0px;border-bottom:3px solid #ffffff;border-top:3px solid #ffffff;\">\n    <div class=\"sv-2nd-date\">29.04.<\/div>\n    <div class=\"sv-2nd-region-first\">Muri<\/div>\n  <\/div>\n  <div class=\"sv-text-back\" style=\"position:relative;\">\n    <p class=\"sv-2nd-header\"><a href=\"\/of\/events\/kursdetail\/bar-babylon\/25-26-SP-BB-008\/\">Bar Babylon<\/a><\/p>\n    <hr class=\"sv-hr-base\">\n    <div class=\"sv-2nd-text\">Zwanglos und entspannt Fremdsprachen (E, SP, PT, IT, FR, RU, DT, RAE) sprechen im Kreise interessierter Teilnehmer, in gem\u00fctlicher Umgebung am runden Tisch.<\/div>\n  <div style=\"position:absolute;bottom:15px;right:25px;color:#bbbbbb;line-height:30px;font-weight:400;\">\n  <!--      Art | <strong>Vortrag<\/strong>-->\n  <\/div>\n  <\/div>\n<\/div>\n<div class=\"col-sm-6 sv-div-defpad course-click\" style=\"cursor:pointer;\" data-url=\"\/of\/events\/kursdetail\/italienisch-fuer-reisefreudige\/25-26-SP-I-004-1\/\">\n  <img decoding=\"async\" src=\"\/vhsof\/EventImages\/Toskana Kopie.jpg\" class=\"img-fluid sv-image-base\">\n  <div class=\"row\" style=\"background-color:#eeeeee;margin-right:0px;margin-left:0px;border-bottom:3px solid #ffffff;border-top:3px solid #ffffff;\">\n    <div class=\"sv-2nd-date\">29.04.<\/div>\n    <div class=\"sv-2nd-region-first\">Muri AG<\/div>\n  <\/div>\n  <div class=\"sv-text-back\" style=\"position:relative;\">\n    <p class=\"sv-2nd-header\"><a href=\"\/of\/events\/kursdetail\/italienisch-fuer-reisefreudige\/25-26-SP-I-004-1\/\">Italienisch f\u00fcr Reisefreudige<\/a><\/p>\n    <hr class=\"sv-hr-base\">\n    <div class=\"sv-2nd-text\">F\u00fcr diesen spannenden Reisekurs ben\u00f6tigt es wenige Vorkenntnisse. Wir legen den Schwerpunkt auf die m\u00fcndliche Kommunikation. Seien Sie dabei.<\/div>\n  <div style=\"position:absolute;bottom:15px;right:25px;color:#bbbbbb;line-height:30px;font-weight:400;\">\n  <!--      Art | <strong>Vortrag<\/strong>-->\n  <\/div>\n  <\/div>\n<\/div>\n<div class=\"col-sm-6 sv-div-defpad course-click\" style=\"cursor:pointer;\" data-url=\"\/of\/events\/kursdetail\/bodyfit-55-am-donnerstag\/25-26-KU-042\/\">\n  <img decoding=\"async\" src=\"\/vhsof\/EventImages\/Bodyfit 1.jpg\" class=\"img-fluid sv-image-base\">\n  <div class=\"row\" style=\"background-color:#eeeeee;margin-right:0px;margin-left:0px;border-bottom:3px solid #ffffff;border-top:3px solid #ffffff;\">\n    <div class=\"sv-2nd-date\">30.04.<\/div>\n    <div class=\"sv-2nd-region-first\">Muri AG<\/div>\n  <\/div>\n  <div class=\"sv-text-back\" style=\"position:relative;\">\n    <p class=\"sv-2nd-header\"><a href=\"\/of\/events\/kursdetail\/bodyfit-55-am-donnerstag\/25-26-KU-042\/\">Bodyfit 55+ am Donnerstag<\/a><\/p>\n    <hr class=\"sv-hr-base\">\n    <div class=\"sv-2nd-text\">Beweglich bleiben, den R\u00fccken kr\u00e4ftigen und gemeinsam in einer Kleingruppe mit Spass den ganzen K\u00f6rper fit halten.<\/div>\n  <div style=\"position:absolute;bottom:15px;right:25px;color:#bbbbbb;line-height:30px;font-weight:400;\">\n  <!--      Art | <strong>Vortrag<\/strong>-->\n  <\/div>\n  <\/div>\n<\/div>\n<div class=\"col-sm-6 sv-div-defpad course-click\" style=\"cursor:pointer;\" data-url=\"\/of\/events\/kursdetail\/gestern-heute-morgen-eine-exkursion-ins-setz-museum-dintikon\/25-26-EX-004\/\">\n  <img decoding=\"async\" src=\"\/vhsof\/EventImages\/Setz Dintikon.jpg\" class=\"img-fluid sv-image-base\">\n  <div class=\"row\" style=\"background-color:#eeeeee;margin-right:0px;margin-left:0px;border-bottom:3px solid #ffffff;border-top:3px solid #ffffff;\">\n    <div class=\"sv-2nd-date\">30.04.<\/div>\n    <div class=\"sv-2nd-region-first\">Oberes Freiamt<\/div>\n  <\/div>\n  <div class=\"sv-text-back\" style=\"position:relative;\">\n    <p class=\"sv-2nd-header\"><a href=\"\/of\/events\/kursdetail\/gestern-heute-morgen-eine-exkursion-ins-setz-museum-dintikon\/25-26-EX-004\/\">\u00abGestern, Heute, Morgen\u00bb - eine Exkursion ins Setz-Museum Dintikon<\/a><\/p>\n    <hr class=\"sv-hr-base\">\n    <div class=\"sv-2nd-text\">Das Setz Museum in Dintikon ist nicht nur f\u00fcr Technik- und Auto-Enthusiasten ein absolutes Highlight. Die einzigartige Ausstellung zeigt eine breite Palette an Fahrzeugen aus verschiedenen Epochen der automobilen Entwicklung und erz\u00e4hlt damit auch ein St\u00fcck Geschichte unserer mobile Gesellschaft.<\/div>\n  <div style=\"position:absolute;bottom:15px;right:25px;color:#bbbbbb;line-height:30px;font-weight:400;\">\n  <!--      Art | <strong>Vortrag<\/strong>-->\n  <\/div>\n  <\/div>\n<\/div>\n<div class=\"col-sm-6 sv-div-defpad course-click\" style=\"cursor:pointer;\" data-url=\"\/of\/events\/kursdetail\/englischkurs-am-morgen-reading-and-conversation\/25-26-SP-E-001-1\/\">\n  <img decoding=\"async\" src=\"\/vhsof\/EventImages\/Westminster Kopie (1).jpg\" class=\"img-fluid sv-image-base\">\n  <div class=\"row\" style=\"background-color:#eeeeee;margin-right:0px;margin-left:0px;border-bottom:3px solid #ffffff;border-top:3px solid #ffffff;\">\n    <div class=\"sv-2nd-date\">04.05.<\/div>\n    <div class=\"sv-2nd-region-first\">Sins<\/div>\n  <\/div>\n  <div class=\"sv-text-back\" style=\"position:relative;\">\n    <p class=\"sv-2nd-header\"><a href=\"\/of\/events\/kursdetail\/englischkurs-am-morgen-reading-and-conversation\/25-26-SP-E-001-1\/\">Englischkurs am Morgen: Reading and Conversation<\/a><\/p>\n    <hr class=\"sv-hr-base\">\n    <div class=\"sv-2nd-text\">You would like to keep your good working knowledge of the English language at a steady, upper intermediate level. English will be spoken most of the time.<\/div>\n  <div style=\"position:absolute;bottom:15px;right:25px;color:#bbbbbb;line-height:30px;font-weight:400;\">\n  <!--      Art | <strong>Vortrag<\/strong>-->\n  <\/div>\n  <\/div>\n<\/div>\n<div class=\"col-sm-6 sv-div-defpad course-click\" style=\"cursor:pointer;\" data-url=\"\/of\/events\/kursdetail\/spanisch-reisefreudige-1\/25-26-SP-S-006-1\/\">\n  <img decoding=\"async\" src=\"\/vhsof\/EventImages\/Tapas Kopie.jpg\" class=\"img-fluid sv-image-base\">\n  <div class=\"row\" style=\"background-color:#eeeeee;margin-right:0px;margin-left:0px;border-bottom:3px solid #ffffff;border-top:3px solid #ffffff;\">\n    <div class=\"sv-2nd-date\">06.05.<\/div>\n    <div class=\"sv-2nd-region-first\">Muri AG<\/div>\n  <\/div>\n  <div class=\"sv-text-back\" style=\"position:relative;\">\n    <p class=\"sv-2nd-header\"><a href=\"\/of\/events\/kursdetail\/spanisch-reisefreudige-1\/25-26-SP-S-006-1\/\">Spanisch - Reisefreudige 1<\/a><\/p>\n    <hr class=\"sv-hr-base\">\n    <div class=\"sv-2nd-text\">F\u00fcr Reisende mit wenigen Vorkenntnissen. Wir konzentrieren uns auf wichtigste sprachliche Grundlagen, \u00fcben m\u00fcndlich S\u00e4tze, Wortschatz, Zahlen, die Ihnen bei Ihrer Reise n\u00fctzlich sind.<\/div>\n  <div style=\"position:absolute;bottom:15px;right:25px;color:#bbbbbb;line-height:30px;font-weight:400;\">\n  <!--      Art | <strong>Vortrag<\/strong>-->\n  <\/div>\n  <\/div>\n<\/div>\n  <div class=\"col-md-12\" style=\"justify-content: center\">\n    <nav aria-label=\"Page navigation example\">\n      <ul class=\"pagination\" style=\"justify-content: center;\">\n        <li class=\"page-item active\"><a href=\"https:\/\/www.vhsag.ch\/of\/events\/\" class=\"page-link\">1<\/a><\/li>\n        <li class=\"page-item \"><a href=\"https:\/\/www.vhsag.ch\/of\/events\/?welante[page]=2\" class=\"page-link\">2<\/a><\/li>\n        <li class=\"page-item \"><a href=\"https:\/\/www.vhsag.ch\/of\/events\/?welante[page]=3\" class=\"page-link\">3<\/a><\/li>\n        <li class=\"page-item\"><a class=\"page-link\" href=\"https:\/\/www.vhsag.ch\/of\/events\/?welante[page]=2\">&gt;<\/a><\/li>\n      <\/ul>\n    <\/nav>\n  <\/div>\n<\/div>\n\n","protected":false},"excerpt":{"rendered":"","protected":false},"author":1,"featured_media":0,"parent":0,"menu_order":0,"comment_status":"closed","ping_status":"closed","template":"","meta":{"footnotes":""},"class_list":["post-12","page","type-page","status-publish","hentry"],"_links":{"self":[{"href":"https:\/\/www.vhsag.ch\/of\/wp-json\/wp\/v2\/pages\/12","targetHints":{"allow":["GET"]}}],"collection":[{"href":"https:\/\/www.vhsag.ch\/of\/wp-json\/wp\/v2\/pages"}],"about":[{"href":"https:\/\/www.vhsag.ch\/of\/wp-json\/wp\/v2\/types\/page"}],"author":[{"embeddable":true,"href":"https:\/\/www.vhsag.ch\/of\/wp-json\/wp\/v2\/users\/1"}],"replies":[{"embeddable":true,"href":"https:\/\/www.vhsag.ch\/of\/wp-json\/wp\/v2\/comments?post=12"}],"version-history":[{"count":1,"href":"https:\/\/www.vhsag.ch\/of\/wp-json\/wp\/v2\/pages\/12\/revisions"}],"predecessor-version":[{"id":14,"href":"https:\/\/www.vhsag.ch\/of\/wp-json\/wp\/v2\/pages\/12\/revisions\/14"}],"wp:attachment":[{"href":"https:\/\/www.vhsag.ch\/of\/wp-json\/wp\/v2\/media?parent=12"}],"curies":[{"name":"wp","href":"https:\/\/api.w.org\/{rel}","templated":true}]}}