{"id":5,"date":"2022-06-22T10:31:50","date_gmt":"2022-06-22T08:31:50","guid":{"rendered":"https:\/\/www.vhsag.ch\/bremgarten\/?page_id=5"},"modified":"2022-07-06T11:58:10","modified_gmt":"2022-07-06T09:58:10","slug":"events","status":"publish","type":"page","link":"https:\/\/www.vhsag.ch\/bremgarten\/events\/","title":{"rendered":"Veranstaltungen"},"content":{"rendered":"<div class=\"row\" style=\"margin-top:10px;line-height:40px;\">\n  <nav class=\"navbar navbar-expand-lg navbar-light bg-light\" style=\"width: 100%;\">\n    <a class=\"navbar-brand\" href=\"#\">Auswahl<\/a>\n    <button class=\"navbar-toggler\" type=\"button\" data-toggle=\"collapse\" data-target=\"#navbarNavDropdown\" aria-controls=\"navbarNavDropdown\" aria-expanded=\"false\" aria-label=\"Toggle navigation\">\n    <span class=\"navbar-toggler-icon\"><\/span>\n    <\/button>\n    <div class=\"collapse navbar-collapse\" id=\"navbarNavDropdown\" style=\"justify-content: space-between;\">\n      <ul class=\"navbar-nav\">\n        <li class=\"nav-item dropdown\" style=\"margin-left:15px;\">\n          <a class=\"nav-link dropdown-toggle\" href=\"#\" id=\"navbarDropdownMenuLink\" data-toggle=\"dropdown\" aria-haspopup=\"true\" aria-expanded=\"false\">\n            Monat          <\/a>\n          <div class=\"dropdown-menu\" aria-labelledby=\"navbarDropdownMenuLink\">\n            <a class=\"dropdown-item\" href=\"https:\/\/www.vhsag.ch\/bremgarten\/events\/?welante[datemonth]=2026-05\">Mai '26<\/a>\n            <a class=\"dropdown-item\" href=\"https:\/\/www.vhsag.ch\/bremgarten\/events\/?welante[datemonth]=2026-08\">Aug '26<\/a>\n            <a class=\"dropdown-item\" href=\"https:\/\/www.vhsag.ch\/bremgarten\/events\/?welante[datemonth]=2026-09\">Sep '26<\/a>\n            <a class=\"dropdown-item\" href=\"https:\/\/www.vhsag.ch\/bremgarten\/events\/?welante[datemonth]=2026-10\">Okt '26<\/a>\n            <a class=\"dropdown-item\" href=\"https:\/\/www.vhsag.ch\/bremgarten\/events\/?welante[datemonth]=2026-11\">Nov '26<\/a>\n            <a class=\"dropdown-item\" href=\"https:\/\/www.vhsag.ch\/bremgarten\/events\/?welante[datemonth]=2027-01\">Jan '27<\/a>\n            <a class=\"dropdown-item\" href=\"https:\/\/www.vhsag.ch\/bremgarten\/events\/?welante[datemonth]=2027-03\">M\u00e4r '27<\/a>\n          <\/div>\n        <\/li>\n        <li class=\"nav-item dropdown\" style=\"margin-left:15px;\">\n          <a class=\"nav-link dropdown-toggle\" href=\"#\" id=\"navbarDropdownMenuLink\" data-toggle=\"dropdown\" aria-haspopup=\"true\" aria-expanded=\"false\">\n            Kategorie          <\/a>\n          <div class=\"dropdown-menu\" aria-labelledby=\"navbarDropdownMenuLink\">\n            <a class=\"dropdown-item\" href=\"https:\/\/www.vhsag.ch\/bremgarten\/events\/?welante[category]=schwerpunkt-aargau\">Schwerpunkt Aargau<\/a>\n            <a class=\"dropdown-item\" href=\"https:\/\/www.vhsag.ch\/bremgarten\/events\/?welante[category]=reisen\">L\u00e4nder, Menschen, Reisen<\/a>\n            <a class=\"dropdown-item\" href=\"https:\/\/www.vhsag.ch\/bremgarten\/events\/?welante[category]=natur-technik\">Natur, Technik, Wirtschaft<\/a>\n            <a class=\"dropdown-item\" href=\"https:\/\/www.vhsag.ch\/bremgarten\/events\/?welante[category]=gesundheit\">Gesundheit<\/a>\n            <a class=\"dropdown-item\" href=\"https:\/\/www.vhsag.ch\/bremgarten\/events\/?welante[category]=bildung-erziehung\">Bildung, Erziehung, Lebenshilfe<\/a>\n            <a class=\"dropdown-item\" href=\"https:\/\/www.vhsag.ch\/bremgarten\/events\/?welante[category]=medien\">Medien<\/a>\n            <a class=\"dropdown-item\" href=\"https:\/\/www.vhsag.ch\/bremgarten\/events\/?welante[category]=kreativitaet\">Kreativit\u00e4t<\/a>\n            <a class=\"dropdown-item\" href=\"https:\/\/www.vhsag.ch\/bremgarten\/events\/?welante[category]=grundkompetenzen\">Grundkompetenzen<\/a>\n            <a class=\"dropdown-item\" href=\"https:\/\/www.vhsag.ch\/bremgarten\/events\/?welante[category]=sprachen\">Sprachen<\/a>\n            <a class=\"dropdown-item\" href=\"https:\/\/www.vhsag.ch\/bremgarten\/events\/?welante[category]=kulinarik\">Kulinarik<\/a>\n            <a class=\"dropdown-item\" href=\"https:\/\/www.vhsag.ch\/bremgarten\/events\/?welante[category]=gesellschaft-politik\">Gesellschaft, Politik, Geschichte<\/a>\n            <a class=\"dropdown-item\" href=\"https:\/\/www.vhsag.ch\/bremgarten\/events\/?welante[category]=musik-kunst-kultur\">Musik, Literatur, Kunst, Philosophie<\/a>\n          <\/div>\n        <\/li>\n        <li class=\"nav-item dropdown\" style=\"margin-left:15px;\">\n          <a class=\"nav-link dropdown-toggle\" href=\"#\" id=\"navbarDropdownMenuLink\" data-toggle=\"dropdown\" aria-haspopup=\"true\" aria-expanded=\"false\">\n            K\u00fcnftig          <\/a>\n          <div class=\"dropdown-menu\" aria-labelledby=\"navbarDropdownMenuLink\">\n            <a class=\"dropdown-item\" href=\"https:\/\/www.vhsag.ch\/bremgarten\/events\/?welante[starttime]=all\">Alle<\/a>\n            <a class=\"dropdown-item\" href=\"https:\/\/www.vhsag.ch\/bremgarten\/events\/?welante[starttime]=future\">K\u00fcnftig<\/a>\n            <a class=\"dropdown-item\" href=\"https:\/\/www.vhsag.ch\/bremgarten\/events\/?welante[starttime]=runningfuture\">Laufend & k\u00fcnftig<\/a>\n            <a class=\"dropdown-item\" href=\"https:\/\/www.vhsag.ch\/bremgarten\/events\/?welante[starttime]=past\">Vorbei<\/a>\n          <\/div>\n        <\/li>\n        <li class=\"nav-item dropdown\" style=\"margin-left:15px;\">\n          <a class=\"nav-link dropdown-toggle\" href=\"#\" id=\"navbarDropdownMenuLink\" data-toggle=\"dropdown\" aria-haspopup=\"true\" aria-expanded=\"false\">\n            Wochentag          <\/a>\n          <div class=\"dropdown-menu\" aria-labelledby=\"navbarDropdownMenuLink\">\n            <a class=\"dropdown-item\" href=\"https:\/\/www.vhsag.ch\/bremgarten\/events\/?welante[startday][]=mo\">Montag<\/a>\n            <a class=\"dropdown-item\" href=\"https:\/\/www.vhsag.ch\/bremgarten\/events\/?welante[startday][]=tu\">Dienstag<\/a>\n            <a class=\"dropdown-item\" href=\"https:\/\/www.vhsag.ch\/bremgarten\/events\/?welante[startday][]=we\">Mittwoch<\/a>\n            <a class=\"dropdown-item\" href=\"https:\/\/www.vhsag.ch\/bremgarten\/events\/?welante[startday][]=th\">Donnerstag<\/a>\n            <a class=\"dropdown-item\" href=\"https:\/\/www.vhsag.ch\/bremgarten\/events\/?welante[startday][]=fr\">Freitag<\/a>\n            <a class=\"dropdown-item\" href=\"https:\/\/www.vhsag.ch\/bremgarten\/events\/?welante[startday][]=sa\">Samstag<\/a>\n            <a class=\"dropdown-item\" href=\"https:\/\/www.vhsag.ch\/bremgarten\/events\/?welante[startday][]=su\">Sonntag<\/a>\n          <\/div>\n        <\/li>\n      <\/ul>\n      <form method=\"GET\" action=\"\" id=\"course_filter_form\" class=\"form-inline my-2 my-lg-0\">\n        <input class=\"form-control mr-sm-2\" type=\"search\" name=\"welante[keyword]\" value=\"\" placeholder=\"oder suchen ...\" aria-label=\"Search\">\n        <button class=\"btn btn-outline-success my-2 my-sm-0\" type=\"submit\">Go!<\/button>\n      <\/form>\n    <\/div>\n  <\/nav>\n<\/div>\n\n\n\n\n<div class=\"row\">\n  <div class=\"col-sm-12 sv-header-count-events\">\n    <strong>32<\/strong> Veranstaltungen gefunden <span style=\"font-size: 60%\">(<a href=\"https:\/\/www.vhsag.ch\/bremgarten\/events\/\">Zur\u00fccksetzen<\/a>)<\/span>\n  <\/div>\n<\/div>\n<div class=\"row\">\n  <div class=\"col-md-12 mt-2 mb-2\" style=\"justify-content: center\">\n    <nav aria-label=\"Page navigation example\">\n      <ul class=\"pagination\" style=\"justify-content: center;\">\n        <li class=\"page-item active\"><a href=\"https:\/\/www.vhsag.ch\/bremgarten\/events\/\" class=\"page-link\">1<\/a><\/li>\n        <li class=\"page-item \"><a href=\"https:\/\/www.vhsag.ch\/bremgarten\/events\/?welante[page]=2\" class=\"page-link\">2<\/a><\/li>\n        <li class=\"page-item \"><a href=\"https:\/\/www.vhsag.ch\/bremgarten\/events\/?welante[page]=3\" class=\"page-link\">3<\/a><\/li>\n        <li class=\"page-item\"><a class=\"page-link\" href=\"https:\/\/www.vhsag.ch\/bremgarten\/events\/?welante[page]=2\">&gt;<\/a><\/li>\n      <\/ul>\n    <\/nav>\n  <\/div>\n<div class=\"col-sm-6 sv-div-defpad course-click\" style=\"cursor:pointer;\" data-url=\"\/bremgarten\/events\/kursdetail\/besuch-in-der-zweifel-genusswerkstatt\/25-26-189\/\">\n  <img decoding=\"async\" src=\"\/vhsbremgarten\/EventImages\/Zweifel.jpg\" class=\"img-fluid sv-image-base\">\n  <div class=\"row\" style=\"background-color:#eeeeee;margin-right:0px;margin-left:0px;border-bottom:3px solid #ffffff;border-top:3px solid #ffffff;\">\n    <div class=\"sv-2nd-date\">05.05.<\/div>\n    <div class=\"sv-2nd-region-first\">Spreitenbach<\/div>\n  <\/div>\n  <div class=\"sv-text-back\" style=\"position:relative;\">\n    <p class=\"sv-2nd-header\"><a href=\"\/bremgarten\/events\/kursdetail\/besuch-in-der-zweifel-genusswerkstatt\/25-26-189\/\">Besuch in der Zweifel Genusswerkstatt<\/a><\/p>\n    <hr class=\"sv-hr-base\">\n    <div class=\"sv-2nd-text\">Sie wollten schon immer wissen, woher die Zweifelchips kommen? Auf dieser F\u00fchrung erfahren Sie alles, von der Kartoffel bis zur prall gef\u00fcllten Chipst\u00fcte!<\/div>\n  <div style=\"position:absolute;bottom:15px;right:25px;color:#bbbbbb;line-height:30px;font-weight:400;\">\n  <!--      Art | <strong>Vortrag<\/strong>-->\n  <\/div>\n  <\/div>\n<\/div>\n<div class=\"col-sm-6 sv-div-defpad course-click\" style=\"cursor:pointer;\" data-url=\"\/bremgarten\/events\/kursdetail\/besuch-des-briefzentrums-zuerich-muelligen\/25-26-135\/\">\n  <img decoding=\"async\" src=\"\/vhsbremgarten\/EventImages\/Post.jpg\" class=\"img-fluid sv-image-base\">\n  <div class=\"row\" style=\"background-color:#eeeeee;margin-right:0px;margin-left:0px;border-bottom:3px solid #ffffff;border-top:3px solid #ffffff;\">\n    <div class=\"sv-2nd-date\">07.05.<\/div>\n    <div class=\"sv-2nd-region-first\">Z\u00fcrich<\/div>\n  <\/div>\n  <div class=\"sv-text-back\" style=\"position:relative;\">\n    <p class=\"sv-2nd-header\"><a href=\"\/bremgarten\/events\/kursdetail\/besuch-des-briefzentrums-zuerich-muelligen\/25-26-135\/\">Besuch des Briefzentrums Z\u00fcrich M\u00fclligen<\/a><\/p>\n    <hr class=\"sv-hr-base\">\n    <div class=\"sv-2nd-text\">Entdecken Sie, wie Millionen Briefe t\u00e4glich ihren Weg finden.<\/div>\n  <div style=\"position:absolute;bottom:15px;right:25px;color:#bbbbbb;line-height:30px;font-weight:400;\">\n  <!--      Art | <strong>Vortrag<\/strong>-->\n  <\/div>\n  <\/div>\n<\/div>\n<div class=\"col-sm-6 sv-div-defpad course-click\" style=\"cursor:pointer;\" data-url=\"\/bremgarten\/events\/kursdetail\/mezze\/25-26-183\/\">\n  <img decoding=\"async\" src=\"\/vhsbremgarten\/EventImages\/Mezze.jpg\" class=\"img-fluid sv-image-base\">\n  <div class=\"row\" style=\"background-color:#eeeeee;margin-right:0px;margin-left:0px;border-bottom:3px solid #ffffff;border-top:3px solid #ffffff;\">\n    <div class=\"sv-2nd-date\">09.05.<\/div>\n    <div class=\"sv-2nd-region-first\">Bremgarten<\/div>\n  <\/div>\n  <div class=\"sv-text-back\" style=\"position:relative;\">\n    <p class=\"sv-2nd-header\"><a href=\"\/bremgarten\/events\/kursdetail\/mezze\/25-26-183\/\">Mezze<\/a><\/p>\n    <hr class=\"sv-hr-base\">\n    <div class=\"sv-2nd-text\">Grossartig sind sie, die kleinen, k\u00f6stlichen Speisen aus dem Orient. Freuen Sie sich auf einen Morgen voller Genuss und Lebensfreude und somit einen hervorragenden Einstieg ins Wochenende.<\/div>\n  <div style=\"position:absolute;bottom:15px;right:25px;color:#bbbbbb;line-height:30px;font-weight:400;\">\n  <!--      Art | <strong>Vortrag<\/strong>-->\n  <\/div>\n  <\/div>\n<\/div>\n<div class=\"col-sm-6 sv-div-defpad course-click\" style=\"cursor:pointer;\" data-url=\"\/bremgarten\/events\/kursdetail\/fuehrung-durch-das-kloster-muri\/25-26-140\/\">\n  <img decoding=\"async\" src=\"\/vhsbremgarten\/EventImages\/2004-Muri-Klosterkirche.jpg\" class=\"img-fluid sv-image-base\">\n  <div class=\"row\" style=\"background-color:#eeeeee;margin-right:0px;margin-left:0px;border-bottom:3px solid #ffffff;border-top:3px solid #ffffff;\">\n    <div class=\"sv-2nd-date\">12.05.<\/div>\n    <div class=\"sv-2nd-region-first\">Muri<\/div>\n  <\/div>\n  <div class=\"sv-text-back\" style=\"position:relative;\">\n    <p class=\"sv-2nd-header\"><a href=\"\/bremgarten\/events\/kursdetail\/fuehrung-durch-das-kloster-muri\/25-26-140\/\">F\u00fchrung durch das Kloster Muri<\/a><\/p>\n    <hr class=\"sv-hr-base\">\n    <div class=\"sv-2nd-text\">Lernen Sie w\u00e4hrend dieser spannenden F\u00fchrung die Geschichte des Klosters Muri und seine Bedeutung weit \u00fcber die Region hinaus kennen.<\/div>\n  <div style=\"position:absolute;bottom:15px;right:25px;color:#bbbbbb;line-height:30px;font-weight:400;\">\n  <!--      Art | <strong>Vortrag<\/strong>-->\n  <\/div>\n  <\/div>\n<\/div>\n<div class=\"col-sm-6 sv-div-defpad course-click\" style=\"cursor:pointer;\" data-url=\"\/bremgarten\/events\/kursdetail\/english-conversation-cafe\/25-26-366b\/\">\n  <img decoding=\"async\" src=\"\/vhsbremgarten\/EventImages\/london-2393098_1920.jpg\" class=\"img-fluid sv-image-base\">\n  <div class=\"row\" style=\"background-color:#eeeeee;margin-right:0px;margin-left:0px;border-bottom:3px solid #ffffff;border-top:3px solid #ffffff;\">\n    <div class=\"sv-2nd-date\">13.05.<\/div>\n    <div class=\"sv-2nd-region-first\">Bremgarten<\/div>\n  <\/div>\n  <div class=\"sv-text-back\" style=\"position:relative;\">\n    <p class=\"sv-2nd-header\"><a href=\"\/bremgarten\/events\/kursdetail\/english-conversation-cafe\/25-26-366b\/\">English Conversation Caf\u00e9<\/a><\/p>\n    <hr class=\"sv-hr-base\">\n    <div class=\"sv-2nd-text\">Weekly conversation group in a relaxed caf\u00e9 setting. Ideal for B1+\/B2 learners who want to improve fluency while enjoying coffee and engaging discussions.<\/div>\n  <div style=\"position:absolute;bottom:15px;right:25px;color:#bbbbbb;line-height:30px;font-weight:400;\">\n  <!--      Art | <strong>Vortrag<\/strong>-->\n  <\/div>\n  <\/div>\n<\/div>\n<div class=\"col-sm-6 sv-div-defpad course-click\" style=\"cursor:pointer;\" data-url=\"\/bremgarten\/events\/kursdetail\/fuehrung-in-der-schaukarderei\/25-26-110\/\">\n  <img decoding=\"async\" src=\"\/vhsbremgarten\/EventImages\/KArderei.jpg\" class=\"img-fluid sv-image-base\">\n  <div class=\"row\" style=\"background-color:#eeeeee;margin-right:0px;margin-left:0px;border-bottom:3px solid #ffffff;border-top:3px solid #ffffff;\">\n    <div class=\"sv-2nd-date\">13.05.<\/div>\n    <div class=\"sv-2nd-region-first\">Schwarzenbach (Huttwil)<\/div>\n  <\/div>\n  <div class=\"sv-text-back\" style=\"position:relative;\">\n    <p class=\"sv-2nd-header\"><a href=\"\/bremgarten\/events\/kursdetail\/fuehrung-in-der-schaukarderei\/25-26-110\/\">F\u00fchrung in der Schaukarderei<\/a><\/p>\n    <hr class=\"sv-hr-base\">\n    <div class=\"sv-2nd-text\">Einblick in die Wollverarbeitung von A bis Z:\r\nBei einer F\u00fchrung in Huttwil erleben Sie den Weg der Wolle \u2013 traditionelles Handwerk zum Anfassen, verst\u00e4ndlich erkl\u00e4rt und anschaulich gezeigt.<\/div>\n  <div style=\"position:absolute;bottom:15px;right:25px;color:#bbbbbb;line-height:30px;font-weight:400;\">\n  <!--      Art | <strong>Vortrag<\/strong>-->\n  <\/div>\n  <\/div>\n<\/div>\n<div class=\"col-sm-6 sv-div-defpad course-click\" style=\"cursor:pointer;\" data-url=\"\/bremgarten\/events\/kursdetail\/toepferkurs-troll\/25-26-111b\/\">\n  <img decoding=\"async\" src=\"\/vhsbremgarten\/EventImages\/TRoll.jpg\" class=\"img-fluid sv-image-base\">\n  <div class=\"row\" style=\"background-color:#eeeeee;margin-right:0px;margin-left:0px;border-bottom:3px solid #ffffff;border-top:3px solid #ffffff;\">\n    <div class=\"sv-2nd-date\">20.05.<\/div>\n    <div class=\"sv-2nd-region-first\">Zufikon<\/div>\n  <\/div>\n  <div class=\"sv-text-back\" style=\"position:relative;\">\n    <p class=\"sv-2nd-header\"><a href=\"\/bremgarten\/events\/kursdetail\/toepferkurs-troll\/25-26-111b\/\">T\u00f6pferkurs \u2013 Troll<\/a><\/p>\n    <hr class=\"sv-hr-base\">\n    <div class=\"sv-2nd-text\">T\u00f6pfern Sie Ihren eigenen Troll!<\/div>\n  <div style=\"position:absolute;bottom:15px;right:25px;color:#bbbbbb;line-height:30px;font-weight:400;\">\n  <!--      Art | <strong>Vortrag<\/strong>-->\n  <\/div>\n  <\/div>\n<\/div>\n<div class=\"col-sm-6 sv-div-defpad course-click\" style=\"cursor:pointer;\" data-url=\"\/bremgarten\/events\/kursdetail\/vom-blumenfeld-zum-meisterwerk\/25-26-109\/\">\n  <img decoding=\"async\" src=\"\/vhsbremgarten\/EventImages\/Strauss.jpg\" class=\"img-fluid sv-image-base\">\n  <div class=\"row\" style=\"background-color:#eeeeee;margin-right:0px;margin-left:0px;border-bottom:3px solid #ffffff;border-top:3px solid #ffffff;\">\n    <div class=\"sv-2nd-date\">21.05.<\/div>\n    <div class=\"sv-2nd-region-first\">Bremgarten AG<\/div>\n  <\/div>\n  <div class=\"sv-text-back\" style=\"position:relative;\">\n    <p class=\"sv-2nd-header\"><a href=\"\/bremgarten\/events\/kursdetail\/vom-blumenfeld-zum-meisterwerk\/25-26-109\/\">Vom Blumenfeld zum Meisterwerk<\/a><\/p>\n    <hr class=\"sv-hr-base\">\n    <div class=\"sv-2nd-text\">Frisch gepfl\u00fcckt, kreativ gebunden: Unter freiem Himmel w\u00e4hlen Sie Ihre Lieblingsblumen selbst aus.\r\nMit floristischem Know-how und Naturmaterialien gestalten Sie Ihren ganz pers\u00f6nlichen Strauss.\r\nEin sinnliches Erlebnis zwischen Blumenfeld und Werkstatt \u2013 einzigartig und stimmungsvoll.<\/div>\n  <div style=\"position:absolute;bottom:15px;right:25px;color:#bbbbbb;line-height:30px;font-weight:400;\">\n  <!--      Art | <strong>Vortrag<\/strong>-->\n  <\/div>\n  <\/div>\n<\/div>\n<div class=\"col-sm-6 sv-div-defpad course-click\" style=\"cursor:pointer;\" data-url=\"\/bremgarten\/events\/kursdetail\/urban-sketchen-im-staedtli\/25-26-147\/\">\n  <img decoding=\"async\" src=\"\/vhsbremgarten\/EventImages\/Kurs-Urban-sketchen-in-Sta\u0308dtli.jpg\" class=\"img-fluid sv-image-base\">\n  <div class=\"row\" style=\"background-color:#eeeeee;margin-right:0px;margin-left:0px;border-bottom:3px solid #ffffff;border-top:3px solid #ffffff;\">\n    <div class=\"sv-2nd-date\">27.05.<\/div>\n    <div class=\"sv-2nd-region-first\">Bremgarten<\/div>\n  <\/div>\n  <div class=\"sv-text-back\" style=\"position:relative;\">\n    <p class=\"sv-2nd-header\"><a href=\"\/bremgarten\/events\/kursdetail\/urban-sketchen-im-staedtli\/25-26-147\/\">Urban Sketchen im St\u00e4dtli<\/a><\/p>\n    <hr class=\"sv-hr-base\">\n    <div class=\"sv-2nd-text\">Ausger\u00fcstet mit Aquarellfarben, ein paar Stiften und einem Klappstuhl streifen wir durch das St\u00e4dtchen und f\u00fcllen dabei unsere Skizzenb\u00fccher mit eindrucksvollen Zeichnungen<\/div>\n  <div style=\"position:absolute;bottom:15px;right:25px;color:#bbbbbb;line-height:30px;font-weight:400;\">\n  <!--      Art | <strong>Vortrag<\/strong>-->\n  <\/div>\n  <\/div>\n<\/div>\n<div class=\"col-sm-6 sv-div-defpad course-click\" style=\"cursor:pointer;\" data-url=\"\/bremgarten\/events\/kursdetail\/authentische-thailaendische-kueche\/26-27-171\/\">\n  <img decoding=\"async\" src=\"\/vhsbremgarten\/EventImages\/thai-basil-2996229_1920.jpg\" class=\"img-fluid sv-image-base\">\n  <div class=\"row\" style=\"background-color:#eeeeee;margin-right:0px;margin-left:0px;border-bottom:3px solid #ffffff;border-top:3px solid #ffffff;\">\n    <div class=\"sv-2nd-date\">27.08.<\/div>\n    <div class=\"sv-2nd-region-first\">Bremgarten<\/div>\n  <\/div>\n  <div class=\"sv-text-back\" style=\"position:relative;\">\n    <p class=\"sv-2nd-header\"><a href=\"\/bremgarten\/events\/kursdetail\/authentische-thailaendische-kueche\/26-27-171\/\">Authentische thail\u00e4ndische K\u00fcche<\/a><\/p>\n    <hr class=\"sv-hr-base\">\n    <div class=\"sv-2nd-text\">Kochen wie in Thailand!<\/div>\n  <div style=\"position:absolute;bottom:15px;right:25px;color:#bbbbbb;line-height:30px;font-weight:400;\">\n  <!--      Art | <strong>Vortrag<\/strong>-->\n  <\/div>\n  <\/div>\n<\/div>\n<div class=\"col-sm-6 sv-div-defpad course-click\" style=\"cursor:pointer;\" data-url=\"\/bremgarten\/events\/kursdetail\/fuehrung-durch-die-fischzucht-in-bremgarten\/26-27-108\/\">\n  <img decoding=\"async\" src=\"\/vhsbremgarten\/EventImages\/Fischzucht.jpg\" class=\"img-fluid sv-image-base\">\n  <div class=\"row\" style=\"background-color:#eeeeee;margin-right:0px;margin-left:0px;border-bottom:3px solid #ffffff;border-top:3px solid #ffffff;\">\n    <div class=\"sv-2nd-date\">10.09.<\/div>\n    <div class=\"sv-2nd-region-first\">Bremgarten<\/div>\n  <\/div>\n  <div class=\"sv-text-back\" style=\"position:relative;\">\n    <p class=\"sv-2nd-header\"><a href=\"\/bremgarten\/events\/kursdetail\/fuehrung-durch-die-fischzucht-in-bremgarten\/26-27-108\/\">F\u00fchrung durch die Fischzucht in Bremgarten<\/a><\/p>\n    <hr class=\"sv-hr-base\">\n    <div class=\"sv-2nd-text\">Ein traditionsreicher Betrieb \u00f6ffnet wiederum seine Pforten f\u00fcr Sie.<\/div>\n  <div style=\"position:absolute;bottom:15px;right:25px;color:#bbbbbb;line-height:30px;font-weight:400;\">\n  <!--      Art | <strong>Vortrag<\/strong>-->\n  <\/div>\n  <\/div>\n<\/div>\n<div class=\"col-sm-6 sv-div-defpad course-click\" style=\"cursor:pointer;\" data-url=\"\/bremgarten\/events\/kursdetail\/tavolata-italiana-am-abend\/26-27-106a\/\">\n  <img decoding=\"async\" src=\"\/vhsbremgarten\/EventImages\/Tavolata.jpg\" class=\"img-fluid sv-image-base\">\n  <div class=\"row\" style=\"background-color:#eeeeee;margin-right:0px;margin-left:0px;border-bottom:3px solid #ffffff;border-top:3px solid #ffffff;\">\n    <div class=\"sv-2nd-date\">14.09.<\/div>\n    <div class=\"sv-2nd-region-first\">Bremgarten<\/div>\n  <\/div>\n  <div class=\"sv-text-back\" style=\"position:relative;\">\n    <p class=\"sv-2nd-header\"><a href=\"\/bremgarten\/events\/kursdetail\/tavolata-italiana-am-abend\/26-27-106a\/\">Tavolata italiana am Abend<\/a><\/p>\n    <hr class=\"sv-hr-base\">\n    <div class=\"sv-2nd-text\">Erleben Sie einen genussvollen und lehrreichen Abend in angenehmer Runde!<\/div>\n  <div style=\"position:absolute;bottom:15px;right:25px;color:#bbbbbb;line-height:30px;font-weight:400;\">\n  <!--      Art | <strong>Vortrag<\/strong>-->\n  <\/div>\n  <\/div>\n<\/div>\n  <div class=\"col-md-12\" style=\"justify-content: center\">\n    <nav aria-label=\"Page navigation example\">\n      <ul class=\"pagination\" style=\"justify-content: center;\">\n        <li class=\"page-item active\"><a href=\"https:\/\/www.vhsag.ch\/bremgarten\/events\/\" class=\"page-link\">1<\/a><\/li>\n        <li class=\"page-item \"><a href=\"https:\/\/www.vhsag.ch\/bremgarten\/events\/?welante[page]=2\" class=\"page-link\">2<\/a><\/li>\n        <li class=\"page-item \"><a href=\"https:\/\/www.vhsag.ch\/bremgarten\/events\/?welante[page]=3\" class=\"page-link\">3<\/a><\/li>\n        <li class=\"page-item\"><a class=\"page-link\" href=\"https:\/\/www.vhsag.ch\/bremgarten\/events\/?welante[page]=2\">&gt;<\/a><\/li>\n      <\/ul>\n    <\/nav>\n  <\/div>\n<\/div>\n\n","protected":false},"excerpt":{"rendered":"","protected":false},"author":1,"featured_media":0,"parent":0,"menu_order":0,"comment_status":"closed","ping_status":"closed","template":"","meta":{"footnotes":""},"class_list":["post-5","page","type-page","status-publish","hentry"],"_links":{"self":[{"href":"https:\/\/www.vhsag.ch\/bremgarten\/wp-json\/wp\/v2\/pages\/5","targetHints":{"allow":["GET"]}}],"collection":[{"href":"https:\/\/www.vhsag.ch\/bremgarten\/wp-json\/wp\/v2\/pages"}],"about":[{"href":"https:\/\/www.vhsag.ch\/bremgarten\/wp-json\/wp\/v2\/types\/page"}],"author":[{"embeddable":true,"href":"https:\/\/www.vhsag.ch\/bremgarten\/wp-json\/wp\/v2\/users\/1"}],"replies":[{"embeddable":true,"href":"https:\/\/www.vhsag.ch\/bremgarten\/wp-json\/wp\/v2\/comments?post=5"}],"version-history":[{"count":3,"href":"https:\/\/www.vhsag.ch\/bremgarten\/wp-json\/wp\/v2\/pages\/5\/revisions"}],"predecessor-version":[{"id":61,"href":"https:\/\/www.vhsag.ch\/bremgarten\/wp-json\/wp\/v2\/pages\/5\/revisions\/61"}],"wp:attachment":[{"href":"https:\/\/www.vhsag.ch\/bremgarten\/wp-json\/wp\/v2\/media?parent=5"}],"curies":[{"name":"wp","href":"https:\/\/api.w.org\/{rel}","templated":true}]}}